{"id":469646,"date":"2024-05-07T16:37:45","date_gmt":"2024-05-07T14:37:45","guid":{"rendered":"https:\/\/www.speedcube.nl\/?post_type=product&#038;p=469646"},"modified":"2026-05-01T05:01:03","modified_gmt":"2026-05-01T03:01:03","slug":"metal-earth-premium-serie-apollo-11-astronaut","status":"publish","type":"product","link":"https:\/\/www.speedcube.nl\/de\/modellbau\/weltraum\/metal-earth-premium-serie-apollo-11-astronaut\/","title":{"rendered":"Metal Earth Premium Serie &#8211; Apollo 11 Astronaut"},"content":{"rendered":"<p>Am 20. Juli des Jahres 1969 erreichten die Astronauten Neil Armstrong und Edwin (Buzz) Aldrin als erste den Mond. Dank ihrer NASA-Raumanz\u00fcge konnten sie mehr als zwei Stunden lang auf der Mondoberfl\u00e4che herumlaufen, wo die Temperaturen zwischen -183 und 106 Grad Celsius schwankten. Nach ihrer Erkundung kehrten Armstrong und Aldrin in die Mondlandef\u00e4hre zur\u00fcck und stie\u00dfen mit ihrem Kollegen Michael Collins im Servicemodul zusammen, bevor sie sicher zur Erde zur\u00fcckkehrten. Dieses Modell besteht aus 2,5 Bl\u00e4ttern.<\/p>\n","protected":false},"excerpt":{"rendered":"<p>METALLERDE<\/p>\n","protected":false},"featured_media":469631,"template":"","meta":{"_improvement_type_select":"improve_an_existing","_thumb_yes_seoaic":false,"_frame_yes_seoaic":false,"seoaic_generate_description":"","seoaic_improve_instructions_prompt":"","seoaic_rollback_content_improvement":"","seoaic_idea_thumbnail_generator":"","thumbnail_generated":false,"thumbnail_generate_prompt":"","seoaic_article_description":"","product-afmeting-lengte-mm":"77","product-afmeting-breedte-mm":"77","product-afmeting-hoogte-mm":"135"},"product_brand":[],"product_cat":[1500,1714,1720,1499,2973],"product_tag":[],"class_list":{"0":"post-469646","1":"product","2":"type-product","3":"status-publish","4":"has-post-thumbnail","6":"product_cat-baukasten-fur-erwachsene","7":"product_cat-metall-erde","8":"product_cat-metallbaukasten","9":"product_cat-modellbau","10":"product_cat-weltraum","11":"pa_merken-metallerde","13":"first","14":"instock","15":"taxable","16":"shipping-taxable","17":"purchasable","18":"product-type-simple"},"df_price":34.95,"df_sale_price":"","df_regular_price":34.95,"df_image_link":"https:\/\/www.speedcube.nl\/wp-content\/uploads\/2024\/05\/Productvisuals_Modelbouw-Metal-Earth-Premium-Series-Apollo-11-Astronaut--285x300.jpg","_links":{"self":[{"href":"https:\/\/www.speedcube.nl\/de\/wp-json\/wp\/v2\/product\/469646","targetHints":{"allow":["GET"]}}],"collection":[{"href":"https:\/\/www.speedcube.nl\/de\/wp-json\/wp\/v2\/product"}],"about":[{"href":"https:\/\/www.speedcube.nl\/de\/wp-json\/wp\/v2\/types\/product"}],"version-history":[{"count":0,"href":"https:\/\/www.speedcube.nl\/de\/wp-json\/wp\/v2\/product\/469646\/revisions"}],"wp:featuredmedia":[{"embeddable":true,"href":"https:\/\/www.speedcube.nl\/de\/wp-json\/wp\/v2\/media\/469631"}],"wp:attachment":[{"href":"https:\/\/www.speedcube.nl\/de\/wp-json\/wp\/v2\/media?parent=469646"}],"wp:term":[{"taxonomy":"product_brand","embeddable":true,"href":"https:\/\/www.speedcube.nl\/de\/wp-json\/wp\/v2\/product_brand?post=469646"},{"taxonomy":"product_cat","embeddable":true,"href":"https:\/\/www.speedcube.nl\/de\/wp-json\/wp\/v2\/product_cat?post=469646"},{"taxonomy":"product_tag","embeddable":true,"href":"https:\/\/www.speedcube.nl\/de\/wp-json\/wp\/v2\/product_tag?post=469646"}],"curies":[{"name":"wp","href":"https:\/\/api.w.org\/{rel}","templated":true}]}}