{"id":469638,"date":"2024-05-07T16:34:37","date_gmt":"2024-05-07T14:34:37","guid":{"rendered":"https:\/\/www.speedcube.nl\/?post_type=product&#038;p=469638"},"modified":"2026-05-09T05:00:44","modified_gmt":"2026-05-09T03:00:44","slug":"eureka-regenbogen-holzpuzzle-rennwagen","status":"publish","type":"product","link":"https:\/\/www.speedcube.nl\/de\/aanbieding-de\/eureka-regenbogen-holzpuzzle-rennwagen\/","title":{"rendered":"Eureka Regenbogen Holzpuzzle Rennwagen"},"content":{"rendered":"<p data-pm-slice=\"1 1 []\">Lieben Sie Puzzles und Autos? Dann ist das Eureka Rainbow Wooden Puzzle Race Car genau das Richtige f\u00fcr Sie! Mit 110 Teilen formen Sie einen robusten Rennwagen, der keine Herausforderung scheut. Messen Sie sich mit Ihren Freunden und sehen Sie, wer dieses blitzschnelle Auto als Erster zusammenbauen kann. Au\u00dferdem ist dieses Puzzle aus haltbarem Holz gefertigt, was es langlebig macht und es Ihnen erm\u00f6glicht, die gleiche Herausforderung immer wieder zu genie\u00dfen.<\/p>\n","protected":false},"excerpt":{"rendered":"<p>EUREKA<\/p>\n","protected":false},"featured_media":469544,"template":"","meta":{"_improvement_type_select":"improve_an_existing","_thumb_yes_seoaic":false,"_frame_yes_seoaic":false,"seoaic_generate_description":"","seoaic_improve_instructions_prompt":"","seoaic_rollback_content_improvement":"","seoaic_idea_thumbnail_generator":"","thumbnail_generated":false,"thumbnail_generate_prompt":"","seoaic_article_description":"","product-afmeting-lengte-mm":"350","product-afmeting-breedte-mm":"211","product-afmeting-hoogte-mm":"3"},"product_brand":[],"product_cat":[1613,2558],"product_tag":[],"class_list":{"0":"post-469638","1":"product","2":"type-product","3":"status-publish","4":"has-post-thumbnail","6":"product_cat-ratsel-de","7":"product_cat-aanbieding-de","8":"pa_merken-eureka-de-2","10":"first","11":"instock","12":"sale","13":"taxable","14":"shipping-taxable","15":"purchasable","16":"product-type-simple"},"df_price":7.98,"df_sale_price":7.98,"df_regular_price":19.95,"df_image_link":"https:\/\/www.speedcube.nl\/wp-content\/uploads\/2024\/05\/Productvisuals_Puzzels-Eureka-Rainbow-Wooden-Puzzle-Race-Auto-FSC-wood--285x300.jpg","_links":{"self":[{"href":"https:\/\/www.speedcube.nl\/de\/wp-json\/wp\/v2\/product\/469638","targetHints":{"allow":["GET"]}}],"collection":[{"href":"https:\/\/www.speedcube.nl\/de\/wp-json\/wp\/v2\/product"}],"about":[{"href":"https:\/\/www.speedcube.nl\/de\/wp-json\/wp\/v2\/types\/product"}],"version-history":[{"count":0,"href":"https:\/\/www.speedcube.nl\/de\/wp-json\/wp\/v2\/product\/469638\/revisions"}],"wp:featuredmedia":[{"embeddable":true,"href":"https:\/\/www.speedcube.nl\/de\/wp-json\/wp\/v2\/media\/469544"}],"wp:attachment":[{"href":"https:\/\/www.speedcube.nl\/de\/wp-json\/wp\/v2\/media?parent=469638"}],"wp:term":[{"taxonomy":"product_brand","embeddable":true,"href":"https:\/\/www.speedcube.nl\/de\/wp-json\/wp\/v2\/product_brand?post=469638"},{"taxonomy":"product_cat","embeddable":true,"href":"https:\/\/www.speedcube.nl\/de\/wp-json\/wp\/v2\/product_cat?post=469638"},{"taxonomy":"product_tag","embeddable":true,"href":"https:\/\/www.speedcube.nl\/de\/wp-json\/wp\/v2\/product_tag?post=469638"}],"curies":[{"name":"wp","href":"https:\/\/api.w.org\/{rel}","templated":true}]}}