{"id":469635,"date":"2024-05-07T16:38:33","date_gmt":"2024-05-07T14:38:33","guid":{"rendered":"https:\/\/www.speedcube.nl\/?post_type=product&#038;p=469635"},"modified":"2026-05-13T05:11:06","modified_gmt":"2026-05-13T03:11:06","slug":"metall-erde-supermarine-spitfire-2","status":"publish","type":"product","link":"https:\/\/www.speedcube.nl\/de\/aanbieding-de\/metall-erde-supermarine-spitfire-2\/","title":{"rendered":"Metall Erde Supermarine Spitfire"},"content":{"rendered":"<p>Die Supermarine Spitfire von Metal Earth war ein wichtiges britisches Kampfflugzeug, das w\u00e4hrend des Zweiten Weltkriegs in gro\u00dfer St\u00fcckzahl produziert wurde und von strategischer Bedeutung war. Die Spitfire war bekannt f\u00fcr ihre Rolle in der Schlacht um Gro\u00dfbritannien (1940-1941) und wurde an mehreren Fronten eingesetzt. Sie wurde in mehreren Varianten hergestellt und war eines der am meisten produzierten britischen Flugzeuge. Dieses Modell besteht aus 2 Bl\u00e4ttern.<\/p>\n","protected":false},"excerpt":{"rendered":"<p>METALLERDE<\/p>\n","protected":false},"featured_media":469598,"template":"","meta":{"_improvement_type_select":"improve_an_existing","_thumb_yes_seoaic":false,"_frame_yes_seoaic":false,"seoaic_generate_description":"","seoaic_improve_instructions_prompt":"","seoaic_rollback_content_improvement":"","seoaic_idea_thumbnail_generator":"","thumbnail_generated":false,"thumbnail_generate_prompt":"","seoaic_article_description":"","product-afmeting-lengte-mm":"145","product-afmeting-breedte-mm":"120","product-afmeting-hoogte-mm":"45"},"product_brand":[],"product_cat":[1714,1499,2558],"product_tag":[],"class_list":{"0":"post-469635","1":"product","2":"type-product","3":"status-publish","4":"has-post-thumbnail","6":"product_cat-metall-erde","7":"product_cat-modellbau","8":"product_cat-aanbieding-de","9":"pa_merken-metallerde","11":"first","12":"instock","13":"sale","14":"taxable","15":"shipping-taxable","16":"purchasable","17":"product-type-simple"},"df_price":11.97,"df_sale_price":11.97,"df_regular_price":19.95,"df_image_link":"https:\/\/www.speedcube.nl\/wp-content\/uploads\/2024\/05\/Productvisuals_Modelbouw-Metal-Earth-Supermarine-Spitfire-in-Color--285x300.jpg","_links":{"self":[{"href":"https:\/\/www.speedcube.nl\/de\/wp-json\/wp\/v2\/product\/469635","targetHints":{"allow":["GET"]}}],"collection":[{"href":"https:\/\/www.speedcube.nl\/de\/wp-json\/wp\/v2\/product"}],"about":[{"href":"https:\/\/www.speedcube.nl\/de\/wp-json\/wp\/v2\/types\/product"}],"version-history":[{"count":0,"href":"https:\/\/www.speedcube.nl\/de\/wp-json\/wp\/v2\/product\/469635\/revisions"}],"wp:featuredmedia":[{"embeddable":true,"href":"https:\/\/www.speedcube.nl\/de\/wp-json\/wp\/v2\/media\/469598"}],"wp:attachment":[{"href":"https:\/\/www.speedcube.nl\/de\/wp-json\/wp\/v2\/media?parent=469635"}],"wp:term":[{"taxonomy":"product_brand","embeddable":true,"href":"https:\/\/www.speedcube.nl\/de\/wp-json\/wp\/v2\/product_brand?post=469635"},{"taxonomy":"product_cat","embeddable":true,"href":"https:\/\/www.speedcube.nl\/de\/wp-json\/wp\/v2\/product_cat?post=469635"},{"taxonomy":"product_tag","embeddable":true,"href":"https:\/\/www.speedcube.nl\/de\/wp-json\/wp\/v2\/product_tag?post=469635"}],"curies":[{"name":"wp","href":"https:\/\/api.w.org\/{rel}","templated":true}]}}