{"id":469407,"date":"2024-05-06T15:23:06","date_gmt":"2024-05-06T13:23:06","guid":{"rendered":"https:\/\/www.speedcube.nl\/?post_type=product&#038;p=469407"},"modified":"2026-05-03T05:27:18","modified_gmt":"2026-05-03T03:27:18","slug":"rubiks-50-jahrestag-retro-wurfel","status":"publish","type":"product","link":"https:\/\/www.speedcube.nl\/de\/speedcube-de\/rubiks-de\/rubiks-50-jahrestag-retro-wurfel\/","title":{"rendered":"Rubik&#8217;s 50. Jahrestag Retro-W\u00fcrfel"},"content":{"rendered":"<p>Diese Sonderausgabe des Rubik&#8217;s Cube feiert das 50-j\u00e4hrige Jubil\u00e4um von Rubik&#8217;s und versetzt Sie mit seinem Retro-Look in eine andere Zeit. Der Rubik&#8217;s Cube ist ein klassisches Farbpuzzle, das Sie \u00fcberall spielen k\u00f6nnen, egal ob Sie zu Hause oder unterwegs sind. Der originale 3&#215;3-W\u00fcrfel ist ein anspruchsvolles Puzzle, das Puzzle-Fans auf der ganzen Welt seit Jahrzehnten unterh\u00e4lt. Der Rubik&#8217;s Cube hat sechs verschiedene Seiten mit jeweils neun farbigen Quadraten. Das Ziel des Rubik&#8217;s Cube ist es, alle Quadrate wieder zusammenzubringen und jede Seite einfarbig zu machen. Bei den unz\u00e4hligen Optionen f\u00fcr Wendefl\u00e4chen ist nur eine Kombination die richtige L\u00f6sung. Nehmen Sie die Herausforderung an und versuchen Sie, den W\u00fcrfel zu l\u00f6sen, w\u00e4hrend Sie 50 Jahre Puzzlespa\u00df mit Rubik&#8217;s Cube genie\u00dfen!<\/p>\n","protected":false},"excerpt":{"rendered":"<p>RUBIK&#8217;S<\/p>\n","protected":false},"featured_media":469401,"template":"","meta":{"_improvement_type_select":"improve_an_existing","_thumb_yes_seoaic":false,"_frame_yes_seoaic":false,"seoaic_generate_description":"","seoaic_improve_instructions_prompt":"","seoaic_rollback_content_improvement":"","seoaic_idea_thumbnail_generator":"","thumbnail_generated":false,"thumbnail_generate_prompt":"","seoaic_article_description":"","product-afmeting-lengte-mm":"56","product-afmeting-breedte-mm":"56","product-afmeting-hoogte-mm":"56"},"product_brand":[],"product_cat":[1221,1333,1843,1211],"product_tag":[],"class_list":{"0":"post-469407","1":"product","2":"type-product","3":"status-publish","4":"has-post-thumbnail","6":"product_cat-3x3-de","7":"product_cat-besonderheiten","8":"product_cat-rubiks-de","9":"product_cat-speedcube-de","10":"pa_merken-rubiks-de","12":"first","13":"instock","14":"taxable","15":"shipping-taxable","16":"purchasable","17":"product-type-simple"},"df_price":19.99,"df_sale_price":"","df_regular_price":19.99,"df_image_link":"https:\/\/www.speedcube.nl\/wp-content\/uploads\/2024\/05\/Productvisuals_Speedcubes-Rubiks-50th-Anniversary-Retro-Cube--285x300.jpg","_links":{"self":[{"href":"https:\/\/www.speedcube.nl\/de\/wp-json\/wp\/v2\/product\/469407","targetHints":{"allow":["GET"]}}],"collection":[{"href":"https:\/\/www.speedcube.nl\/de\/wp-json\/wp\/v2\/product"}],"about":[{"href":"https:\/\/www.speedcube.nl\/de\/wp-json\/wp\/v2\/types\/product"}],"version-history":[{"count":0,"href":"https:\/\/www.speedcube.nl\/de\/wp-json\/wp\/v2\/product\/469407\/revisions"}],"wp:featuredmedia":[{"embeddable":true,"href":"https:\/\/www.speedcube.nl\/de\/wp-json\/wp\/v2\/media\/469401"}],"wp:attachment":[{"href":"https:\/\/www.speedcube.nl\/de\/wp-json\/wp\/v2\/media?parent=469407"}],"wp:term":[{"taxonomy":"product_brand","embeddable":true,"href":"https:\/\/www.speedcube.nl\/de\/wp-json\/wp\/v2\/product_brand?post=469407"},{"taxonomy":"product_cat","embeddable":true,"href":"https:\/\/www.speedcube.nl\/de\/wp-json\/wp\/v2\/product_cat?post=469407"},{"taxonomy":"product_tag","embeddable":true,"href":"https:\/\/www.speedcube.nl\/de\/wp-json\/wp\/v2\/product_tag?post=469407"}],"curies":[{"name":"wp","href":"https:\/\/api.w.org\/{rel}","templated":true}]}}