{"id":469406,"date":"2024-05-06T15:23:08","date_gmt":"2024-05-06T13:23:08","guid":{"rendered":"https:\/\/www.speedcube.nl\/?post_type=product&#038;p=469406"},"modified":"2026-05-10T05:03:58","modified_gmt":"2026-05-10T03:03:58","slug":"rubiks-gridlock-puzzle","status":"publish","type":"product","link":"https:\/\/www.speedcube.nl\/de\/aanbieding-de\/rubiks-gridlock-puzzle\/","title":{"rendered":"Rubik&#8217;s Gridlock Puzzle"},"content":{"rendered":"<div id=\"pdetailInfoText\" class=\"cms-styling\">Zerbrechen Sie sich den Kopf mit dem Rubik&#8217;s Gridlock, inspiriert von den ikonischen Werken Piet Mondrians! Diese einzigartige Variante des klassischen Rubik&#8217;s Cube kombiniert das herausfordernde Puzzle mit Mondrians unverkennbarem Stil und schafft so ein farbenfrohes und fesselndes Erlebnis f\u00fcr Puzzle-Liebhaber aller Stufen.<\/p>\n<p>Drehen Sie eine Gridlock-Herausforderungskarte um und platzieren Sie die festen Startbl\u00f6cke wie angegeben. Ihr Ziel ist es, alle verbleibenden Bl\u00f6cke auf dem Spielbrett zu platzieren, ohne die Startbl\u00f6cke zu verschieben. Jede Herausforderungskarte hat nur eine L\u00f6sung, also \u00fcberlegen Sie sich Ihre Z\u00fcge gut. Spielen Sie allein oder zu zweit und versuchen Sie, das R\u00e4tsel so schnell wie m\u00f6glich zu l\u00f6sen. Gridlock enth\u00e4lt einen Reisekoffer, 11 Bl\u00f6cke und 88 Herausforderungskarten in verschiedenen Schwierigkeitsgraden f\u00fcr Kinder ab 7 Jahren.<br \/>\nEine gro\u00dfartige Herausforderung f\u00fcr R\u00e4tselliebhaber und Fans von Spielen wie Rubik&#8217;s Cube, Rubik&#8217;s Race, Denksportaufgaben und Puzzles f\u00fcr Erwachsene und Kinder. Gridlock ist das perfekte Geschenk f\u00fcr M\u00e4nner, Frauen und Teenager, die anspruchsvolle Puzzles m\u00f6gen.<\/p>\n<\/div>\n","protected":false},"excerpt":{"rendered":"<p>RUBIK&#8217;S<\/p>\n","protected":false},"featured_media":469379,"template":"","meta":{"_improvement_type_select":"improve_an_existing","_thumb_yes_seoaic":false,"_frame_yes_seoaic":false,"seoaic_generate_description":"","seoaic_improve_instructions_prompt":"","seoaic_rollback_content_improvement":"","seoaic_idea_thumbnail_generator":"","thumbnail_generated":false,"thumbnail_generate_prompt":"","seoaic_article_description":"","product-afmeting-lengte-mm":"","product-afmeting-breedte-mm":"","product-afmeting-hoogte-mm":""},"product_brand":[],"product_cat":[2558],"product_tag":[],"class_list":{"0":"post-469406","1":"product","2":"type-product","3":"status-publish","4":"has-post-thumbnail","6":"product_cat-aanbieding-de","7":"pa_merken-rubiks-de","9":"first","10":"instock","11":"sale","12":"taxable","13":"shipping-taxable","14":"purchasable","15":"product-type-simple"},"df_price":14.39,"df_sale_price":14.39,"df_regular_price":23.99,"df_image_link":"https:\/\/www.speedcube.nl\/wp-content\/uploads\/2024\/05\/Productvisuals_Speedcubes-Rubiks-Gridlock-Puzzel--285x300.jpg","_links":{"self":[{"href":"https:\/\/www.speedcube.nl\/de\/wp-json\/wp\/v2\/product\/469406","targetHints":{"allow":["GET"]}}],"collection":[{"href":"https:\/\/www.speedcube.nl\/de\/wp-json\/wp\/v2\/product"}],"about":[{"href":"https:\/\/www.speedcube.nl\/de\/wp-json\/wp\/v2\/types\/product"}],"version-history":[{"count":0,"href":"https:\/\/www.speedcube.nl\/de\/wp-json\/wp\/v2\/product\/469406\/revisions"}],"wp:featuredmedia":[{"embeddable":true,"href":"https:\/\/www.speedcube.nl\/de\/wp-json\/wp\/v2\/media\/469379"}],"wp:attachment":[{"href":"https:\/\/www.speedcube.nl\/de\/wp-json\/wp\/v2\/media?parent=469406"}],"wp:term":[{"taxonomy":"product_brand","embeddable":true,"href":"https:\/\/www.speedcube.nl\/de\/wp-json\/wp\/v2\/product_brand?post=469406"},{"taxonomy":"product_cat","embeddable":true,"href":"https:\/\/www.speedcube.nl\/de\/wp-json\/wp\/v2\/product_cat?post=469406"},{"taxonomy":"product_tag","embeddable":true,"href":"https:\/\/www.speedcube.nl\/de\/wp-json\/wp\/v2\/product_tag?post=469406"}],"curies":[{"name":"wp","href":"https:\/\/api.w.org\/{rel}","templated":true}]}}