{"id":469159,"date":"2024-05-03T16:25:39","date_gmt":"2024-05-03T14:25:39","guid":{"rendered":"https:\/\/www.speedcube.nl\/?post_type=product&#038;p=469159"},"modified":"2026-05-10T05:04:57","modified_gmt":"2026-05-10T03:04:57","slug":"sengso-achsenspiegel-sq-0-wurfel","status":"publish","type":"product","link":"https:\/\/www.speedcube.nl\/de\/aanbieding-de\/sengso-achsenspiegel-sq-0-wurfel\/","title":{"rendered":"Sengso Achsenspiegel SQ-0 W\u00fcrfel"},"content":{"rendered":"<p>Der Sengso Axis Mirror Square-0 ist eine einzigartige Kombination aus verschiedenen W\u00fcrfelformen. Obwohl das L\u00f6sen dieses R\u00e4tsels nicht allzu schwierig sein sollte, kann es dennoch eine interessante Erg\u00e4nzung Ihrer W\u00fcrfelsammlung sein. Mit seiner glatten, matten Oberfl\u00e4che und den leicht anpassbaren Einstellungen bietet dieser W\u00fcrfel ein sanftes Dreherlebnis. Leicht und mit einer stabilen Struktur ist der Sengso Axis Mirror SQ-0 ein Must-Have f\u00fcr jeden Cuber.<\/p>\n","protected":false},"excerpt":{"rendered":"<p>SENGSO<\/p>\n","protected":false},"featured_media":468806,"template":"","meta":{"_improvement_type_select":"improve_an_existing","_thumb_yes_seoaic":false,"_frame_yes_seoaic":false,"seoaic_generate_description":"","seoaic_improve_instructions_prompt":"","seoaic_rollback_content_improvement":"","seoaic_idea_thumbnail_generator":"","thumbnail_generated":false,"thumbnail_generate_prompt":"","seoaic_article_description":"","product-afmeting-lengte-mm":"56","product-afmeting-breedte-mm":"56","product-afmeting-hoogte-mm":"56"},"product_brand":[],"product_cat":[2558,1778,1211],"product_tag":[],"class_list":{"0":"post-469159","1":"product","2":"type-product","3":"status-publish","4":"has-post-thumbnail","6":"product_cat-aanbieding-de","7":"product_cat-sengso-de","8":"product_cat-speedcube-de","9":"pa_merken-sengso-de","11":"first","12":"instock","13":"sale","14":"taxable","15":"shipping-taxable","16":"purchasable","17":"product-type-simple"},"df_price":9.59,"df_sale_price":9.59,"df_regular_price":15.99,"df_image_link":"https:\/\/www.speedcube.nl\/wp-content\/uploads\/2024\/05\/Productvisuals_Speedcubes-Sengso-Axis-Mirror-SQ-0-Cube--285x300.jpg","_links":{"self":[{"href":"https:\/\/www.speedcube.nl\/de\/wp-json\/wp\/v2\/product\/469159","targetHints":{"allow":["GET"]}}],"collection":[{"href":"https:\/\/www.speedcube.nl\/de\/wp-json\/wp\/v2\/product"}],"about":[{"href":"https:\/\/www.speedcube.nl\/de\/wp-json\/wp\/v2\/types\/product"}],"version-history":[{"count":0,"href":"https:\/\/www.speedcube.nl\/de\/wp-json\/wp\/v2\/product\/469159\/revisions"}],"wp:featuredmedia":[{"embeddable":true,"href":"https:\/\/www.speedcube.nl\/de\/wp-json\/wp\/v2\/media\/468806"}],"wp:attachment":[{"href":"https:\/\/www.speedcube.nl\/de\/wp-json\/wp\/v2\/media?parent=469159"}],"wp:term":[{"taxonomy":"product_brand","embeddable":true,"href":"https:\/\/www.speedcube.nl\/de\/wp-json\/wp\/v2\/product_brand?post=469159"},{"taxonomy":"product_cat","embeddable":true,"href":"https:\/\/www.speedcube.nl\/de\/wp-json\/wp\/v2\/product_cat?post=469159"},{"taxonomy":"product_tag","embeddable":true,"href":"https:\/\/www.speedcube.nl\/de\/wp-json\/wp\/v2\/product_tag?post=469159"}],"curies":[{"name":"wp","href":"https:\/\/api.w.org\/{rel}","templated":true}]}}