{"id":469146,"date":"2024-05-03T16:26:42","date_gmt":"2024-05-03T14:26:42","guid":{"rendered":"https:\/\/www.speedcube.nl\/?post_type=product&#038;p=469146"},"modified":"2026-04-28T05:03:50","modified_gmt":"2026-04-28T03:03:50","slug":"gan-14-maglev-pro","status":"publish","type":"product","link":"https:\/\/www.speedcube.nl\/de\/speedcube-de\/gan-de\/gan-14-maglev-pro\/","title":{"rendered":"GAN 14 Maglev Pro"},"content":{"rendered":"<p>Die neueste Version des 3&#215;3-W\u00fcrfels, der GAN14 MagLev Pro UV, enth\u00e4lt mehrere Verbesserungen gegen\u00fcber seinem Vorg\u00e4nger. Mit einem verbesserten Anti-Pop-Mechanismus und satten 1.296 Anpassungseinstellungen bietet dieser W\u00fcrfel ein noch besseres Erlebnis. Weitere Merkmale sind eine V6-Kernpositionierung 4.0, 6 Magneteinstellungen, 88 Werksmagnete, GES V3-Spannung, automatische Ausrichtung und Aufbewahrungsbox Version 11. Dieser W\u00fcrfel nutzt die magnetische Absto\u00dfungstechnologie und hat ein wabenf\u00f6rmiges Design f\u00fcr eine gleichm\u00e4\u00dfige Verteilung des Schmiermittels. Die UV-beschichtete Version bietet eine gl\u00e4nzende Oberfl\u00e4che und viel Griffigkeit, w\u00e4hrend die gefrostete Version dem W\u00fcrfel ein mattes Aussehen und mittlere Griffigkeit verleiht.<\/p>\n<p>Enthalten sind:<br \/>\nAusweiskarte<br \/>\nBenutzerhandbuch<br \/>\nGAN-Box<br \/>\nGAN-Tasche<br \/>\nAnpassungswerkzeug<\/p>\n","protected":false},"excerpt":{"rendered":"<p>GAN<\/p>\n","protected":false},"featured_media":468923,"template":"","meta":{"_improvement_type_select":"improve_an_existing","_thumb_yes_seoaic":false,"_frame_yes_seoaic":false,"seoaic_generate_description":"","seoaic_improve_instructions_prompt":"","seoaic_rollback_content_improvement":"","seoaic_idea_thumbnail_generator":"","thumbnail_generated":false,"thumbnail_generate_prompt":"","seoaic_article_description":"","product-afmeting-lengte-mm":"56","product-afmeting-breedte-mm":"56","product-afmeting-hoogte-mm":"56"},"product_brand":[],"product_cat":[1221,1270,1211],"product_tag":[],"class_list":{"0":"post-469146","1":"product","2":"type-product","3":"status-publish","4":"has-post-thumbnail","6":"product_cat-3x3-de","7":"product_cat-gan-de","8":"product_cat-speedcube-de","9":"pa_merken-gan-de","11":"first","12":"instock","13":"taxable","14":"shipping-taxable","15":"purchasable","16":"product-type-variable"},"df_price":77.99,"df_sale_price":"","df_regular_price":77.99,"df_image_link":"https:\/\/www.speedcube.nl\/wp-content\/uploads\/2024\/05\/Productvisuals_Speedcubes-GAN-14-Maglev-Pro--285x300.jpg","_links":{"self":[{"href":"https:\/\/www.speedcube.nl\/de\/wp-json\/wp\/v2\/product\/469146","targetHints":{"allow":["GET"]}}],"collection":[{"href":"https:\/\/www.speedcube.nl\/de\/wp-json\/wp\/v2\/product"}],"about":[{"href":"https:\/\/www.speedcube.nl\/de\/wp-json\/wp\/v2\/types\/product"}],"version-history":[{"count":0,"href":"https:\/\/www.speedcube.nl\/de\/wp-json\/wp\/v2\/product\/469146\/revisions"}],"wp:featuredmedia":[{"embeddable":true,"href":"https:\/\/www.speedcube.nl\/de\/wp-json\/wp\/v2\/media\/468923"}],"wp:attachment":[{"href":"https:\/\/www.speedcube.nl\/de\/wp-json\/wp\/v2\/media?parent=469146"}],"wp:term":[{"taxonomy":"product_brand","embeddable":true,"href":"https:\/\/www.speedcube.nl\/de\/wp-json\/wp\/v2\/product_brand?post=469146"},{"taxonomy":"product_cat","embeddable":true,"href":"https:\/\/www.speedcube.nl\/de\/wp-json\/wp\/v2\/product_cat?post=469146"},{"taxonomy":"product_tag","embeddable":true,"href":"https:\/\/www.speedcube.nl\/de\/wp-json\/wp\/v2\/product_tag?post=469146"}],"curies":[{"name":"wp","href":"https:\/\/api.w.org\/{rel}","templated":true}]}}