{"id":469140,"date":"2024-05-03T16:25:59","date_gmt":"2024-05-03T14:25:59","guid":{"rendered":"https:\/\/www.speedcube.nl\/?post_type=product&#038;p=469140"},"modified":"2026-05-10T05:04:10","modified_gmt":"2026-05-10T03:04:10","slug":"sengso-funf-achsen-5x5","status":"publish","type":"product","link":"https:\/\/www.speedcube.nl\/de\/speedcube-de\/5x5-de\/sengso-funf-achsen-5x5\/","title":{"rendered":"Sengso F\u00fcnf Achsen 5&#215;5"},"content":{"rendered":"<p>Sind Sie auf der Suche nach einem herausfordernden, spannenden Speed Cube? Dann ist der Sengso Five Axis 5&#215;5 die perfekte Wahl f\u00fcr Sie! Dieser einzigartige W\u00fcrfel kombiniert die Herausforderung eines 5&#215;5-Puzzles mit der Komplexit\u00e4t eines f\u00fcnfachsigen W\u00fcrfels und sorgt f\u00fcr stundenlangen Spielspa\u00df. Hergestellt aus hochwertigen Materialien und mit leichtg\u00e4ngigen Mechanismen k\u00f6nnen Sie schnell und einfach ohne Unterbrechungen puzzeln. Die leuchtenden, kr\u00e4ftigen Farben machen es einfach, jedes Teil zu erkennen, selbst bei den intensivsten Puzzlesitzungen.<\/p>\n","protected":false},"excerpt":{"rendered":"<p>Sengso<\/p>\n","protected":false},"featured_media":469078,"template":"","meta":{"_improvement_type_select":"improve_an_existing","_thumb_yes_seoaic":false,"_frame_yes_seoaic":false,"seoaic_generate_description":"","seoaic_improve_instructions_prompt":"","seoaic_rollback_content_improvement":"","seoaic_idea_thumbnail_generator":"","thumbnail_generated":false,"thumbnail_generate_prompt":"","seoaic_article_description":"","product-afmeting-lengte-mm":"80","product-afmeting-breedte-mm":"80","product-afmeting-hoogte-mm":"80"},"product_brand":[],"product_cat":[1872,1333,1778,1211],"product_tag":[],"class_list":{"0":"post-469140","1":"product","2":"type-product","3":"status-publish","4":"has-post-thumbnail","6":"product_cat-5x5-de","7":"product_cat-besonderheiten","8":"product_cat-sengso-de","9":"product_cat-speedcube-de","10":"pa_merken-sengso-de","12":"first","13":"instock","14":"taxable","15":"shipping-taxable","16":"purchasable","17":"product-type-simple"},"df_price":20.99,"df_sale_price":"","df_regular_price":20.99,"df_image_link":"https:\/\/www.speedcube.nl\/wp-content\/uploads\/2024\/05\/Productvisuals_Speedcubes-Sengso-Five-Axis-5x5--285x300.jpg","_links":{"self":[{"href":"https:\/\/www.speedcube.nl\/de\/wp-json\/wp\/v2\/product\/469140","targetHints":{"allow":["GET"]}}],"collection":[{"href":"https:\/\/www.speedcube.nl\/de\/wp-json\/wp\/v2\/product"}],"about":[{"href":"https:\/\/www.speedcube.nl\/de\/wp-json\/wp\/v2\/types\/product"}],"version-history":[{"count":0,"href":"https:\/\/www.speedcube.nl\/de\/wp-json\/wp\/v2\/product\/469140\/revisions"}],"wp:featuredmedia":[{"embeddable":true,"href":"https:\/\/www.speedcube.nl\/de\/wp-json\/wp\/v2\/media\/469078"}],"wp:attachment":[{"href":"https:\/\/www.speedcube.nl\/de\/wp-json\/wp\/v2\/media?parent=469140"}],"wp:term":[{"taxonomy":"product_brand","embeddable":true,"href":"https:\/\/www.speedcube.nl\/de\/wp-json\/wp\/v2\/product_brand?post=469140"},{"taxonomy":"product_cat","embeddable":true,"href":"https:\/\/www.speedcube.nl\/de\/wp-json\/wp\/v2\/product_cat?post=469140"},{"taxonomy":"product_tag","embeddable":true,"href":"https:\/\/www.speedcube.nl\/de\/wp-json\/wp\/v2\/product_tag?post=469140"}],"curies":[{"name":"wp","href":"https:\/\/api.w.org\/{rel}","templated":true}]}}