{"id":469139,"date":"2024-05-03T16:26:38","date_gmt":"2024-05-03T14:26:38","guid":{"rendered":"https:\/\/www.speedcube.nl\/?post_type=product&#038;p=469139"},"modified":"2026-05-12T05:04:13","modified_gmt":"2026-05-12T03:04:13","slug":"moyu-meilong-3m-v2","status":"publish","type":"product","link":"https:\/\/www.speedcube.nl\/de\/speedcube-de\/moyu-de\/moyu-meilong-3m-v2\/","title":{"rendered":"Moyu Meilong 3M V2"},"content":{"rendered":"<p>Der Moyu Meilong 3M V2 ist ein erschwinglicher, magnetischer 3&#215;3 Speedcube, der hervorragende Leistung zu einem g\u00fcnstigen Preis bietet. Die Schuppenstruktur auf der Innenseite sorgt daf\u00fcr, dass das Schmiermittel gleichm\u00e4\u00dfig verteilt wird und nicht klebt. Die Mikromagneten im W\u00fcrfel halten ihn leicht und schnell, w\u00e4hrend das geschwungene Design mit abgerundeten Ecken f\u00fcr sanfte Schneidebewegungen und gute Leistung sorgt. Sie k\u00f6nnen zwischen einer Version ohne Aufkleber, einer schwarzen oder einer UV-Version w\u00e4hlen. Die UV-Version hat eine spezielle Beschichtung, die den W\u00fcrfel kratzfest macht und ihm einen besseren Halt gibt.<\/p>\n","protected":false},"excerpt":{"rendered":"<p>MOYU<\/p>\n","protected":false},"featured_media":468854,"template":"","meta":{"_improvement_type_select":"improve_an_existing","_thumb_yes_seoaic":false,"_frame_yes_seoaic":false,"seoaic_generate_description":"","seoaic_improve_instructions_prompt":"","seoaic_rollback_content_improvement":"","seoaic_idea_thumbnail_generator":"","thumbnail_generated":false,"thumbnail_generate_prompt":"","seoaic_article_description":"","product-afmeting-lengte-mm":"56","product-afmeting-breedte-mm":"56","product-afmeting-hoogte-mm":"56"},"product_brand":[],"product_cat":[1221,1332,1211],"product_tag":[],"class_list":{"0":"post-469139","1":"product","2":"type-product","3":"status-publish","4":"has-post-thumbnail","6":"product_cat-3x3-de","7":"product_cat-moyu-de","8":"product_cat-speedcube-de","9":"pa_merken-moyu-de","11":"first","12":"instock","13":"taxable","14":"shipping-taxable","15":"purchasable","16":"product-type-variable"},"df_price":7.99,"df_sale_price":"","df_regular_price":7.99,"df_image_link":"https:\/\/www.speedcube.nl\/wp-content\/uploads\/2024\/05\/Productvisuals_Speedcubes-MoYu-Meilong-3M-V2--285x300.jpg","_links":{"self":[{"href":"https:\/\/www.speedcube.nl\/de\/wp-json\/wp\/v2\/product\/469139","targetHints":{"allow":["GET"]}}],"collection":[{"href":"https:\/\/www.speedcube.nl\/de\/wp-json\/wp\/v2\/product"}],"about":[{"href":"https:\/\/www.speedcube.nl\/de\/wp-json\/wp\/v2\/types\/product"}],"version-history":[{"count":0,"href":"https:\/\/www.speedcube.nl\/de\/wp-json\/wp\/v2\/product\/469139\/revisions"}],"wp:featuredmedia":[{"embeddable":true,"href":"https:\/\/www.speedcube.nl\/de\/wp-json\/wp\/v2\/media\/468854"}],"wp:attachment":[{"href":"https:\/\/www.speedcube.nl\/de\/wp-json\/wp\/v2\/media?parent=469139"}],"wp:term":[{"taxonomy":"product_brand","embeddable":true,"href":"https:\/\/www.speedcube.nl\/de\/wp-json\/wp\/v2\/product_brand?post=469139"},{"taxonomy":"product_cat","embeddable":true,"href":"https:\/\/www.speedcube.nl\/de\/wp-json\/wp\/v2\/product_cat?post=469139"},{"taxonomy":"product_tag","embeddable":true,"href":"https:\/\/www.speedcube.nl\/de\/wp-json\/wp\/v2\/product_tag?post=469139"}],"curies":[{"name":"wp","href":"https:\/\/api.w.org\/{rel}","templated":true}]}}