{"id":469128,"date":"2024-05-03T16:26:33","date_gmt":"2024-05-03T14:26:33","guid":{"rendered":"https:\/\/www.speedcube.nl\/?post_type=product&#038;p=469128"},"modified":"2026-05-10T05:07:06","modified_gmt":"2026-05-10T03:07:06","slug":"vin-cube-4x4-magnetisch","status":"publish","type":"product","link":"https:\/\/www.speedcube.nl\/de\/speedcube-de\/vin-wurfel\/vin-cube-4x4-magnetisch\/","title":{"rendered":"VIN Cube 4&#215;4 Magnetisch"},"content":{"rendered":"<p>Sind Sie auf der Suche nach einem 4&#215;4 Speed Cube, der von einem ehemaligen Weltrekordhalter entworfen wurde und auf dem beliebten MGC 4&#215;4 basiert? Dann ist der VIN Cube 4&#215;4 genau das Richtige f\u00fcr Sie! Mit prim\u00e4ren internen Komponenten und gro\u00dfen L\u00fccken zwischen den Ecken und der Mitte ist dieser W\u00fcrfel f\u00fcr eine reibungslose und schnelle Drehung konzipiert. Die 96 Magnete sorgen daf\u00fcr, dass jede Drehung pr\u00e4zise und kontrollierbar ist. Dank des hochwertigen, d\u00fcnnwandigen Materials f\u00fchlt sich der VIN Cube W\u00fcrfel sehr kontrollierbar und glatt an. Der Dreifach-Schienen-Mechanismus sorgt f\u00fcr verbesserte Stabilit\u00e4t und Eckenschneiden, w\u00e4hrend sich der W\u00fcrfel leicht und ausgewogen anf\u00fchlt.<\/p>\n<p>Sie k\u00f6nnen aus drei Versionen w\u00e4hlen: die gl\u00e4nzende Version f\u00fcr eine kontrollierbare und stabile Leistung und die UV-beschichtete Version, die nicht nur sch\u00f6n ist, sondern auch eine verbesserte Rutschfestigkeit und Kratzfestigkeit bietet. Es gibt auch eine neue Version: die Starry Night Core UV, die einen Magnetkern f\u00fcr st\u00e4rkere Magnetkraft und mehr Stabilit\u00e4t hat! <\/p>\n","protected":false},"excerpt":{"rendered":"<p>VIN-W\u00dcRFEL<\/p>\n","protected":false},"featured_media":468960,"template":"","meta":{"_improvement_type_select":"improve_an_existing","_thumb_yes_seoaic":false,"_frame_yes_seoaic":false,"seoaic_generate_description":"","seoaic_improve_instructions_prompt":"","seoaic_rollback_content_improvement":"","seoaic_idea_thumbnail_generator":"","thumbnail_generated":false,"thumbnail_generate_prompt":"","seoaic_article_description":"","product-afmeting-lengte-mm":"56","product-afmeting-breedte-mm":"56","product-afmeting-hoogte-mm":"56"},"product_brand":[],"product_cat":[1229,2558,4946,1211],"product_tag":[],"class_list":{"0":"post-469128","1":"product","2":"type-product","3":"status-publish","4":"has-post-thumbnail","6":"product_cat-4x4-de","7":"product_cat-aanbieding-de","8":"product_cat-vin-wurfel","9":"product_cat-speedcube-de","10":"pa_merken-vin4-de","12":"first","13":"instock","14":"sale","15":"taxable","16":"shipping-taxable","17":"purchasable","18":"product-type-variable"},"df_price":13.2,"df_sale_price":"","df_regular_price":13.2,"df_image_link":"https:\/\/www.speedcube.nl\/wp-content\/uploads\/2024\/05\/Productvisuals_Speedcubes-VIN-Cube-4x4-Magnetic--285x300.jpg","_links":{"self":[{"href":"https:\/\/www.speedcube.nl\/de\/wp-json\/wp\/v2\/product\/469128","targetHints":{"allow":["GET"]}}],"collection":[{"href":"https:\/\/www.speedcube.nl\/de\/wp-json\/wp\/v2\/product"}],"about":[{"href":"https:\/\/www.speedcube.nl\/de\/wp-json\/wp\/v2\/types\/product"}],"version-history":[{"count":1,"href":"https:\/\/www.speedcube.nl\/de\/wp-json\/wp\/v2\/product\/469128\/revisions"}],"predecessor-version":[{"id":484665,"href":"https:\/\/www.speedcube.nl\/de\/wp-json\/wp\/v2\/product\/469128\/revisions\/484665"}],"wp:featuredmedia":[{"embeddable":true,"href":"https:\/\/www.speedcube.nl\/de\/wp-json\/wp\/v2\/media\/468960"}],"wp:attachment":[{"href":"https:\/\/www.speedcube.nl\/de\/wp-json\/wp\/v2\/media?parent=469128"}],"wp:term":[{"taxonomy":"product_brand","embeddable":true,"href":"https:\/\/www.speedcube.nl\/de\/wp-json\/wp\/v2\/product_brand?post=469128"},{"taxonomy":"product_cat","embeddable":true,"href":"https:\/\/www.speedcube.nl\/de\/wp-json\/wp\/v2\/product_cat?post=469128"},{"taxonomy":"product_tag","embeddable":true,"href":"https:\/\/www.speedcube.nl\/de\/wp-json\/wp\/v2\/product_tag?post=469128"}],"curies":[{"name":"wp","href":"https:\/\/api.w.org\/{rel}","templated":true}]}}