{"id":468572,"date":"2024-05-01T09:12:20","date_gmt":"2024-05-01T07:12:20","guid":{"rendered":"https:\/\/www.speedcube.nl\/?post_type=product&#038;p=468572"},"modified":"2026-04-28T05:00:32","modified_gmt":"2026-04-28T03:00:32","slug":"ugears-nasa-saturn-v","status":"publish","type":"product","link":"https:\/\/www.speedcube.nl\/de\/modellbau\/weltraum\/ugears-nasa-saturn-v\/","title":{"rendered":"Ugears NASA Saturn V"},"content":{"rendered":"<p>Die Saturn V Rakete der NASA ist eine beeindruckende Errungenschaft in der Weltraumforschung. Sie h\u00e4lt den Rekord als gr\u00f6\u00dfte, st\u00e4rkste und schwerste Tr\u00e4gerrakete, die jemals gebaut wurde. Sie hat 13 Missionen erfolgreich abgeschlossen, darunter die Apollo- und Skylab-Missionen. Die Saturn V hatte drei Stufen, die mit Fl\u00fcssigtreibstoff betrieben wurden. Dieses detailgetreue Selbstbaumodell von Ugears enth\u00e4lt alle Details, einschlie\u00dflich der LM- und CM-Module. Das Modell wird sicherlich von Weltraumforschungs- und Modellbau-Enthusiasten geliebt werden. Bauen Sie diese beeindruckende Saturn V und starten Sie Ihr eigenes Raketenforschungsabenteuer!<\/p>\n<p>Anzahl der Teile: 500<br \/>\nGesch\u00e4tzte Montagezeit: 7 Stunden<\/p>\n","protected":false},"excerpt":{"rendered":"<p>UGEARS<\/p>\n","protected":false},"featured_media":468491,"template":"","meta":{"_improvement_type_select":"improve_an_existing","_thumb_yes_seoaic":false,"_frame_yes_seoaic":false,"seoaic_generate_description":"","seoaic_improve_instructions_prompt":"","seoaic_rollback_content_improvement":"","seoaic_idea_thumbnail_generator":"","thumbnail_generated":false,"thumbnail_generate_prompt":"","seoaic_article_description":"","product-afmeting-lengte-mm":"100","product-afmeting-breedte-mm":"665","product-afmeting-hoogte-mm":"146"},"product_brand":[],"product_cat":[1617,1500,1636,1499,1709,1713,2973],"product_tag":[],"class_list":{"0":"post-468572","1":"product","2":"type-product","3":"status-publish","4":"has-post-thumbnail","6":"product_cat-baukasten-aus-holz","7":"product_cat-baukasten-fur-erwachsene","8":"product_cat-baukasten-fur-kinder","9":"product_cat-modellbau","10":"product_cat-modellfahrzeuge","11":"product_cat-ugears-modellbau","12":"product_cat-weltraum","13":"pa_merken-ugears-de","15":"first","16":"instock","17":"taxable","18":"shipping-taxable","19":"purchasable","20":"product-type-simple"},"df_price":74.95,"df_sale_price":"","df_regular_price":74.95,"df_image_link":"https:\/\/www.speedcube.nl\/wp-content\/uploads\/2024\/04\/Productvisuals_Modelbouw-Ugears-NASA-Saturn-V--285x300.jpg","_links":{"self":[{"href":"https:\/\/www.speedcube.nl\/de\/wp-json\/wp\/v2\/product\/468572","targetHints":{"allow":["GET"]}}],"collection":[{"href":"https:\/\/www.speedcube.nl\/de\/wp-json\/wp\/v2\/product"}],"about":[{"href":"https:\/\/www.speedcube.nl\/de\/wp-json\/wp\/v2\/types\/product"}],"version-history":[{"count":0,"href":"https:\/\/www.speedcube.nl\/de\/wp-json\/wp\/v2\/product\/468572\/revisions"}],"wp:featuredmedia":[{"embeddable":true,"href":"https:\/\/www.speedcube.nl\/de\/wp-json\/wp\/v2\/media\/468491"}],"wp:attachment":[{"href":"https:\/\/www.speedcube.nl\/de\/wp-json\/wp\/v2\/media?parent=468572"}],"wp:term":[{"taxonomy":"product_brand","embeddable":true,"href":"https:\/\/www.speedcube.nl\/de\/wp-json\/wp\/v2\/product_brand?post=468572"},{"taxonomy":"product_cat","embeddable":true,"href":"https:\/\/www.speedcube.nl\/de\/wp-json\/wp\/v2\/product_cat?post=468572"},{"taxonomy":"product_tag","embeddable":true,"href":"https:\/\/www.speedcube.nl\/de\/wp-json\/wp\/v2\/product_tag?post=468572"}],"curies":[{"name":"wp","href":"https:\/\/api.w.org\/{rel}","templated":true}]}}