{"id":468570,"date":"2024-05-01T09:12:18","date_gmt":"2024-05-01T07:12:18","guid":{"rendered":"https:\/\/www.speedcube.nl\/?post_type=product&#038;p=468570"},"modified":"2026-04-21T05:26:32","modified_gmt":"2026-04-21T03:26:32","slug":"ugears-truck","status":"publish","type":"product","link":"https:\/\/www.speedcube.nl\/de\/modellbau\/modellautos\/ugears-truck\/","title":{"rendered":"Ugears Truck"},"content":{"rendered":"<p>Das beeindruckendste 3D-Holzmodell eines LKWs ist jetzt in Form des Ugears Cargo Trucks erh\u00e4ltlich. Das mit Federkraft betriebene, selbstgebaute Modell ist von hoher Qualit\u00e4t und steckt voller beweglicher Teile und realistischer Details. Mit seinen drei gefederten Achsen und zwei Differentialen ist der Lkw f\u00fcr jedes Gel\u00e4nde ger\u00fcstet. Das Design ist von Lastwagen aus dem Zweiten Weltkrieg inspiriert und umfasst Merkmale wie eine zu \u00f6ffnende Motorhaube, funktionale T\u00fcren, ein detailliertes Interieur und verstellbare Spiegel. Der Lkw verf\u00fcgt au\u00dferdem \u00fcber eine abklappbare Heckklappe und ein Reserverad. Der robuste Motor erm\u00f6glicht es dem Stapler, bis zu 2-3 Meter in einer Kurve zu fahren. Es ist ein gro\u00dfartiges Modell f\u00fcr phantasievolles Spiel und wird in jeder Auslage die Aufmerksamkeit auf sich ziehen. Sie k\u00f6nnen den Stapler ganz einfach bedienen, indem Sie den Start\/Stop-Schalter auf &#8218;Stop&#8216; stellen, den Ratschenschl\u00fcssel an der Unterseite des Fahrgestells ein paar Mal ganz herumdrehen, den Stapler auf eine ebene Fl\u00e4che stellen und die &#8218;Start&#8216;-Taste dr\u00fccken. Genie\u00dfen Sie das Spektakel, wenn der Truck zu seinem n\u00e4chsten Abenteuer aufbricht oder drehen Sie ihn um und bewundern Sie die faszinierende Funktionsweise des Antriebsstrangs. Dieses 3D-Holzmodell eines Lastwagens wird Ihnen und Ihrer Familie stundenlangen Spa\u00df bereiten und ist ein Blickfang in jeder Sammlung. Viel Spa\u00df mit dem Ugears Truck!<\/p>\n<p>Anzahl der Teile: 550<br \/>\nGesch\u00e4tzte Montagezeit: 10 Stunden<\/p>\n","protected":false},"excerpt":{"rendered":"<p>UGEARS<\/p>\n","protected":false},"featured_media":468518,"template":"","meta":{"_improvement_type_select":"improve_an_existing","_thumb_yes_seoaic":false,"_frame_yes_seoaic":false,"seoaic_generate_description":"","seoaic_improve_instructions_prompt":"","seoaic_rollback_content_improvement":"","seoaic_idea_thumbnail_generator":"","thumbnail_generated":false,"thumbnail_generate_prompt":"","seoaic_article_description":"","product-afmeting-lengte-mm":"380","product-afmeting-breedte-mm":"150","product-afmeting-hoogte-mm":"150"},"product_brand":[],"product_cat":[1617,1500,1844,1499,1709,1713],"product_tag":[],"class_list":{"0":"post-468570","1":"product","2":"type-product","3":"status-publish","4":"has-post-thumbnail","6":"product_cat-baukasten-aus-holz","7":"product_cat-baukasten-fur-erwachsene","8":"product_cat-modellautos","9":"product_cat-modellbau","10":"product_cat-modellfahrzeuge","11":"product_cat-ugears-modellbau","12":"pa_merken-ugears-de","14":"first","15":"instock","16":"taxable","17":"shipping-taxable","18":"purchasable","19":"product-type-simple"},"df_price":84.95,"df_sale_price":"","df_regular_price":84.95,"df_image_link":"https:\/\/www.speedcube.nl\/wp-content\/uploads\/2024\/04\/Productvisuals_Modelbouw-Ugears-Vrachtwagen--285x300.jpg","_links":{"self":[{"href":"https:\/\/www.speedcube.nl\/de\/wp-json\/wp\/v2\/product\/468570","targetHints":{"allow":["GET"]}}],"collection":[{"href":"https:\/\/www.speedcube.nl\/de\/wp-json\/wp\/v2\/product"}],"about":[{"href":"https:\/\/www.speedcube.nl\/de\/wp-json\/wp\/v2\/types\/product"}],"version-history":[{"count":0,"href":"https:\/\/www.speedcube.nl\/de\/wp-json\/wp\/v2\/product\/468570\/revisions"}],"wp:featuredmedia":[{"embeddable":true,"href":"https:\/\/www.speedcube.nl\/de\/wp-json\/wp\/v2\/media\/468518"}],"wp:attachment":[{"href":"https:\/\/www.speedcube.nl\/de\/wp-json\/wp\/v2\/media?parent=468570"}],"wp:term":[{"taxonomy":"product_brand","embeddable":true,"href":"https:\/\/www.speedcube.nl\/de\/wp-json\/wp\/v2\/product_brand?post=468570"},{"taxonomy":"product_cat","embeddable":true,"href":"https:\/\/www.speedcube.nl\/de\/wp-json\/wp\/v2\/product_cat?post=468570"},{"taxonomy":"product_tag","embeddable":true,"href":"https:\/\/www.speedcube.nl\/de\/wp-json\/wp\/v2\/product_tag?post=468570"}],"curies":[{"name":"wp","href":"https:\/\/api.w.org\/{rel}","templated":true}]}}