{"id":466746,"date":"2024-04-12T08:57:18","date_gmt":"2024-04-12T06:57:18","guid":{"rendered":"https:\/\/www.speedcube.nl\/?post_type=product&#038;p=466746"},"modified":"2026-05-03T05:27:31","modified_gmt":"2026-05-03T03:27:31","slug":"moyu-huameng-ys3m-20-magnet-kugelkern-uv-version","status":"publish","type":"product","link":"https:\/\/www.speedcube.nl\/de\/speedcube-de\/moyu-de\/moyu-huameng-ys3m-20-magnet-kugelkern-uv-version\/","title":{"rendered":"MoYu Huameng YS3M 20-Magnet Kugelkern UV-Version"},"content":{"rendered":"<p>Der MoYu HuaMeng YS3M ist ein beliebter 3&#215;3-W\u00fcrfel mit beeindruckenden Merkmalen wie verbesserten Eckenschneidef\u00e4higkeiten, anpassbaren Spannungen und Kompressionen und einem speziell entwickelten Schuppenmuster, das ein Verkleben verhindert. Hinter diesem Modell steht YuSheng Du, ein Spitzencuber, der den Weltrekord im 3&#215;3-Einzel h\u00e4lt. Diese Version, die MoYu Huameng YS3M 20-Magnet Kugelkern UV-Version, verf\u00fcgt \u00fcber 20 Kugelkernmagnete und 9 einstellbare Maglev-Stufen, so dass Sie die Elastizit\u00e4t leicht einstellen k\u00f6nnen, ohne die Spannung zu ver\u00e4ndern. Die Kombination aus Kern- und Eckmagneten sorgt daf\u00fcr, dass die Teile m\u00fchelos an ihren Platz fallen. Dank der UV-Beschichtung f\u00fchlt sich der W\u00fcrfel geschmeidig an und l\u00e4sst sich dank der Magnete zwischen zwei Teilen leichter steuern. Die Schuppen auf dem W\u00fcrfel verhindern ein Festkleben und verbessern die Drehleistung. Mit seiner starken Eckenschneidekraft ist der W\u00fcrfel sehr angenehm zu benutzen.<\/p>\n","protected":false},"excerpt":{"rendered":"<p>MOYU<\/p>\n","protected":false},"featured_media":466324,"template":"","meta":{"_improvement_type_select":"improve_an_existing","_thumb_yes_seoaic":false,"_frame_yes_seoaic":false,"seoaic_generate_description":"","seoaic_improve_instructions_prompt":"","seoaic_rollback_content_improvement":"","seoaic_idea_thumbnail_generator":"","thumbnail_generated":false,"thumbnail_generate_prompt":"","seoaic_article_description":"","product-afmeting-lengte-mm":"55","product-afmeting-breedte-mm":"55","product-afmeting-hoogte-mm":"55"},"product_brand":[],"product_cat":[1221,1332,1211],"product_tag":[],"class_list":{"0":"post-466746","1":"product","2":"type-product","3":"status-publish","4":"has-post-thumbnail","6":"product_cat-3x3-de","7":"product_cat-moyu-de","8":"product_cat-speedcube-de","9":"pa_merken-moyu-de","11":"first","12":"instock","13":"taxable","14":"shipping-taxable","15":"purchasable","16":"product-type-simple"},"df_price":39.99,"df_sale_price":"","df_regular_price":39.99,"df_image_link":"https:\/\/www.speedcube.nl\/wp-content\/uploads\/2024\/04\/Productvisuals_Speedcubes-MoYu-Huameng-YS3M-20-Magnet-Ball-core-UV-version--285x300.jpg","_links":{"self":[{"href":"https:\/\/www.speedcube.nl\/de\/wp-json\/wp\/v2\/product\/466746","targetHints":{"allow":["GET"]}}],"collection":[{"href":"https:\/\/www.speedcube.nl\/de\/wp-json\/wp\/v2\/product"}],"about":[{"href":"https:\/\/www.speedcube.nl\/de\/wp-json\/wp\/v2\/types\/product"}],"version-history":[{"count":0,"href":"https:\/\/www.speedcube.nl\/de\/wp-json\/wp\/v2\/product\/466746\/revisions"}],"wp:featuredmedia":[{"embeddable":true,"href":"https:\/\/www.speedcube.nl\/de\/wp-json\/wp\/v2\/media\/466324"}],"wp:attachment":[{"href":"https:\/\/www.speedcube.nl\/de\/wp-json\/wp\/v2\/media?parent=466746"}],"wp:term":[{"taxonomy":"product_brand","embeddable":true,"href":"https:\/\/www.speedcube.nl\/de\/wp-json\/wp\/v2\/product_brand?post=466746"},{"taxonomy":"product_cat","embeddable":true,"href":"https:\/\/www.speedcube.nl\/de\/wp-json\/wp\/v2\/product_cat?post=466746"},{"taxonomy":"product_tag","embeddable":true,"href":"https:\/\/www.speedcube.nl\/de\/wp-json\/wp\/v2\/product_tag?post=466746"}],"curies":[{"name":"wp","href":"https:\/\/api.w.org\/{rel}","templated":true}]}}