{"id":466738,"date":"2024-04-12T08:57:16","date_gmt":"2024-04-12T06:57:16","guid":{"rendered":"https:\/\/www.speedcube.nl\/?post_type=product&#038;p=466738"},"modified":"2026-05-03T05:29:22","modified_gmt":"2026-05-03T03:29:22","slug":"moyu-cyberpunk-wurfelmatte","status":"publish","type":"product","link":"https:\/\/www.speedcube.nl\/de\/speedcube-de\/zubehor-speedcube\/moyu-cyberpunk-wurfelmatte\/","title":{"rendered":"MoYu Cyberpunk-W\u00fcrfelmatte"},"content":{"rendered":"<p>Entdecken Sie das neue MoYu-Matten-Design f\u00fcr 2024: die MoYu CyberPunk Matte. Diese Matte wurde speziell mit L\u00f6chern zur einfachen Befestigung eines MoYu-Timers entworfen und ist in 3 verschiedenen Gr\u00f6\u00dfen erh\u00e4ltlich. Sie k\u00f6nnen sich auf die sto\u00dfd\u00e4mpfenden Eigenschaften dieser Matte verlassen, um Ihre W\u00fcrfel vor St\u00fcrzen zu sch\u00fctzen. Dank ihres rutschfesten Designs bleibt die weiche Matte fest an ihrem Platz, ohne sich zu wellen oder zu verschieben. Genie\u00dfen Sie eine lange Nutzungsdauer, denn diese Matte ist mit einer langlebigen Technologie hergestellt, die sie auch bei starker Beanspruchung langlebig macht.<\/p>\n","protected":false},"excerpt":{"rendered":"<p>MOYU<\/p>\n","protected":false},"featured_media":466405,"template":"","meta":{"_improvement_type_select":"improve_an_existing","_thumb_yes_seoaic":false,"_frame_yes_seoaic":false,"seoaic_generate_description":"","seoaic_improve_instructions_prompt":"","seoaic_rollback_content_improvement":"","seoaic_idea_thumbnail_generator":"","thumbnail_generated":false,"thumbnail_generate_prompt":"","seoaic_article_description":"","product-afmeting-lengte-mm":"","product-afmeting-breedte-mm":"","product-afmeting-hoogte-mm":""},"product_brand":[],"product_cat":[2154,1332,1211,2704],"product_tag":[],"class_list":{"0":"post-466738","1":"product","2":"type-product","3":"status-publish","4":"has-post-thumbnail","6":"product_cat-mats-de","7":"product_cat-moyu-de","8":"product_cat-speedcube-de","9":"product_cat-zubehor-speedcube","10":"pa_merken-moyu-de","12":"first","13":"instock","14":"taxable","15":"shipping-taxable","16":"purchasable","17":"product-type-variable"},"df_price":6.99,"df_sale_price":"","df_regular_price":6.99,"df_image_link":"https:\/\/www.speedcube.nl\/wp-content\/uploads\/2024\/04\/Productvisuals_Speedcubes-MoYu-Cyberpunk-Cube-mat--285x300.jpg","_links":{"self":[{"href":"https:\/\/www.speedcube.nl\/de\/wp-json\/wp\/v2\/product\/466738","targetHints":{"allow":["GET"]}}],"collection":[{"href":"https:\/\/www.speedcube.nl\/de\/wp-json\/wp\/v2\/product"}],"about":[{"href":"https:\/\/www.speedcube.nl\/de\/wp-json\/wp\/v2\/types\/product"}],"version-history":[{"count":0,"href":"https:\/\/www.speedcube.nl\/de\/wp-json\/wp\/v2\/product\/466738\/revisions"}],"wp:featuredmedia":[{"embeddable":true,"href":"https:\/\/www.speedcube.nl\/de\/wp-json\/wp\/v2\/media\/466405"}],"wp:attachment":[{"href":"https:\/\/www.speedcube.nl\/de\/wp-json\/wp\/v2\/media?parent=466738"}],"wp:term":[{"taxonomy":"product_brand","embeddable":true,"href":"https:\/\/www.speedcube.nl\/de\/wp-json\/wp\/v2\/product_brand?post=466738"},{"taxonomy":"product_cat","embeddable":true,"href":"https:\/\/www.speedcube.nl\/de\/wp-json\/wp\/v2\/product_cat?post=466738"},{"taxonomy":"product_tag","embeddable":true,"href":"https:\/\/www.speedcube.nl\/de\/wp-json\/wp\/v2\/product_tag?post=466738"}],"curies":[{"name":"wp","href":"https:\/\/api.w.org\/{rel}","templated":true}]}}