{"id":466729,"date":"2024-04-12T08:57:15","date_gmt":"2024-04-12T06:57:15","guid":{"rendered":"https:\/\/www.speedcube.nl\/?post_type=product&#038;p=466729"},"modified":"2026-05-01T05:04:27","modified_gmt":"2026-05-01T03:04:27","slug":"moyu-cfop-wettkampfmatte","status":"publish","type":"product","link":"https:\/\/www.speedcube.nl\/de\/speedcube-de\/zubehor-speedcube\/moyu-cfop-wettkampfmatte\/","title":{"rendered":"MoYu CFOP Wettkampfmatte"},"content":{"rendered":"<p>Die MoYu CFOP Competition Mat ist das neueste Design von MoYu f\u00fcr 2024. Diese Matte, die in zwei Gr\u00f6\u00dfen erh\u00e4ltlich ist, wurde speziell f\u00fcr die Verwendung mit den MoYu-Timern entwickelt. Es enth\u00e4lt Algorithmen f\u00fcr alle m\u00f6glichen F2L-, OLL- und PLL-F\u00e4lle, was es zu einem n\u00fctzlichen Werkzeug zum Lernen und schnelleren L\u00f6sen macht. Die Matte hat eine griffige Gummibasis, ist wasserfest, schmutzabweisend und sto\u00dffest, um Ihre W\u00fcrfel vor St\u00fcrzen zu sch\u00fctzen. Mit dieser praktischen Matte k\u00f6nnen Sie unbesorgt mit hoher Geschwindigkeit spielen.<\/p>\n","protected":false},"excerpt":{"rendered":"<p>MOYU<\/p>\n","protected":false},"featured_media":466448,"template":"","meta":{"_improvement_type_select":"improve_an_existing","_thumb_yes_seoaic":false,"_frame_yes_seoaic":false,"seoaic_generate_description":"","seoaic_improve_instructions_prompt":"","seoaic_rollback_content_improvement":"","seoaic_idea_thumbnail_generator":"","thumbnail_generated":false,"thumbnail_generate_prompt":"","seoaic_article_description":"","product-afmeting-lengte-mm":"","product-afmeting-breedte-mm":"","product-afmeting-hoogte-mm":""},"product_brand":[],"product_cat":[2154,1332,1211,2704],"product_tag":[],"class_list":{"0":"post-466729","1":"product","2":"type-product","3":"status-publish","4":"has-post-thumbnail","6":"product_cat-mats-de","7":"product_cat-moyu-de","8":"product_cat-speedcube-de","9":"product_cat-zubehor-speedcube","10":"pa_merken-moyu-de","12":"first","13":"instock","14":"taxable","15":"shipping-taxable","16":"purchasable","17":"product-type-variable"},"df_price":9.99,"df_sale_price":"","df_regular_price":9.99,"df_image_link":"https:\/\/www.speedcube.nl\/wp-content\/uploads\/2024\/04\/Productvisuals_Speedcubes-MoYu-CFOP-competition-Mat--285x300.jpg","_links":{"self":[{"href":"https:\/\/www.speedcube.nl\/de\/wp-json\/wp\/v2\/product\/466729","targetHints":{"allow":["GET"]}}],"collection":[{"href":"https:\/\/www.speedcube.nl\/de\/wp-json\/wp\/v2\/product"}],"about":[{"href":"https:\/\/www.speedcube.nl\/de\/wp-json\/wp\/v2\/types\/product"}],"version-history":[{"count":0,"href":"https:\/\/www.speedcube.nl\/de\/wp-json\/wp\/v2\/product\/466729\/revisions"}],"wp:featuredmedia":[{"embeddable":true,"href":"https:\/\/www.speedcube.nl\/de\/wp-json\/wp\/v2\/media\/466448"}],"wp:attachment":[{"href":"https:\/\/www.speedcube.nl\/de\/wp-json\/wp\/v2\/media?parent=466729"}],"wp:term":[{"taxonomy":"product_brand","embeddable":true,"href":"https:\/\/www.speedcube.nl\/de\/wp-json\/wp\/v2\/product_brand?post=466729"},{"taxonomy":"product_cat","embeddable":true,"href":"https:\/\/www.speedcube.nl\/de\/wp-json\/wp\/v2\/product_cat?post=466729"},{"taxonomy":"product_tag","embeddable":true,"href":"https:\/\/www.speedcube.nl\/de\/wp-json\/wp\/v2\/product_tag?post=466729"}],"curies":[{"name":"wp","href":"https:\/\/api.w.org\/{rel}","templated":true}]}}