{"id":466728,"date":"2024-04-12T08:57:13","date_gmt":"2024-04-12T06:57:13","guid":{"rendered":"https:\/\/www.speedcube.nl\/?post_type=product&#038;p=466728"},"modified":"2026-05-11T05:01:45","modified_gmt":"2026-05-11T03:01:45","slug":"diansheng-magnetische-teraminx","status":"publish","type":"product","link":"https:\/\/www.speedcube.nl\/de\/speedcube-de\/7x7-de\/diansheng-magnetische-teraminx\/","title":{"rendered":"Diansheng Magnetische Teraminx"},"content":{"rendered":"<p>Der Diansheng Magnetic Teraminx-W\u00fcrfel ist dank seiner erh\u00f6hten Stabilit\u00e4t ein absolutes Vergn\u00fcgen beim L\u00f6sen. Mit den magnetischen Regenbogenkapseln im Inneren des W\u00fcrfels wird das Innere des W\u00fcrfels beim L\u00f6sen sch\u00f6n sichtbar. Das hohle Muster sorgt daf\u00fcr, dass die Schmierstoffe gleichm\u00e4\u00dfig und dauerhaft im W\u00fcrfel verteilt werden. Das Arc Design, also die gebogene Oberfl\u00e4che, verbessert die Stabilit\u00e4t und Griffigkeit des W\u00fcrfels und macht ihn perfekt ausbalanciert. Dar\u00fcber hinaus ist der W\u00fcrfel dank seines ergonomischen Designs leicht zu handhaben. Mit seinem magnetischen Kapselmechanismus bietet der W\u00fcrfel eine reibungslose, stabile, schnelle und pr\u00e4zise Drehung. Die kleinen, aber stabilen Schrauben im W\u00fcrfel erleichtern das Einstellen des W\u00fcrfels nach Bedarf. Fordere dich mit diesem einzigartigen W\u00fcrfel heraus und teste deine Speedcube-F\u00e4higkeiten!<\/p>\n","protected":false},"excerpt":{"rendered":"<p>DIANSHENG<\/p>\n","protected":false},"featured_media":466488,"template":"","meta":{"_improvement_type_select":"improve_an_existing","_thumb_yes_seoaic":false,"_frame_yes_seoaic":false,"seoaic_generate_description":"","seoaic_improve_instructions_prompt":"","seoaic_rollback_content_improvement":"","seoaic_idea_thumbnail_generator":"","thumbnail_generated":false,"thumbnail_generate_prompt":"","seoaic_article_description":"","product-afmeting-lengte-mm":"67","product-afmeting-breedte-mm":"67","product-afmeting-hoogte-mm":"67"},"product_brand":[],"product_cat":[1897,1328,1378,1211],"product_tag":[],"class_list":{"0":"post-466728","1":"product","2":"type-product","3":"status-publish","4":"has-post-thumbnail","6":"product_cat-7x7-de","7":"product_cat-diansheng-de","8":"product_cat-megaminx-de","9":"product_cat-speedcube-de","10":"pa_merken-diansheng-de","12":"first","13":"outofstock","14":"taxable","15":"shipping-taxable","16":"purchasable","17":"product-type-simple"},"df_price":84.99,"df_sale_price":"","df_regular_price":84.99,"df_image_link":"https:\/\/www.speedcube.nl\/wp-content\/uploads\/2024\/04\/Productvisuals_Speedcubes-Diansheng-Magnetic-Teraminx-cube--285x300.jpg","_links":{"self":[{"href":"https:\/\/www.speedcube.nl\/de\/wp-json\/wp\/v2\/product\/466728","targetHints":{"allow":["GET"]}}],"collection":[{"href":"https:\/\/www.speedcube.nl\/de\/wp-json\/wp\/v2\/product"}],"about":[{"href":"https:\/\/www.speedcube.nl\/de\/wp-json\/wp\/v2\/types\/product"}],"version-history":[{"count":0,"href":"https:\/\/www.speedcube.nl\/de\/wp-json\/wp\/v2\/product\/466728\/revisions"}],"wp:featuredmedia":[{"embeddable":true,"href":"https:\/\/www.speedcube.nl\/de\/wp-json\/wp\/v2\/media\/466488"}],"wp:attachment":[{"href":"https:\/\/www.speedcube.nl\/de\/wp-json\/wp\/v2\/media?parent=466728"}],"wp:term":[{"taxonomy":"product_brand","embeddable":true,"href":"https:\/\/www.speedcube.nl\/de\/wp-json\/wp\/v2\/product_brand?post=466728"},{"taxonomy":"product_cat","embeddable":true,"href":"https:\/\/www.speedcube.nl\/de\/wp-json\/wp\/v2\/product_cat?post=466728"},{"taxonomy":"product_tag","embeddable":true,"href":"https:\/\/www.speedcube.nl\/de\/wp-json\/wp\/v2\/product_tag?post=466728"}],"curies":[{"name":"wp","href":"https:\/\/api.w.org\/{rel}","templated":true}]}}