{"id":466170,"date":"2024-04-09T10:46:56","date_gmt":"2024-04-09T08:46:56","guid":{"rendered":"https:\/\/www.speedcube.nl\/?post_type=product&#038;p=466170"},"modified":"2026-04-28T05:01:31","modified_gmt":"2026-04-28T03:01:31","slug":"gan-monster-go-ai-box-3x3-intelligenter-wurfel-kopie","status":"publish","type":"product","link":"https:\/\/www.speedcube.nl\/de\/aanbieding-de\/gan-monster-go-ai-box-3x3-intelligenter-wurfel-kopie\/","title":{"rendered":"GAN Monster Go AI 3&#215;3 Smartcube (Lite-Version)"},"content":{"rendered":"<p>Der Gan Monster Go AI 3&#215;3 Smart Cube ist ein W\u00fcrfel, der f\u00fcr Kinder und Anf\u00e4nger entwickelt wurde. Mit einem robusten Mechanismus und Unterst\u00fctzung f\u00fcr die CubeStation-App. Sie k\u00f6nnen diesen W\u00fcrfel \u00fcber Bluetooth mit der Cubestation App (iOS &amp; Android) verbinden. Der Akku h\u00e4lt etwa 280 Stunden lang. Au\u00dferdem ist diese Konstruktion stabil und leicht.<\/p>\n<p>Merkmale der App:<br \/>\nInteraktives Selbststudium zur L\u00f6sung von<br \/>\nAusbildungsmodus<br \/>\nZeitschaltuhr<br \/>\nAlgorithmus-Liste<br \/>\nRoboter-Kompatibilit\u00e4t<br \/>\nOnline-Rennen<\/p>\n<p>&nbsp;<\/p>\n","protected":false},"excerpt":{"rendered":"<p>GAN MONSTER GO<\/p>\n","protected":false},"featured_media":466224,"template":"","meta":{"_improvement_type_select":"improve_an_existing","_thumb_yes_seoaic":false,"_frame_yes_seoaic":false,"seoaic_generate_description":"","seoaic_improve_instructions_prompt":"","seoaic_rollback_content_improvement":"","seoaic_idea_thumbnail_generator":"","thumbnail_generated":false,"thumbnail_generate_prompt":"","seoaic_article_description":"","product-afmeting-lengte-mm":"56","product-afmeting-breedte-mm":"56","product-afmeting-hoogte-mm":"56"},"product_brand":[],"product_cat":[1270,1211,2558],"product_tag":[],"class_list":{"0":"post-466170","1":"product","2":"type-product","3":"status-publish","4":"has-post-thumbnail","6":"product_cat-gan-de","7":"product_cat-speedcube-de","8":"product_cat-aanbieding-de","9":"pa_merken-monster-go-de","10":"pa_merken-gan-de","12":"first","13":"instock","14":"sale","15":"taxable","16":"shipping-taxable","17":"purchasable","18":"product-type-simple"},"df_price":17.49,"df_sale_price":17.49,"df_regular_price":24.99,"df_image_link":"https:\/\/www.speedcube.nl\/wp-content\/uploads\/2024\/04\/Productvisuals_Speedcubes-GAN-Monster-Go-AI-3x3-Smartcube-lite-version--285x300.jpg","_links":{"self":[{"href":"https:\/\/www.speedcube.nl\/de\/wp-json\/wp\/v2\/product\/466170","targetHints":{"allow":["GET"]}}],"collection":[{"href":"https:\/\/www.speedcube.nl\/de\/wp-json\/wp\/v2\/product"}],"about":[{"href":"https:\/\/www.speedcube.nl\/de\/wp-json\/wp\/v2\/types\/product"}],"version-history":[{"count":0,"href":"https:\/\/www.speedcube.nl\/de\/wp-json\/wp\/v2\/product\/466170\/revisions"}],"wp:featuredmedia":[{"embeddable":true,"href":"https:\/\/www.speedcube.nl\/de\/wp-json\/wp\/v2\/media\/466224"}],"wp:attachment":[{"href":"https:\/\/www.speedcube.nl\/de\/wp-json\/wp\/v2\/media?parent=466170"}],"wp:term":[{"taxonomy":"product_brand","embeddable":true,"href":"https:\/\/www.speedcube.nl\/de\/wp-json\/wp\/v2\/product_brand?post=466170"},{"taxonomy":"product_cat","embeddable":true,"href":"https:\/\/www.speedcube.nl\/de\/wp-json\/wp\/v2\/product_cat?post=466170"},{"taxonomy":"product_tag","embeddable":true,"href":"https:\/\/www.speedcube.nl\/de\/wp-json\/wp\/v2\/product_tag?post=466170"}],"curies":[{"name":"wp","href":"https:\/\/api.w.org\/{rel}","templated":true}]}}