{"id":465836,"date":"2024-04-09T10:50:34","date_gmt":"2024-04-09T08:50:34","guid":{"rendered":"https:\/\/www.speedcube.nl\/?post_type=product&#038;p=465836"},"modified":"2026-05-09T05:02:07","modified_gmt":"2026-05-09T03:02:07","slug":"smartgames-iq-twist-kopie","status":"publish","type":"product","link":"https:\/\/www.speedcube.nl\/de\/aanbieding-de\/smartgames-iq-twist-kopie\/","title":{"rendered":"Smartgames IQ Twist (kopie)"},"content":{"rendered":"<p><span data-offset-key=\"3jah1-189-0\">K<\/span><span data-offset-key=\"3jah1-190-0\">la<\/span><span data-offset-key=\"3jah1-191-0\">ar<\/span><span data-offset-key=\"3jah1-192-0\">  zu<\/span><span data-offset-key=\"3jah1-193-0\">  Ihr<\/span><span data-offset-key=\"3jah1-194-0\">  bre<\/span><span data-offset-key=\"3jah1-195-0\">unter<\/span><span data-offset-key=\"3jah1-196-0\">  unter<\/span><span data-offset-key=\"3jah1-197-0\">  Ihr<\/span><span data-offset-key=\"3jah1-198-0\">  e<\/span><span data-offset-key=\"3jah1-199-0\">igen<\/span><span data-offset-key=\"3jah1-200-0\">  th<\/span><span data-offset-key=\"3jah1-201-0\">u<\/span><span data-offset-key=\"3jah1-202-0\">ist<\/span><span data-offset-key=\"3jah1-203-0\">gy<\/span><span data-offset-key=\"3jah1-204-0\">m<\/span><span data-offset-key=\"3jah1-205-0\">  a<\/span><span data-offset-key=\"3jah1-206-0\">eine<\/span><span data-offset-key=\"3jah1-207-0\">  Hallo<\/span><span data-offset-key=\"3jah1-208-0\">t<\/span><span data-offset-key=\"3jah1-209-0\">  w<\/span><span data-offset-key=\"3jah1-210-0\">Bucht<\/span><span data-offset-key=\"3jah1-211-0\">  unter<\/span><span data-offset-key=\"3jah1-212-0\">  z<\/span><span data-offset-key=\"3jah1-213-0\">und<\/span><span data-offset-key=\"3jah1-214-0\">unter<\/span><span data-offset-key=\"3jah1-215-0\">?<\/span><span data-offset-key=\"3jah1-216-0\">  Versuche, alle verdrehten Figuren auf das Brett zu bekommen! Smartgames&#8216; IQ Twist bietet<\/span><span data-offset-key=\"3jah1-218-0\">  100<\/span><span data-offset-key=\"3jah1-219-0\">  u<\/span><span data-offset-key=\"3jah1-220-0\">es<\/span><span data-offset-key=\"3jah1-221-0\">d<\/span><span data-offset-key=\"3jah1-222-0\">Alterung<\/span><span data-offset-key=\"3jah1-223-0\">und<\/span><span data-offset-key=\"3jah1-224-0\">  und<\/span><span data-offset-key=\"3jah1-227-0\">  m<\/span><span data-offset-key=\"3jah1-228-0\">oe<\/span><span data-offset-key=\"3jah1-229-0\">ili<\/span><span data-offset-key=\"3jah1-230-0\">j<\/span><span data-offset-key=\"3jah1-231-0\">k<\/span><span data-offset-key=\"3jah1-232-0\">hed<\/span><span data-offset-key=\"3jah1-233-0\">und<\/span><span data-offset-key=\"3jah1-234-0\">  unter<\/span><span data-offset-key=\"3jah1-235-0\">  alle<\/span><span data-offset-key=\"3jah1-236-0\">  n<\/span><span data-offset-key=\"3jah1-237-0\">ive<\/span><span data-offset-key=\"3jah1-238-0\">aus<\/span><span data-offset-key=\"3jah1-239-0\">. Dieses R\u00e4tsel ist ein Spa\u00df f\u00fcr Kinder ab 6 Jahren.<\/span><\/p>\n<p>Enth\u00e4lt: Kompaktes Spielbrett mit Deckel, 8 Puzzlest\u00fccke, 7 Stifte und ein Heft mit Aufgaben und L\u00f6sungen.<\/p>\n","protected":false},"excerpt":{"rendered":"<p>SMARTGAMES<\/p>\n","protected":false},"featured_media":465840,"template":"","meta":{"_improvement_type_select":"improve_an_existing","_thumb_yes_seoaic":false,"_frame_yes_seoaic":false,"seoaic_generate_description":"","seoaic_improve_instructions_prompt":"","seoaic_rollback_content_improvement":"","seoaic_idea_thumbnail_generator":"","thumbnail_generated":false,"thumbnail_generate_prompt":"","seoaic_article_description":"","product-afmeting-lengte-mm":"145","product-afmeting-breedte-mm":"100","product-afmeting-hoogte-mm":"30"},"product_brand":[],"product_cat":[2558],"product_tag":[],"class_list":{"0":"post-465836","1":"product","2":"type-product","3":"status-publish","4":"has-post-thumbnail","6":"product_cat-aanbieding-de","7":"pa_merken-smartgames-de","9":"first","10":"instock","11":"sale","12":"taxable","13":"shipping-taxable","14":"purchasable","15":"product-type-simple"},"df_price":8.99,"df_sale_price":8.99,"df_regular_price":14.99,"df_image_link":"https:\/\/www.speedcube.nl\/wp-content\/uploads\/2024\/04\/Productvisuals_Breinbrekers-Smartgames-IQ\u2010Six-Pro--285x300.jpg","_links":{"self":[{"href":"https:\/\/www.speedcube.nl\/de\/wp-json\/wp\/v2\/product\/465836","targetHints":{"allow":["GET"]}}],"collection":[{"href":"https:\/\/www.speedcube.nl\/de\/wp-json\/wp\/v2\/product"}],"about":[{"href":"https:\/\/www.speedcube.nl\/de\/wp-json\/wp\/v2\/types\/product"}],"version-history":[{"count":0,"href":"https:\/\/www.speedcube.nl\/de\/wp-json\/wp\/v2\/product\/465836\/revisions"}],"wp:featuredmedia":[{"embeddable":true,"href":"https:\/\/www.speedcube.nl\/de\/wp-json\/wp\/v2\/media\/465840"}],"wp:attachment":[{"href":"https:\/\/www.speedcube.nl\/de\/wp-json\/wp\/v2\/media?parent=465836"}],"wp:term":[{"taxonomy":"product_brand","embeddable":true,"href":"https:\/\/www.speedcube.nl\/de\/wp-json\/wp\/v2\/product_brand?post=465836"},{"taxonomy":"product_cat","embeddable":true,"href":"https:\/\/www.speedcube.nl\/de\/wp-json\/wp\/v2\/product_cat?post=465836"},{"taxonomy":"product_tag","embeddable":true,"href":"https:\/\/www.speedcube.nl\/de\/wp-json\/wp\/v2\/product_tag?post=465836"}],"curies":[{"name":"wp","href":"https:\/\/api.w.org\/{rel}","templated":true}]}}