{"id":465803,"date":"2024-05-06T12:34:31","date_gmt":"2024-05-06T10:34:31","guid":{"rendered":"https:\/\/www.speedcube.nl\/?post_type=product&#038;p=465803"},"modified":"2026-05-12T05:01:11","modified_gmt":"2026-05-12T03:01:11","slug":"slimy-slippery-goo","status":"publish","type":"product","link":"https:\/\/www.speedcube.nl\/de\/aanbieding-de\/slimy-slippery-goo\/","title":{"rendered":"Schleimiger glitschiger Glibber"},"content":{"rendered":"<p>Entdecken Sie eine neue Erfahrung von glattem, rutschigem Vergn\u00fcgen mit dem Slimy Slippery Goo! Erh\u00e4ltlich in 3 verschiedenen Metallic-Farbt\u00f6nen, rutscht und tropft dieses lebendige Slimy Slippery Goo ununterbrochen! Gleitet durch Ihre H\u00e4nde wie ein Fisch! Ideal f\u00fcr endlose Unterhaltung. Es sind 3 verschiedene Farben erh\u00e4ltlich und es ist eine \u00dcberraschung, welche Farbe Sie erhalten.<\/p>\n<p>Die Original-SLIMY\u00ae-Produkte basieren auf nat\u00fcrlichen und sehr hochwertigen Inhaltsstoffen. Patentiertes Konservierungsverfahren ohne Parabene oder andere sch\u00e4dliche Stoffe, Konservierungsmittel und 100% glutenfrei. Das Original SLIMY\u00ae erf\u00fcllt die strengsten internationalen Qualit\u00e4ts- und Sicherheitsstandards.<\/p>\n<p><i>Merkmale:<\/i><br \/>\n+ Gewicht: 300 Gramm<br \/>\n+ Spa\u00df f\u00fcr Kinder ab 5 Jahren<\/p>\n","protected":false},"excerpt":{"rendered":"<p>SLIMY<\/p>\n","protected":false},"featured_media":467704,"template":"","meta":{"_improvement_type_select":"improve_an_existing","_thumb_yes_seoaic":false,"_frame_yes_seoaic":false,"seoaic_generate_description":"","seoaic_improve_instructions_prompt":"","seoaic_rollback_content_improvement":"","seoaic_idea_thumbnail_generator":"","thumbnail_generated":false,"thumbnail_generate_prompt":"","seoaic_article_description":"","product-afmeting-lengte-mm":"","product-afmeting-breedte-mm":"","product-afmeting-hoogte-mm":""},"product_brand":[],"product_cat":[1552,2558,1752],"product_tag":[],"class_list":{"0":"post-465803","1":"product","2":"type-product","3":"status-publish","4":"has-post-thumbnail","6":"product_cat-kitt","7":"product_cat-aanbieding-de","8":"product_cat-schleimig","9":"pa_merken-slimy-de","11":"first","12":"instock","13":"sale","14":"taxable","15":"shipping-taxable","16":"purchasable","17":"product-type-simple"},"df_price":3.2,"df_sale_price":3.2,"df_regular_price":7.99,"df_image_link":"https:\/\/www.speedcube.nl\/wp-content\/uploads\/2024\/04\/Productvisuals_putty-Slimy-Slippery-Goo--285x300.jpg","_links":{"self":[{"href":"https:\/\/www.speedcube.nl\/de\/wp-json\/wp\/v2\/product\/465803","targetHints":{"allow":["GET"]}}],"collection":[{"href":"https:\/\/www.speedcube.nl\/de\/wp-json\/wp\/v2\/product"}],"about":[{"href":"https:\/\/www.speedcube.nl\/de\/wp-json\/wp\/v2\/types\/product"}],"version-history":[{"count":0,"href":"https:\/\/www.speedcube.nl\/de\/wp-json\/wp\/v2\/product\/465803\/revisions"}],"wp:featuredmedia":[{"embeddable":true,"href":"https:\/\/www.speedcube.nl\/de\/wp-json\/wp\/v2\/media\/467704"}],"wp:attachment":[{"href":"https:\/\/www.speedcube.nl\/de\/wp-json\/wp\/v2\/media?parent=465803"}],"wp:term":[{"taxonomy":"product_brand","embeddable":true,"href":"https:\/\/www.speedcube.nl\/de\/wp-json\/wp\/v2\/product_brand?post=465803"},{"taxonomy":"product_cat","embeddable":true,"href":"https:\/\/www.speedcube.nl\/de\/wp-json\/wp\/v2\/product_cat?post=465803"},{"taxonomy":"product_tag","embeddable":true,"href":"https:\/\/www.speedcube.nl\/de\/wp-json\/wp\/v2\/product_tag?post=465803"}],"curies":[{"name":"wp","href":"https:\/\/api.w.org\/{rel}","templated":true}]}}