{"id":465737,"date":"2024-05-06T12:34:35","date_gmt":"2024-05-06T10:34:35","guid":{"rendered":"https:\/\/www.speedcube.nl\/?post_type=product&#038;p=465737"},"modified":"2026-05-03T05:25:53","modified_gmt":"2026-05-03T03:25:53","slug":"slimy-goo-test-tube","status":"publish","type":"product","link":"https:\/\/www.speedcube.nl\/de\/aanbieding-de\/slimy-goo-test-tube\/","title":{"rendered":"Schleimiges Glibber-Reagenzglas"},"content":{"rendered":"<p>Entdecken Sie das vielseitige Spielerlebnis dieses Slimy. Lassen Sie Ihrer Kreativit\u00e4t freien Lauf und erschaffen Sie die sch\u00f6nsten Kreationen, die Sie endlos verformen, h\u00fcpfen und formen k\u00f6nnen. Der Slimy beh\u00e4lt seine Flexibilit\u00e4t und trocknet nicht aus, so dass Sie ihn immer wieder genie\u00dfen k\u00f6nnen. Es sind 5 verschiedene Farben erh\u00e4ltlich und es ist eine \u00dcberraschung, welche Farbe Sie erhalten.<\/p>\n<p>Die Produktsicherheit ist f\u00fcr uns besonders wichtig. Die Original-SLIMY\u00ae-Produkte basieren auf nat\u00fcrlichen und sehr hochwertigen Inhaltsstoffen. Patentiertes Konservierungsverfahren ohne Parabene oder andere sch\u00e4dliche Stoffe, Konservierungsmittel und 100% glutenfrei. Das Original SLIMY\u00ae erf\u00fcllt die strengsten internationalen Qualit\u00e4ts- und Sicherheitsstandards.<\/p>\n<p><i>Merkmale:<\/i><br \/>\n+ Gewicht: 45 Gramm<br \/>\n+ Spa\u00df f\u00fcr Kinder ab 3 Jahren<\/p>\n","protected":false},"excerpt":{"rendered":"<p>SLIMY<\/p>\n","protected":false},"featured_media":466119,"template":"","meta":{"_improvement_type_select":"improve_an_existing","_thumb_yes_seoaic":false,"_frame_yes_seoaic":false,"seoaic_generate_description":"","seoaic_improve_instructions_prompt":"","seoaic_rollback_content_improvement":"","seoaic_idea_thumbnail_generator":"","thumbnail_generated":false,"thumbnail_generate_prompt":"","seoaic_article_description":"","product-afmeting-lengte-mm":"","product-afmeting-breedte-mm":"","product-afmeting-hoogte-mm":""},"product_brand":[],"product_cat":[1552,1752,2558],"product_tag":[],"class_list":{"0":"post-465737","1":"product","2":"type-product","3":"status-publish","4":"has-post-thumbnail","6":"product_cat-kitt","7":"product_cat-schleimig","8":"product_cat-aanbieding-de","9":"pa_merken-slimy-de","11":"first","12":"instock","13":"sale","14":"taxable","15":"shipping-taxable","16":"purchasable","17":"product-type-simple"},"df_price":1.6,"df_sale_price":1.6,"df_regular_price":3.99,"df_image_link":"https:\/\/www.speedcube.nl\/wp-content\/uploads\/2024\/04\/Productvisuals_putty-Slimy-Test-Tube-45-g-Galactic-Slimy--285x300.jpg","_links":{"self":[{"href":"https:\/\/www.speedcube.nl\/de\/wp-json\/wp\/v2\/product\/465737","targetHints":{"allow":["GET"]}}],"collection":[{"href":"https:\/\/www.speedcube.nl\/de\/wp-json\/wp\/v2\/product"}],"about":[{"href":"https:\/\/www.speedcube.nl\/de\/wp-json\/wp\/v2\/types\/product"}],"version-history":[{"count":0,"href":"https:\/\/www.speedcube.nl\/de\/wp-json\/wp\/v2\/product\/465737\/revisions"}],"wp:featuredmedia":[{"embeddable":true,"href":"https:\/\/www.speedcube.nl\/de\/wp-json\/wp\/v2\/media\/466119"}],"wp:attachment":[{"href":"https:\/\/www.speedcube.nl\/de\/wp-json\/wp\/v2\/media?parent=465737"}],"wp:term":[{"taxonomy":"product_brand","embeddable":true,"href":"https:\/\/www.speedcube.nl\/de\/wp-json\/wp\/v2\/product_brand?post=465737"},{"taxonomy":"product_cat","embeddable":true,"href":"https:\/\/www.speedcube.nl\/de\/wp-json\/wp\/v2\/product_cat?post=465737"},{"taxonomy":"product_tag","embeddable":true,"href":"https:\/\/www.speedcube.nl\/de\/wp-json\/wp\/v2\/product_tag?post=465737"}],"curies":[{"name":"wp","href":"https:\/\/api.w.org\/{rel}","templated":true}]}}