{"id":465685,"date":"2024-04-04T13:18:31","date_gmt":"2024-04-04T11:18:31","guid":{"rendered":"https:\/\/www.speedcube.nl\/?post_type=product&#038;p=465685"},"modified":"2026-05-02T05:02:34","modified_gmt":"2026-05-02T03:02:34","slug":"robotime-flieder-tw021","status":"publish","type":"product","link":"https:\/\/www.speedcube.nl\/de\/aanbieding-de\/robotime-flieder-tw021\/","title":{"rendered":"Robotime Flieder TW021"},"content":{"rendered":"<p>Sie wollen Blumen, die nie verwelken? Dann sind die Holzblumen von Robotime genau das Richtige f\u00fcr Sie! Kreieren Sie Ihren eigenen pr\u00e4chtigen Strau\u00df, der f\u00fcr immer gl\u00e4nzen wird. Ob Sie einen Strau\u00df zusammenstellen oder die Blumen einzeln ausstellen wollen, alles ist m\u00f6glich. Die Blumen sind bereits sch\u00f6n gef\u00e4rbt, so dass kein Anstrich erforderlich ist. Verleihen Sie Ihrem Zuhause mit diesen einzigartigen Blumen eine fr\u00f6hliche Note! Der lila-fliederfarbene Flieder besteht aus 154 Teilen und ist leicht zu montieren.<\/p>\n","protected":false},"excerpt":{"rendered":"<p>ROBOTIME<\/p>\n","protected":false},"featured_media":465631,"template":"","meta":{"_improvement_type_select":"improve_an_existing","_thumb_yes_seoaic":false,"_frame_yes_seoaic":false,"seoaic_generate_description":"","seoaic_improve_instructions_prompt":"","seoaic_rollback_content_improvement":"","seoaic_idea_thumbnail_generator":"","thumbnail_generated":false,"thumbnail_generate_prompt":"","seoaic_article_description":"","product-afmeting-lengte-mm":"75","product-afmeting-breedte-mm":"70","product-afmeting-hoogte-mm":"255"},"product_brand":[],"product_cat":[1499,1619,2558],"product_tag":[],"class_list":{"0":"post-465685","1":"product","2":"type-product","3":"status-publish","4":"has-post-thumbnail","6":"product_cat-modellbau","7":"product_cat-robotime-de","8":"product_cat-aanbieding-de","9":"pa_merken-robotime-de","11":"first","12":"instock","13":"sale","14":"taxable","15":"shipping-taxable","16":"purchasable","17":"product-type-simple"},"df_price":7.49,"df_sale_price":7.49,"df_regular_price":9.99,"df_image_link":"https:\/\/www.speedcube.nl\/wp-content\/uploads\/2024\/04\/Productvisuals_Modelbouw-Robotime-Lilac-TW021--285x300.jpg","_links":{"self":[{"href":"https:\/\/www.speedcube.nl\/de\/wp-json\/wp\/v2\/product\/465685","targetHints":{"allow":["GET"]}}],"collection":[{"href":"https:\/\/www.speedcube.nl\/de\/wp-json\/wp\/v2\/product"}],"about":[{"href":"https:\/\/www.speedcube.nl\/de\/wp-json\/wp\/v2\/types\/product"}],"version-history":[{"count":0,"href":"https:\/\/www.speedcube.nl\/de\/wp-json\/wp\/v2\/product\/465685\/revisions"}],"wp:featuredmedia":[{"embeddable":true,"href":"https:\/\/www.speedcube.nl\/de\/wp-json\/wp\/v2\/media\/465631"}],"wp:attachment":[{"href":"https:\/\/www.speedcube.nl\/de\/wp-json\/wp\/v2\/media?parent=465685"}],"wp:term":[{"taxonomy":"product_brand","embeddable":true,"href":"https:\/\/www.speedcube.nl\/de\/wp-json\/wp\/v2\/product_brand?post=465685"},{"taxonomy":"product_cat","embeddable":true,"href":"https:\/\/www.speedcube.nl\/de\/wp-json\/wp\/v2\/product_cat?post=465685"},{"taxonomy":"product_tag","embeddable":true,"href":"https:\/\/www.speedcube.nl\/de\/wp-json\/wp\/v2\/product_tag?post=465685"}],"curies":[{"name":"wp","href":"https:\/\/api.w.org\/{rel}","templated":true}]}}