{"id":465684,"date":"2024-04-04T13:18:30","date_gmt":"2024-04-04T11:18:30","guid":{"rendered":"https:\/\/www.speedcube.nl\/?post_type=product&#038;p=465684"},"modified":"2026-04-30T05:12:18","modified_gmt":"2026-04-30T03:12:18","slug":"robotime-rote-rose-tw042","status":"publish","type":"product","link":"https:\/\/www.speedcube.nl\/de\/aanbieding-de\/robotime-rote-rose-tw042\/","title":{"rendered":"Robotime Rote Rose TW042"},"content":{"rendered":"<p>Keine Lust mehr auf verwelkte Blumen? Dann sind die Holzblumen von Robotime genau das Richtige f\u00fcr Sie! Kreieren Sie Ihren eigenen wundersch\u00f6nen Strau\u00df, der f\u00fcr immer strahlend bleibt. Ob Sie einen Strau\u00df zusammenstellen oder die Blumen einzeln ausstellen wollen, alles ist m\u00f6glich. Die Blumen sind bereits sch\u00f6n gef\u00e4rbt, so dass kein Anstrich erforderlich ist. Diese besonderen Blumen werden Ihr Zuhause nachhaltig aufwerten! Die rote Rose besteht aus 106 Teilen und l\u00e4sst sich leicht zusammenbauen.<\/p>\n","protected":false},"excerpt":{"rendered":"<p>ROBOTIME<\/p>\n","protected":false},"featured_media":465653,"template":"","meta":{"_improvement_type_select":"improve_an_existing","_thumb_yes_seoaic":false,"_frame_yes_seoaic":false,"seoaic_generate_description":"","seoaic_improve_instructions_prompt":"","seoaic_rollback_content_improvement":"","seoaic_idea_thumbnail_generator":"","thumbnail_generated":false,"thumbnail_generate_prompt":"","seoaic_article_description":"","product-afmeting-lengte-mm":"85","product-afmeting-breedte-mm":"65","product-afmeting-hoogte-mm":"210"},"product_brand":[],"product_cat":[1499,1619,2558],"product_tag":[],"class_list":{"0":"post-465684","1":"product","2":"type-product","3":"status-publish","4":"has-post-thumbnail","6":"product_cat-modellbau","7":"product_cat-robotime-de","8":"product_cat-aanbieding-de","9":"pa_merken-robotime-de","11":"first","12":"instock","13":"sale","14":"taxable","15":"shipping-taxable","16":"purchasable","17":"product-type-simple"},"df_price":4.995,"df_sale_price":4.995,"df_regular_price":9.99,"df_image_link":"https:\/\/www.speedcube.nl\/wp-content\/uploads\/2024\/04\/Productvisuals_Modelbouw-Robotime-Red-Rose-TW042--285x300.jpg","_links":{"self":[{"href":"https:\/\/www.speedcube.nl\/de\/wp-json\/wp\/v2\/product\/465684","targetHints":{"allow":["GET"]}}],"collection":[{"href":"https:\/\/www.speedcube.nl\/de\/wp-json\/wp\/v2\/product"}],"about":[{"href":"https:\/\/www.speedcube.nl\/de\/wp-json\/wp\/v2\/types\/product"}],"version-history":[{"count":0,"href":"https:\/\/www.speedcube.nl\/de\/wp-json\/wp\/v2\/product\/465684\/revisions"}],"wp:featuredmedia":[{"embeddable":true,"href":"https:\/\/www.speedcube.nl\/de\/wp-json\/wp\/v2\/media\/465653"}],"wp:attachment":[{"href":"https:\/\/www.speedcube.nl\/de\/wp-json\/wp\/v2\/media?parent=465684"}],"wp:term":[{"taxonomy":"product_brand","embeddable":true,"href":"https:\/\/www.speedcube.nl\/de\/wp-json\/wp\/v2\/product_brand?post=465684"},{"taxonomy":"product_cat","embeddable":true,"href":"https:\/\/www.speedcube.nl\/de\/wp-json\/wp\/v2\/product_cat?post=465684"},{"taxonomy":"product_tag","embeddable":true,"href":"https:\/\/www.speedcube.nl\/de\/wp-json\/wp\/v2\/product_tag?post=465684"}],"curies":[{"name":"wp","href":"https:\/\/api.w.org\/{rel}","templated":true}]}}