{"id":465683,"date":"2024-04-04T13:18:29","date_gmt":"2024-04-04T11:18:29","guid":{"rendered":"https:\/\/www.speedcube.nl\/?post_type=product&#038;p=465683"},"modified":"2026-04-29T05:04:23","modified_gmt":"2026-04-29T03:04:23","slug":"robotime-rosa-nelke-tw051","status":"publish","type":"product","link":"https:\/\/www.speedcube.nl\/de\/aanbieding-de\/robotime-rosa-nelke-tw051\/","title":{"rendered":"Robotime Rosa Nelke TW051"},"content":{"rendered":"<p>Sie wollen etwas anderes als Blumen, die schnell verwelken? Dann sind die Holzblumen von Robotime genau das Richtige f\u00fcr Sie! Kreieren Sie Ihren eigenen wundersch\u00f6nen Strau\u00df, der f\u00fcr immer leuchten wird. Egal, ob Sie einen Strau\u00df zusammenstellen oder die Blumen f\u00fcr sich allein stehen lassen wollen, die M\u00f6glichkeiten sind endlos. Die Blumen sind bereits sch\u00f6n gef\u00e4rbt und m\u00fcssen nicht mehr bemalt werden. Diese einzigartigen Blumenarrangements verleihen Ihrem Zuhause einen dauerhaften, fr\u00f6hlichen Look! Die rosa Nelke besteht aus 124 Teilen und l\u00e4sst sich leicht zusammenbauen.<\/p>\n","protected":false},"excerpt":{"rendered":"<p>ROBOTIME<\/p>\n","protected":false},"featured_media":465675,"template":"","meta":{"_improvement_type_select":"improve_an_existing","_thumb_yes_seoaic":false,"_frame_yes_seoaic":false,"seoaic_generate_description":"","seoaic_improve_instructions_prompt":"","seoaic_rollback_content_improvement":"","seoaic_idea_thumbnail_generator":"","thumbnail_generated":false,"thumbnail_generate_prompt":"","seoaic_article_description":"","product-afmeting-lengte-mm":"170","product-afmeting-breedte-mm":"70","product-afmeting-hoogte-mm":"290"},"product_brand":[],"product_cat":[1499,1619,2558],"product_tag":[],"class_list":{"0":"post-465683","1":"product","2":"type-product","3":"status-publish","4":"has-post-thumbnail","6":"product_cat-modellbau","7":"product_cat-robotime-de","8":"product_cat-aanbieding-de","9":"pa_merken-robotime-de","11":"first","12":"instock","13":"sale","14":"taxable","15":"shipping-taxable","16":"purchasable","17":"product-type-simple"},"df_price":7.49,"df_sale_price":7.49,"df_regular_price":9.99,"df_image_link":"https:\/\/www.speedcube.nl\/wp-content\/uploads\/2024\/04\/Productvisuals_Modelbouw-Robotime-Pink-Carnation-TW051--285x300.jpg","_links":{"self":[{"href":"https:\/\/www.speedcube.nl\/de\/wp-json\/wp\/v2\/product\/465683","targetHints":{"allow":["GET"]}}],"collection":[{"href":"https:\/\/www.speedcube.nl\/de\/wp-json\/wp\/v2\/product"}],"about":[{"href":"https:\/\/www.speedcube.nl\/de\/wp-json\/wp\/v2\/types\/product"}],"version-history":[{"count":0,"href":"https:\/\/www.speedcube.nl\/de\/wp-json\/wp\/v2\/product\/465683\/revisions"}],"wp:featuredmedia":[{"embeddable":true,"href":"https:\/\/www.speedcube.nl\/de\/wp-json\/wp\/v2\/media\/465675"}],"wp:attachment":[{"href":"https:\/\/www.speedcube.nl\/de\/wp-json\/wp\/v2\/media?parent=465683"}],"wp:term":[{"taxonomy":"product_brand","embeddable":true,"href":"https:\/\/www.speedcube.nl\/de\/wp-json\/wp\/v2\/product_brand?post=465683"},{"taxonomy":"product_cat","embeddable":true,"href":"https:\/\/www.speedcube.nl\/de\/wp-json\/wp\/v2\/product_cat?post=465683"},{"taxonomy":"product_tag","embeddable":true,"href":"https:\/\/www.speedcube.nl\/de\/wp-json\/wp\/v2\/product_tag?post=465683"}],"curies":[{"name":"wp","href":"https:\/\/api.w.org\/{rel}","templated":true}]}}