{"id":465681,"date":"2024-04-04T13:18:33","date_gmt":"2024-04-04T11:18:33","guid":{"rendered":"https:\/\/www.speedcube.nl\/?post_type=product&#038;p=465681"},"modified":"2026-05-01T05:00:34","modified_gmt":"2026-05-01T03:00:34","slug":"robotime-rosa-rose-tw041","status":"publish","type":"product","link":"https:\/\/www.speedcube.nl\/de\/aanbieding-de\/robotime-rosa-rose-tw041\/","title":{"rendered":"Robotime Rosa Rose TW041"},"content":{"rendered":"<p>Sie suchen Blumen, die lange sch\u00f6n bleiben? Dann haben wir die ideale L\u00f6sung f\u00fcr Sie! Gestalten Sie mit den Holzblumen von Robotime Ihren eigenen sch\u00f6nen Blumenstrau\u00df. Diese einzigartigen Blumen sind speziell f\u00fcr eine lang anhaltende Ausstrahlung konzipiert. Ob Sie einen Strau\u00df zusammenstellen oder die Blumen lose aufstellen wollen, alles ist m\u00f6glich. Die Blumen sind bereits sch\u00f6n gef\u00e4rbt, so dass kein Anstrich erforderlich ist. Verleihen Sie Ihrem Zuhause mit diesen besonderen Blumen eine fr\u00f6hliche Note! Die rosa Rose besteht aus 104 Teilen und l\u00e4sst sich leicht zusammenbauen.<\/p>\n","protected":false},"excerpt":{"rendered":"<p>ROBOTIME<\/p>\n","protected":false},"featured_media":465581,"template":"","meta":{"_improvement_type_select":"improve_an_existing","_thumb_yes_seoaic":false,"_frame_yes_seoaic":false,"seoaic_generate_description":"","seoaic_improve_instructions_prompt":"","seoaic_rollback_content_improvement":"","seoaic_idea_thumbnail_generator":"","thumbnail_generated":false,"thumbnail_generate_prompt":"","seoaic_article_description":"","product-afmeting-lengte-mm":"85","product-afmeting-breedte-mm":"65","product-afmeting-hoogte-mm":"210"},"product_brand":[],"product_cat":[1499,1619,2558],"product_tag":[],"class_list":{"0":"post-465681","1":"product","2":"type-product","3":"status-publish","4":"has-post-thumbnail","6":"product_cat-modellbau","7":"product_cat-robotime-de","8":"product_cat-aanbieding-de","9":"pa_merken-robotime-de","11":"first","12":"instock","13":"sale","14":"taxable","15":"shipping-taxable","16":"purchasable","17":"product-type-simple"},"df_price":4.995,"df_sale_price":4.995,"df_regular_price":9.99,"df_image_link":"https:\/\/www.speedcube.nl\/wp-content\/uploads\/2024\/04\/Productvisuals_Modelbouw-Robotime-Pink-Rose-TW041--285x300.jpg","_links":{"self":[{"href":"https:\/\/www.speedcube.nl\/de\/wp-json\/wp\/v2\/product\/465681","targetHints":{"allow":["GET"]}}],"collection":[{"href":"https:\/\/www.speedcube.nl\/de\/wp-json\/wp\/v2\/product"}],"about":[{"href":"https:\/\/www.speedcube.nl\/de\/wp-json\/wp\/v2\/types\/product"}],"version-history":[{"count":0,"href":"https:\/\/www.speedcube.nl\/de\/wp-json\/wp\/v2\/product\/465681\/revisions"}],"wp:featuredmedia":[{"embeddable":true,"href":"https:\/\/www.speedcube.nl\/de\/wp-json\/wp\/v2\/media\/465581"}],"wp:attachment":[{"href":"https:\/\/www.speedcube.nl\/de\/wp-json\/wp\/v2\/media?parent=465681"}],"wp:term":[{"taxonomy":"product_brand","embeddable":true,"href":"https:\/\/www.speedcube.nl\/de\/wp-json\/wp\/v2\/product_brand?post=465681"},{"taxonomy":"product_cat","embeddable":true,"href":"https:\/\/www.speedcube.nl\/de\/wp-json\/wp\/v2\/product_cat?post=465681"},{"taxonomy":"product_tag","embeddable":true,"href":"https:\/\/www.speedcube.nl\/de\/wp-json\/wp\/v2\/product_tag?post=465681"}],"curies":[{"name":"wp","href":"https:\/\/api.w.org\/{rel}","templated":true}]}}