{"id":463137,"date":"2024-03-28T17:03:16","date_gmt":"2024-03-28T16:03:16","guid":{"rendered":"https:\/\/www.speedcube.nl\/?post_type=product&#038;p=463137"},"modified":"2026-05-09T05:04:12","modified_gmt":"2026-05-09T03:04:12","slug":"unidragon-charming-bouquet-kopie-kopie-kopie-kopie-kopie-kopie-kopie-kopie-kopie-kopie-kopie-2","status":"publish","type":"product","link":"https:\/\/www.speedcube.nl\/de\/ratsel-de\/crafthub-de\/unidragon-charming-bouquet-kopie-kopie-kopie-kopie-kopie-kopie-kopie-kopie-kopie-kopie-kopie-2\/","title":{"rendered":"Crafthub Meerjungfrau"},"content":{"rendered":"<p>Entdecken Sie die zauberhafte Welt des Crafthub Mermaid Puzzles aus Holz. Lassen Sie sich von den wundersch\u00f6nen Korallen und der atemberaubenden Meerjungfrau mitrei\u00dfen. Aber h\u00fcte dich vor den gef\u00e4hrlichen Seeungeheuern, die in der Tiefe lauern. Mit den einzigartigen Puzzleteilen in verschiedenen Formen wird das Puzzeln zu einem echten Abenteuer.<\/p>\n<p>Klein = 75 St\u00fcck und Gr\u00f6\u00dfe von 13,4 x 13,4 cm<br \/>\nGro\u00df = 135 St\u00fcck und eine Gr\u00f6\u00dfe von 27,7 x 27,7 cm<\/p>\n<p>&nbsp;<\/p>\n","protected":false},"excerpt":{"rendered":"<p>CRAFTHUB<\/p>\n","protected":false},"featured_media":463145,"template":"","meta":{"_improvement_type_select":"improve_an_existing","_thumb_yes_seoaic":false,"_frame_yes_seoaic":false,"seoaic_generate_description":"","seoaic_improve_instructions_prompt":"","seoaic_rollback_content_improvement":"","seoaic_idea_thumbnail_generator":"","thumbnail_generated":false,"thumbnail_generate_prompt":"","seoaic_article_description":"","product-afmeting-lengte-mm":"","product-afmeting-breedte-mm":"","product-afmeting-hoogte-mm":""},"product_brand":[],"product_cat":[3314,1613,2558],"product_tag":[],"class_list":{"0":"post-463137","1":"product","2":"type-product","3":"status-publish","4":"has-post-thumbnail","6":"product_cat-crafthub-de","7":"product_cat-ratsel-de","8":"product_cat-aanbieding-de","9":"pa_merken-crafthub-de","11":"first","12":"instock","13":"sale","14":"taxable","15":"shipping-taxable","16":"purchasable","17":"product-type-variable"},"df_price":2.4,"df_sale_price":"","df_regular_price":2.4,"df_image_link":"https:\/\/www.speedcube.nl\/wp-content\/uploads\/2024\/03\/Productvisuals_Puzzels-Crafthub-Mermaid--285x300.jpg","_links":{"self":[{"href":"https:\/\/www.speedcube.nl\/de\/wp-json\/wp\/v2\/product\/463137","targetHints":{"allow":["GET"]}}],"collection":[{"href":"https:\/\/www.speedcube.nl\/de\/wp-json\/wp\/v2\/product"}],"about":[{"href":"https:\/\/www.speedcube.nl\/de\/wp-json\/wp\/v2\/types\/product"}],"version-history":[{"count":0,"href":"https:\/\/www.speedcube.nl\/de\/wp-json\/wp\/v2\/product\/463137\/revisions"}],"wp:featuredmedia":[{"embeddable":true,"href":"https:\/\/www.speedcube.nl\/de\/wp-json\/wp\/v2\/media\/463145"}],"wp:attachment":[{"href":"https:\/\/www.speedcube.nl\/de\/wp-json\/wp\/v2\/media?parent=463137"}],"wp:term":[{"taxonomy":"product_brand","embeddable":true,"href":"https:\/\/www.speedcube.nl\/de\/wp-json\/wp\/v2\/product_brand?post=463137"},{"taxonomy":"product_cat","embeddable":true,"href":"https:\/\/www.speedcube.nl\/de\/wp-json\/wp\/v2\/product_cat?post=463137"},{"taxonomy":"product_tag","embeddable":true,"href":"https:\/\/www.speedcube.nl\/de\/wp-json\/wp\/v2\/product_tag?post=463137"}],"curies":[{"name":"wp","href":"https:\/\/api.w.org\/{rel}","templated":true}]}}