{"id":463037,"date":"2024-03-28T17:03:32","date_gmt":"2024-03-28T16:03:32","guid":{"rendered":"https:\/\/www.speedcube.nl\/?post_type=product&#038;p=463037"},"modified":"2026-05-09T05:04:12","modified_gmt":"2026-05-09T03:04:12","slug":"unidragon-charming-bouquet-kopie-kopie-kopie-kopie-kopie-kopie-kopie-2","status":"publish","type":"product","link":"https:\/\/www.speedcube.nl\/de\/ratsel-de\/crafthub-de\/unidragon-charming-bouquet-kopie-kopie-kopie-kopie-kopie-kopie-kopie-2\/","title":{"rendered":"Crafthub Flamingo"},"content":{"rendered":"<p>Entdecken Sie jetzt das Crafthub Flamingo-Puzzle, das aus speziell geformten Holzteilen besteht, die Sie auf eine bezaubernde Reise mitnehmen. Bewundern Sie die anmutige K\u00f6rperhaltung und das sch\u00f6ne Gefieder dieses wundersch\u00f6nen Vogels, w\u00e4hrend Sie die atemberaubenden Gew\u00e4sser erkunden. Lassen Sie sich von der Sch\u00f6nheit und Eleganz des Flamingos verzaubern, w\u00e4hrend Sie dieses wundersch\u00f6ne Puzzle Schritt f\u00fcr Schritt l\u00f6sen.<\/p>\n<p>Klein = 75 St\u00fcck und Gr\u00f6\u00dfe von 13,6 x 13,6 cm<br \/>\nGro\u00df = 135 St\u00fcck und eine Gr\u00f6\u00dfe von 27,9 x 27,9 cm<\/p>\n<p>&nbsp;<\/p>\n","protected":false},"excerpt":{"rendered":"<p>CRAFTHUB<\/p>\n","protected":false},"featured_media":463045,"template":"","meta":{"_improvement_type_select":"improve_an_existing","_thumb_yes_seoaic":false,"_frame_yes_seoaic":false,"seoaic_generate_description":"","seoaic_improve_instructions_prompt":"","seoaic_rollback_content_improvement":"","seoaic_idea_thumbnail_generator":"","thumbnail_generated":false,"thumbnail_generate_prompt":"","seoaic_article_description":"","product-afmeting-lengte-mm":"","product-afmeting-breedte-mm":"","product-afmeting-hoogte-mm":""},"product_brand":[],"product_cat":[1621,3314,2116,1618,1620,1616,1613,1745,1623,1622],"product_tag":[],"class_list":{"0":"post-463037","1":"product","2":"type-product","3":"status-publish","4":"has-post-thumbnail","6":"product_cat-besondere-ratsel","7":"product_cat-crafthub-de","8":"product_cat-fantasie-de","9":"product_cat-holzerne-puzzles","10":"product_cat-jigsaw-puzzles","11":"product_cat-puzzle-0-499-teile","12":"product_cat-ratsel-de","13":"product_cat-puzzles-fur-erwachsene","14":"product_cat-puzzles-fur-kinder","15":"product_cat-tier-puzzles","16":"pa_merken-crafthub-de","18":"first","19":"outofstock","20":"sale","21":"taxable","22":"shipping-taxable","23":"purchasable","24":"product-type-variable"},"df_price":3,"df_sale_price":"","df_regular_price":3,"df_image_link":"https:\/\/www.speedcube.nl\/wp-content\/uploads\/2024\/03\/Productvisuals_Puzzels-Crafthub-Flamingo--285x300.jpg","_links":{"self":[{"href":"https:\/\/www.speedcube.nl\/de\/wp-json\/wp\/v2\/product\/463037","targetHints":{"allow":["GET"]}}],"collection":[{"href":"https:\/\/www.speedcube.nl\/de\/wp-json\/wp\/v2\/product"}],"about":[{"href":"https:\/\/www.speedcube.nl\/de\/wp-json\/wp\/v2\/types\/product"}],"version-history":[{"count":0,"href":"https:\/\/www.speedcube.nl\/de\/wp-json\/wp\/v2\/product\/463037\/revisions"}],"wp:featuredmedia":[{"embeddable":true,"href":"https:\/\/www.speedcube.nl\/de\/wp-json\/wp\/v2\/media\/463045"}],"wp:attachment":[{"href":"https:\/\/www.speedcube.nl\/de\/wp-json\/wp\/v2\/media?parent=463037"}],"wp:term":[{"taxonomy":"product_brand","embeddable":true,"href":"https:\/\/www.speedcube.nl\/de\/wp-json\/wp\/v2\/product_brand?post=463037"},{"taxonomy":"product_cat","embeddable":true,"href":"https:\/\/www.speedcube.nl\/de\/wp-json\/wp\/v2\/product_cat?post=463037"},{"taxonomy":"product_tag","embeddable":true,"href":"https:\/\/www.speedcube.nl\/de\/wp-json\/wp\/v2\/product_tag?post=463037"}],"curies":[{"name":"wp","href":"https:\/\/api.w.org\/{rel}","templated":true}]}}