{"id":462833,"date":"2024-03-28T17:05:43","date_gmt":"2024-03-28T16:05:43","guid":{"rendered":"https:\/\/www.speedcube.nl\/?post_type=product&#038;p=462833"},"modified":"2026-05-09T05:01:33","modified_gmt":"2026-05-09T03:01:33","slug":"unidragon-charming-bouquet-kopie-kopie-kopie-kopie-2","status":"publish","type":"product","link":"https:\/\/www.speedcube.nl\/de\/ratsel-de\/crafthub-de\/unidragon-charming-bouquet-kopie-kopie-kopie-kopie-2\/","title":{"rendered":"Crafthub Justice League Heroes"},"content":{"rendered":"<p>Das Crafthub Justice League Heroes Puzzle ist ein anspruchsvolles Puzzle aus Holz mit 163 Teilen. Das Puzzle zeigt die ikonische Gerechtigkeitsliga von DC Comics in Aktion, mit Helden wie Batman, Superman und Wonder Woman, die gegen das B\u00f6se k\u00e4mpfen. Ein Muss f\u00fcr Fans von Superhelden!<\/p>\n","protected":false},"excerpt":{"rendered":"<p>CRAFTHUB<\/p>\n","protected":false},"featured_media":462837,"template":"","meta":{"_improvement_type_select":"improve_an_existing","_thumb_yes_seoaic":false,"_frame_yes_seoaic":false,"seoaic_generate_description":"","seoaic_improve_instructions_prompt":"","seoaic_rollback_content_improvement":"","seoaic_idea_thumbnail_generator":"","thumbnail_generated":false,"thumbnail_generate_prompt":"","seoaic_article_description":"","product-afmeting-lengte-mm":"182","product-afmeting-breedte-mm":"277","product-afmeting-hoogte-mm":"2"},"product_brand":[],"product_cat":[3314,1613,2558],"product_tag":[],"class_list":{"0":"post-462833","1":"product","2":"type-product","3":"status-publish","4":"has-post-thumbnail","6":"product_cat-crafthub-de","7":"product_cat-ratsel-de","8":"product_cat-aanbieding-de","9":"pa_merken-crafthub-de","11":"first","12":"instock","13":"sale","14":"taxable","15":"shipping-taxable","16":"purchasable","17":"product-type-simple"},"df_price":8,"df_sale_price":8,"df_regular_price":19.99,"df_image_link":"https:\/\/www.speedcube.nl\/wp-content\/uploads\/2024\/03\/Productvisuals_Puzzels-Crafthub-Justice-League-Heroes--285x300.jpg","_links":{"self":[{"href":"https:\/\/www.speedcube.nl\/de\/wp-json\/wp\/v2\/product\/462833","targetHints":{"allow":["GET"]}}],"collection":[{"href":"https:\/\/www.speedcube.nl\/de\/wp-json\/wp\/v2\/product"}],"about":[{"href":"https:\/\/www.speedcube.nl\/de\/wp-json\/wp\/v2\/types\/product"}],"version-history":[{"count":0,"href":"https:\/\/www.speedcube.nl\/de\/wp-json\/wp\/v2\/product\/462833\/revisions"}],"wp:featuredmedia":[{"embeddable":true,"href":"https:\/\/www.speedcube.nl\/de\/wp-json\/wp\/v2\/media\/462837"}],"wp:attachment":[{"href":"https:\/\/www.speedcube.nl\/de\/wp-json\/wp\/v2\/media?parent=462833"}],"wp:term":[{"taxonomy":"product_brand","embeddable":true,"href":"https:\/\/www.speedcube.nl\/de\/wp-json\/wp\/v2\/product_brand?post=462833"},{"taxonomy":"product_cat","embeddable":true,"href":"https:\/\/www.speedcube.nl\/de\/wp-json\/wp\/v2\/product_cat?post=462833"},{"taxonomy":"product_tag","embeddable":true,"href":"https:\/\/www.speedcube.nl\/de\/wp-json\/wp\/v2\/product_tag?post=462833"}],"curies":[{"name":"wp","href":"https:\/\/api.w.org\/{rel}","templated":true}]}}