{"id":461913,"date":"2024-03-26T22:37:29","date_gmt":"2024-03-26T21:37:29","guid":{"rendered":"https:\/\/www.speedcube.nl\/?post_type=product&#038;p=461913"},"modified":"2026-05-12T05:00:52","modified_gmt":"2026-05-12T03:00:52","slug":"constantin-sternweg-kopie-kopie-kopie-kopie-kopie-kopie-kopie-kopie-kopie","status":"publish","type":"product","link":"https:\/\/www.speedcube.nl\/de\/aanbieding-de\/constantin-sternweg-kopie-kopie-kopie-kopie-kopie-kopie-kopie-kopie-kopie\/","title":{"rendered":"Constantin 20 Cent Box"},"content":{"rendered":"<p>Es ist erstaunlich, wie ausgekl\u00fcgelt Sparschweine heutzutage sein k\u00f6nnen. Hier gibt es kein rosafarbenes Schwein, das fr\u00f6hlich wedelt, wenn eine M\u00fcnze eingeworfen wird, sondern einen komplexen Mechanismus, der selbst f\u00fcr erfahrene Anf\u00e4nger eine Herausforderung darstellt. Dieses sch\u00f6ne Puzzle aus Holz und Stahl ist eine moderne Variante eines klassischen Spiels. Im Gegensatz zu fr\u00fcheren Versionen (bei denen das Ziel darin bestand, die M\u00fcnze zu befreien), besteht die Herausforderung jetzt darin, die Kiste zu \u00f6ffnen, nachdem eine M\u00fcnze in den Schlitz gesteckt wurde&#8230;. Diese neue Version ist etwas komplexer als ihre Vorg\u00e4ngerin und verwendet subtile und unerwartete Verfahren.<\/p>\n<p>Alter: 12+<br \/>\nSchwierigkeitsgrad: 4 Sterne<\/p>\n","protected":false},"excerpt":{"rendered":"<p>CONSTANTIN<\/p>\n","protected":false},"featured_media":461923,"template":"","meta":{"_improvement_type_select":"improve_an_existing","_thumb_yes_seoaic":false,"_frame_yes_seoaic":false,"seoaic_generate_description":"","seoaic_improve_instructions_prompt":"","seoaic_rollback_content_improvement":"","seoaic_idea_thumbnail_generator":"","thumbnail_generated":false,"thumbnail_generate_prompt":"","seoaic_article_description":"","product-afmeting-lengte-mm":"75","product-afmeting-breedte-mm":"50","product-afmeting-hoogte-mm":"40"},"product_brand":[],"product_cat":[2517,1227,2558],"product_tag":[],"class_list":{"0":"post-461913","1":"product","2":"type-product","3":"status-publish","4":"has-post-thumbnail","6":"product_cat-constantin-de","7":"product_cat-knobelaufgaben","8":"product_cat-aanbieding-de","9":"pa_merken-constantin-de","11":"first","12":"instock","13":"sale","14":"taxable","15":"shipping-taxable","16":"purchasable","17":"product-type-simple"},"df_price":15.98,"df_sale_price":15.98,"df_regular_price":39.95,"df_image_link":"https:\/\/www.speedcube.nl\/wp-content\/uploads\/2024\/03\/Productvisuals_Breinbrekers-Constantin-20-Cent-Box--285x300.jpg","_links":{"self":[{"href":"https:\/\/www.speedcube.nl\/de\/wp-json\/wp\/v2\/product\/461913","targetHints":{"allow":["GET"]}}],"collection":[{"href":"https:\/\/www.speedcube.nl\/de\/wp-json\/wp\/v2\/product"}],"about":[{"href":"https:\/\/www.speedcube.nl\/de\/wp-json\/wp\/v2\/types\/product"}],"version-history":[{"count":0,"href":"https:\/\/www.speedcube.nl\/de\/wp-json\/wp\/v2\/product\/461913\/revisions"}],"wp:featuredmedia":[{"embeddable":true,"href":"https:\/\/www.speedcube.nl\/de\/wp-json\/wp\/v2\/media\/461923"}],"wp:attachment":[{"href":"https:\/\/www.speedcube.nl\/de\/wp-json\/wp\/v2\/media?parent=461913"}],"wp:term":[{"taxonomy":"product_brand","embeddable":true,"href":"https:\/\/www.speedcube.nl\/de\/wp-json\/wp\/v2\/product_brand?post=461913"},{"taxonomy":"product_cat","embeddable":true,"href":"https:\/\/www.speedcube.nl\/de\/wp-json\/wp\/v2\/product_cat?post=461913"},{"taxonomy":"product_tag","embeddable":true,"href":"https:\/\/www.speedcube.nl\/de\/wp-json\/wp\/v2\/product_tag?post=461913"}],"curies":[{"name":"wp","href":"https:\/\/api.w.org\/{rel}","templated":true}]}}