{"id":461877,"date":"2024-03-26T22:37:56","date_gmt":"2024-03-26T21:37:56","guid":{"rendered":"https:\/\/www.speedcube.nl\/?post_type=product&#038;p=461877"},"modified":"2026-04-29T05:05:10","modified_gmt":"2026-04-29T03:05:10","slug":"constantin-sternweg-kopie-kopie-kopie-kopie-kopie-kopie","status":"publish","type":"product","link":"https:\/\/www.speedcube.nl\/de\/aanbieding-de\/constantin-sternweg-kopie-kopie-kopie-kopie-kopie-kopie\/","title":{"rendered":"Constantin Messing Fall"},"content":{"rendered":"<p>Die Messingfalle ist ein kleines R\u00e4tsel, in das man eine M\u00fcnze legen kann. Dann m\u00fcssen Sie nur wissen, wie Sie ihn \u00f6ffnen k\u00f6nnen. Wenn dies gelingt, kann eine M\u00fcnze eingeworfen werden. Wenn Sie es dann jemand anderem zum \u00d6ffnen geben, kann dieser die M\u00fcnze sehen, aber nicht herausnehmen, oder schafft er es trotzdem? Das ist wirklich eines dieser R\u00e4tsel, die man leicht mitnehmen kann und die trotzdem alle verbl\u00fcffen.<\/p>\n<p>Alter: 8+<br \/>\nSchwierigkeitsgrad: 3 Sterne<\/p>\n","protected":false},"excerpt":{"rendered":"<p>CONSTANTIN<\/p>\n","protected":false},"featured_media":461890,"template":"","meta":{"_improvement_type_select":"improve_an_existing","_thumb_yes_seoaic":false,"_frame_yes_seoaic":false,"seoaic_generate_description":"","seoaic_improve_instructions_prompt":"","seoaic_rollback_content_improvement":"","seoaic_idea_thumbnail_generator":"","thumbnail_generated":false,"thumbnail_generate_prompt":"","seoaic_article_description":"","product-afmeting-lengte-mm":"39","product-afmeting-breedte-mm":"39","product-afmeting-hoogte-mm":"19"},"product_brand":[],"product_cat":[2517,1227,2558],"product_tag":[],"class_list":{"0":"post-461877","1":"product","2":"type-product","3":"status-publish","4":"has-post-thumbnail","6":"product_cat-constantin-de","7":"product_cat-knobelaufgaben","8":"product_cat-aanbieding-de","9":"pa_merken-constantin-de","11":"first","12":"instock","13":"sale","14":"taxable","15":"shipping-taxable","16":"purchasable","17":"product-type-simple"},"df_price":9.98,"df_sale_price":9.98,"df_regular_price":19.95,"df_image_link":"https:\/\/www.speedcube.nl\/wp-content\/uploads\/2024\/03\/Productvisuals_Breinbrekers-Constantin-Messing-Falle--285x300.jpg","_links":{"self":[{"href":"https:\/\/www.speedcube.nl\/de\/wp-json\/wp\/v2\/product\/461877","targetHints":{"allow":["GET"]}}],"collection":[{"href":"https:\/\/www.speedcube.nl\/de\/wp-json\/wp\/v2\/product"}],"about":[{"href":"https:\/\/www.speedcube.nl\/de\/wp-json\/wp\/v2\/types\/product"}],"version-history":[{"count":0,"href":"https:\/\/www.speedcube.nl\/de\/wp-json\/wp\/v2\/product\/461877\/revisions"}],"wp:featuredmedia":[{"embeddable":true,"href":"https:\/\/www.speedcube.nl\/de\/wp-json\/wp\/v2\/media\/461890"}],"wp:attachment":[{"href":"https:\/\/www.speedcube.nl\/de\/wp-json\/wp\/v2\/media?parent=461877"}],"wp:term":[{"taxonomy":"product_brand","embeddable":true,"href":"https:\/\/www.speedcube.nl\/de\/wp-json\/wp\/v2\/product_brand?post=461877"},{"taxonomy":"product_cat","embeddable":true,"href":"https:\/\/www.speedcube.nl\/de\/wp-json\/wp\/v2\/product_cat?post=461877"},{"taxonomy":"product_tag","embeddable":true,"href":"https:\/\/www.speedcube.nl\/de\/wp-json\/wp\/v2\/product_tag?post=461877"}],"curies":[{"name":"wp","href":"https:\/\/api.w.org\/{rel}","templated":true}]}}