{"id":461851,"date":"2024-03-26T22:38:12","date_gmt":"2024-03-26T21:38:12","guid":{"rendered":"https:\/\/www.speedcube.nl\/?post_type=product&#038;p=461851"},"modified":"2026-04-29T05:05:10","modified_gmt":"2026-04-29T03:05:10","slug":"constantin-sternweg-kopie-kopie-kopie-kopie","status":"publish","type":"product","link":"https:\/\/www.speedcube.nl\/de\/knobelaufgaben\/constantin-de\/constantin-sternweg-kopie-kopie-kopie-kopie\/","title":{"rendered":"Constantin Z-box"},"content":{"rendered":"<p>Diese attraktive Box wird Sie mit ihrem originellen \u00d6ffnungssystem \u00fcberraschen. Die L\u00f6sung dieser Aufgaben erfordert sowohl Intuition als auch Koordination. Wie bei den Puzzles von Jean-Claude Constantin \u00fcblich, sind die Materialien von h\u00f6chster Qualit\u00e4t und die Pr\u00e4zision des Zusammenbaus ist ein Ma\u00dfstab in der Welt der Puzzlespiele.<\/p>\n<p>Alter: 12+<br \/>\nSchwierigkeitsgrad: 4 Sterne<\/p>\n","protected":false},"excerpt":{"rendered":"<p>CONSTANTIN<\/p>\n","protected":false},"featured_media":461861,"template":"","meta":{"_improvement_type_select":"improve_an_existing","_thumb_yes_seoaic":false,"_frame_yes_seoaic":false,"seoaic_generate_description":"","seoaic_improve_instructions_prompt":"","seoaic_rollback_content_improvement":"","seoaic_idea_thumbnail_generator":"","thumbnail_generated":false,"thumbnail_generate_prompt":"","seoaic_article_description":"","product-afmeting-lengte-mm":"60","product-afmeting-breedte-mm":"60","product-afmeting-hoogte-mm":"60"},"product_brand":[],"product_cat":[1240,2517,1795,1244,1227,1233],"product_tag":[],"class_list":{"0":"post-461851","1":"product","2":"type-product","3":"status-publish","4":"has-post-thumbnail","6":"product_cat-4-sterne-schwierig","7":"product_cat-constantin-de","8":"product_cat-holzerne-knobelaufgaben","9":"product_cat-knobelaufgaben-de","10":"product_cat-knobelaufgaben","11":"product_cat-knobelaufgaben-fur-erwachsene","12":"pa_merken-constantin-de","14":"first","15":"instock","16":"taxable","17":"shipping-taxable","18":"purchasable","19":"product-type-simple"},"df_price":29.95,"df_sale_price":"","df_regular_price":29.95,"df_image_link":"https:\/\/www.speedcube.nl\/wp-content\/uploads\/2024\/03\/Productvisuals_Breinbrekers-Constantin-Z-box--285x300.jpg","_links":{"self":[{"href":"https:\/\/www.speedcube.nl\/de\/wp-json\/wp\/v2\/product\/461851","targetHints":{"allow":["GET"]}}],"collection":[{"href":"https:\/\/www.speedcube.nl\/de\/wp-json\/wp\/v2\/product"}],"about":[{"href":"https:\/\/www.speedcube.nl\/de\/wp-json\/wp\/v2\/types\/product"}],"version-history":[{"count":0,"href":"https:\/\/www.speedcube.nl\/de\/wp-json\/wp\/v2\/product\/461851\/revisions"}],"wp:featuredmedia":[{"embeddable":true,"href":"https:\/\/www.speedcube.nl\/de\/wp-json\/wp\/v2\/media\/461861"}],"wp:attachment":[{"href":"https:\/\/www.speedcube.nl\/de\/wp-json\/wp\/v2\/media?parent=461851"}],"wp:term":[{"taxonomy":"product_brand","embeddable":true,"href":"https:\/\/www.speedcube.nl\/de\/wp-json\/wp\/v2\/product_brand?post=461851"},{"taxonomy":"product_cat","embeddable":true,"href":"https:\/\/www.speedcube.nl\/de\/wp-json\/wp\/v2\/product_cat?post=461851"},{"taxonomy":"product_tag","embeddable":true,"href":"https:\/\/www.speedcube.nl\/de\/wp-json\/wp\/v2\/product_tag?post=461851"}],"curies":[{"name":"wp","href":"https:\/\/api.w.org\/{rel}","templated":true}]}}