{"id":460903,"date":"2024-12-04T19:09:45","date_gmt":"2024-12-04T18:09:45","guid":{"rendered":"https:\/\/www.speedcube.nl\/?post_type=product&#038;p=460903"},"modified":"2026-04-09T05:00:57","modified_gmt":"2026-04-09T03:00:57","slug":"vallejo-modellierfarbe-70941-burnt-umber","status":"publish","type":"product","link":"https:\/\/www.speedcube.nl\/de\/modellbau\/vallejo-de\/vallejo-modellierfarbe-70941-burnt-umber\/","title":{"rendered":"Vallejo Modellierfarbe 70941 Burnt Umber"},"content":{"rendered":"<p style=\"font-weight: 400;\">Entdecken Sie die Leichtigkeit der Arbeit mit Vallejo Model Color, einer hochwertigen Acrylfarbe auf Wasserbasis. Diese Farbe trocknet schnell und bietet eine gleichm\u00e4\u00dfige und flache Schicht, die perfekt f\u00fcr die detailliertesten Aspekte Ihres Modellbauprojekts ist. Verwenden Sie einen Pinsel, um die Farbe aufzutragen, und erzielen Sie beeindruckende Ergebnisse. Model Color wird in 18-ml-Flaschen mit einer praktischen Pipette geliefert. Diese Verpackung verhindert, dass die Farbe verdunstet oder austrocknet, so dass Sie sie in kleinen Mengen verwenden und lange lagern k\u00f6nnen.<\/p>\n<p><strong>Airbrush:<\/strong> Alle Model Color-Farben k\u00f6nnen mit <a href=\"https:\/\/www.speedcube.nl\/de\/verdunner-de\/vallejo-modellierfarbe-verduenner-17-ml\/\">Model Color Thinner<\/a> verd\u00fcnnt werden, so dass Sie sie auch mit einer Airbrush verwenden k\u00f6nnen.<\/p>\n<p><em>Zu Ihrer Information:<br \/>\nDie Farbnummer ist immer f\u00fchrend. Es sind derzeit 2 Packungen von Vallejo auf dem Markt. Es kann also sein, dass Sie eine andere Verpackung als die abgebildete erhalten.<\/em><\/p>\n","protected":false},"excerpt":{"rendered":"<p>VALLEJO<\/p>\n","protected":false},"featured_media":460907,"template":"","meta":{"_improvement_type_select":"improve_an_existing","_thumb_yes_seoaic":false,"_frame_yes_seoaic":false,"seoaic_generate_description":"","seoaic_improve_instructions_prompt":"","seoaic_rollback_content_improvement":"","seoaic_idea_thumbnail_generator":"","thumbnail_generated":false,"thumbnail_generate_prompt":"","seoaic_article_description":"","product-afmeting-lengte-mm":"29","product-afmeting-breedte-mm":"29","product-afmeting-hoogte-mm":"79"},"product_brand":[],"product_cat":[1499,3257,2558],"product_tag":[],"class_list":{"0":"post-460903","1":"product","2":"type-product","3":"status-publish","4":"has-post-thumbnail","6":"product_cat-modellbau","7":"product_cat-vallejo-de","8":"product_cat-aanbieding-de","9":"pa_merken-vallejo-de","11":"first","12":"outofstock","13":"sale","14":"taxable","15":"shipping-taxable","16":"purchasable","17":"product-type-simple"},"df_price":1.5,"df_sale_price":1.5,"df_regular_price":2.99,"df_image_link":"https:\/\/www.speedcube.nl\/wp-content\/uploads\/2024\/03\/Productvisuals_Modelbouw-Vallejo-Model-Color-70941-Burnt-Umber--285x300.jpg","_links":{"self":[{"href":"https:\/\/www.speedcube.nl\/de\/wp-json\/wp\/v2\/product\/460903","targetHints":{"allow":["GET"]}}],"collection":[{"href":"https:\/\/www.speedcube.nl\/de\/wp-json\/wp\/v2\/product"}],"about":[{"href":"https:\/\/www.speedcube.nl\/de\/wp-json\/wp\/v2\/types\/product"}],"version-history":[{"count":1,"href":"https:\/\/www.speedcube.nl\/de\/wp-json\/wp\/v2\/product\/460903\/revisions"}],"predecessor-version":[{"id":491234,"href":"https:\/\/www.speedcube.nl\/de\/wp-json\/wp\/v2\/product\/460903\/revisions\/491234"}],"wp:featuredmedia":[{"embeddable":true,"href":"https:\/\/www.speedcube.nl\/de\/wp-json\/wp\/v2\/media\/460907"}],"wp:attachment":[{"href":"https:\/\/www.speedcube.nl\/de\/wp-json\/wp\/v2\/media?parent=460903"}],"wp:term":[{"taxonomy":"product_brand","embeddable":true,"href":"https:\/\/www.speedcube.nl\/de\/wp-json\/wp\/v2\/product_brand?post=460903"},{"taxonomy":"product_cat","embeddable":true,"href":"https:\/\/www.speedcube.nl\/de\/wp-json\/wp\/v2\/product_cat?post=460903"},{"taxonomy":"product_tag","embeddable":true,"href":"https:\/\/www.speedcube.nl\/de\/wp-json\/wp\/v2\/product_tag?post=460903"}],"curies":[{"name":"wp","href":"https:\/\/api.w.org\/{rel}","templated":true}]}}