{"id":459250,"date":"2024-03-26T23:36:43","date_gmt":"2024-03-26T22:36:43","guid":{"rendered":"https:\/\/www.speedcube.nl\/?post_type=product&#038;p=459250"},"modified":"2026-05-10T05:03:38","modified_gmt":"2026-05-10T03:03:38","slug":"toolkit-metallzeit-kopie","status":"publish","type":"product","link":"https:\/\/www.speedcube.nl\/de\/modellbau\/modelcraft-de\/toolkit-metallzeit-kopie\/","title":{"rendered":"ModelCraft Plastikmodellbau 9-teiliger Werkzeugsatz"},"content":{"rendered":"<p>Dieses praktische 9-teilige Set enth\u00e4lt alles, was man zum Bau von Plastikmodellbaus\u00e4tzen ben\u00f6tigt.<\/p>\n<p>Das Set enth\u00e4lt:<\/p>\n<ul>\n<li>1 Kunststoff-Angussschneider zum pr\u00e4zisen Schneiden von Teilen<\/li>\n<li>1 Mini-Flachfeile zum Gl\u00e4tten von Graten<\/li>\n<li>1 selbstheilende Schneidematte zum Schutz Ihrer Arbeitsfl\u00e4che<\/li>\n<li>1 Bastelmesser f\u00fcr Pr\u00e4zisionsarbeiten<\/li>\n<li>5 zus\u00e4tzliche Klingen<\/li>\n<\/ul>\n","protected":false},"excerpt":{"rendered":"<p>MODELCRAFT<\/p>\n","protected":false},"featured_media":459254,"template":"","meta":{"_improvement_type_select":"improve_an_existing","_thumb_yes_seoaic":false,"_frame_yes_seoaic":false,"seoaic_generate_description":"","seoaic_improve_instructions_prompt":"","seoaic_rollback_content_improvement":"","seoaic_idea_thumbnail_generator":"","thumbnail_generated":false,"thumbnail_generate_prompt":"","seoaic_article_description":"","product-afmeting-lengte-mm":"","product-afmeting-breedte-mm":"","product-afmeting-hoogte-mm":""},"product_brand":[],"product_cat":[3277,1499,2558],"product_tag":[],"class_list":{"0":"post-459250","1":"product","2":"type-product","3":"status-publish","4":"has-post-thumbnail","6":"product_cat-modelcraft-de","7":"product_cat-modellbau","8":"product_cat-aanbieding-de","9":"pa_merken-modelcraft-de","11":"first","12":"instock","13":"sale","14":"taxable","15":"shipping-taxable","16":"purchasable","17":"product-type-simple"},"df_price":9.2,"df_sale_price":9.2,"df_regular_price":22.99,"df_image_link":"https:\/\/www.speedcube.nl\/wp-content\/uploads\/2024\/03\/Productvisuals_Modelbouw-ModelCraft-Plastic-Modelling-9-delige-Tool-Set--285x300.jpg","_links":{"self":[{"href":"https:\/\/www.speedcube.nl\/de\/wp-json\/wp\/v2\/product\/459250","targetHints":{"allow":["GET"]}}],"collection":[{"href":"https:\/\/www.speedcube.nl\/de\/wp-json\/wp\/v2\/product"}],"about":[{"href":"https:\/\/www.speedcube.nl\/de\/wp-json\/wp\/v2\/types\/product"}],"version-history":[{"count":0,"href":"https:\/\/www.speedcube.nl\/de\/wp-json\/wp\/v2\/product\/459250\/revisions"}],"wp:featuredmedia":[{"embeddable":true,"href":"https:\/\/www.speedcube.nl\/de\/wp-json\/wp\/v2\/media\/459254"}],"wp:attachment":[{"href":"https:\/\/www.speedcube.nl\/de\/wp-json\/wp\/v2\/media?parent=459250"}],"wp:term":[{"taxonomy":"product_brand","embeddable":true,"href":"https:\/\/www.speedcube.nl\/de\/wp-json\/wp\/v2\/product_brand?post=459250"},{"taxonomy":"product_cat","embeddable":true,"href":"https:\/\/www.speedcube.nl\/de\/wp-json\/wp\/v2\/product_cat?post=459250"},{"taxonomy":"product_tag","embeddable":true,"href":"https:\/\/www.speedcube.nl\/de\/wp-json\/wp\/v2\/product_tag?post=459250"}],"curies":[{"name":"wp","href":"https:\/\/api.w.org\/{rel}","templated":true}]}}