{"id":459238,"date":"2024-03-26T23:36:59","date_gmt":"2024-03-26T22:36:59","guid":{"rendered":"https:\/\/www.speedcube.nl\/?post_type=product&#038;p=459238"},"modified":"2026-05-11T05:00:31","modified_gmt":"2026-05-11T03:00:31","slug":"vallejo-design-set-synthetisch-groesse-0-1-2","status":"publish","type":"product","link":"https:\/\/www.speedcube.nl\/de\/modellbau\/vallejo-de\/vallejo-design-set-synthetisch-groesse-0-1-2\/","title":{"rendered":"Vallejo Design Set &#8211; Synthetisch (Gr\u00f6\u00dfe 0, 1 &#038; 2)"},"content":{"rendered":"<p>Dieses Set aus drei Pinseln eignet sich perfekt zum Auftragen verschiedener Farbschichten auf Ihre Modellierprojekte. Das Set enth\u00e4lt Pinsel in den Gr\u00f6\u00dfen 0, 1 und 2, die zum Auftragen von Grundierungen, Lichtern, Schatten, Verwischungen, Verwaschungen und Lasuren bestimmt sind.<\/p>\n","protected":false},"excerpt":{"rendered":"<p>VALLEJO<\/p>\n","protected":false},"featured_media":459242,"template":"","meta":{"_improvement_type_select":"improve_an_existing","_thumb_yes_seoaic":false,"_frame_yes_seoaic":false,"seoaic_generate_description":"","seoaic_improve_instructions_prompt":"","seoaic_rollback_content_improvement":"","seoaic_idea_thumbnail_generator":"","thumbnail_generated":false,"thumbnail_generate_prompt":"","seoaic_article_description":"","product-afmeting-lengte-mm":"","product-afmeting-breedte-mm":"","product-afmeting-hoogte-mm":""},"product_brand":[],"product_cat":[1499,2558,3257],"product_tag":[],"class_list":{"0":"post-459238","1":"product","2":"type-product","3":"status-publish","4":"has-post-thumbnail","6":"product_cat-modellbau","7":"product_cat-aanbieding-de","8":"product_cat-vallejo-de","9":"pa_merken-vallejo-de","11":"first","12":"instock","13":"sale","14":"taxable","15":"shipping-taxable","16":"purchasable","17":"product-type-simple"},"df_price":6.54,"df_sale_price":6.54,"df_regular_price":10.9,"df_image_link":"https:\/\/www.speedcube.nl\/wp-content\/uploads\/2024\/03\/Productvisuals_Modelbouw-Vallejo-Design-Set-Synthetisch-Maat-0-1-2--285x300.jpg","_links":{"self":[{"href":"https:\/\/www.speedcube.nl\/de\/wp-json\/wp\/v2\/product\/459238","targetHints":{"allow":["GET"]}}],"collection":[{"href":"https:\/\/www.speedcube.nl\/de\/wp-json\/wp\/v2\/product"}],"about":[{"href":"https:\/\/www.speedcube.nl\/de\/wp-json\/wp\/v2\/types\/product"}],"version-history":[{"count":0,"href":"https:\/\/www.speedcube.nl\/de\/wp-json\/wp\/v2\/product\/459238\/revisions"}],"wp:featuredmedia":[{"embeddable":true,"href":"https:\/\/www.speedcube.nl\/de\/wp-json\/wp\/v2\/media\/459242"}],"wp:attachment":[{"href":"https:\/\/www.speedcube.nl\/de\/wp-json\/wp\/v2\/media?parent=459238"}],"wp:term":[{"taxonomy":"product_brand","embeddable":true,"href":"https:\/\/www.speedcube.nl\/de\/wp-json\/wp\/v2\/product_brand?post=459238"},{"taxonomy":"product_cat","embeddable":true,"href":"https:\/\/www.speedcube.nl\/de\/wp-json\/wp\/v2\/product_cat?post=459238"},{"taxonomy":"product_tag","embeddable":true,"href":"https:\/\/www.speedcube.nl\/de\/wp-json\/wp\/v2\/product_tag?post=459238"}],"curies":[{"name":"wp","href":"https:\/\/api.w.org\/{rel}","templated":true}]}}