{"id":458709,"date":"2024-03-13T12:14:50","date_gmt":"2024-03-13T11:14:50","guid":{"rendered":"https:\/\/www.speedcube.nl\/?post_type=product&#038;p=458709"},"modified":"2026-04-26T05:19:18","modified_gmt":"2026-04-26T03:19:18","slug":"gan-monster-go-magnetisch-3x3-premium-kopie","status":"publish","type":"product","link":"https:\/\/www.speedcube.nl\/de\/speedcube-de\/gan-monster-go-de\/gan-monster-go-magnetisch-3x3-premium-kopie\/","title":{"rendered":"GAN Monster Go Magnetic 3&#215;3 (Lite-Version)"},"content":{"rendered":"<p>Monster Go ist Teil des GAN-W\u00fcrfels. Der Monster Go Magnetic 3&#215;3 ist ein magnetischer Geschwindigkeitsw\u00fcrfel, der Elemente der Trainerw\u00fcrfel Rainbow, Cloud und UT enth\u00e4lt. Die Monster Go-Serie ist f\u00fcr ihre fantastische Qualit\u00e4t bekannt und h\u00e4lt auch rauer Behandlung stand. Das Wabendesign sorgt f\u00fcr ein sanftes Drehgef\u00fchl und stellt sicher, dass das Schmiermittel gleichm\u00e4\u00dfig verteilt wird. Der Monster Go Magnetic ist mit gelben, numerischen GES-Federn ausgestattet, die manuell eingestellt werden k\u00f6nnen, um den W\u00fcrfel fester oder lockerer zu machen.<\/p>\n","protected":false},"excerpt":{"rendered":"<p>GAN MONSTER GO<\/p>\n","protected":false},"featured_media":458738,"template":"","meta":{"_improvement_type_select":"improve_an_existing","_thumb_yes_seoaic":false,"_frame_yes_seoaic":false,"seoaic_generate_description":"","seoaic_improve_instructions_prompt":"","seoaic_rollback_content_improvement":"","seoaic_idea_thumbnail_generator":"","thumbnail_generated":false,"thumbnail_generate_prompt":"","seoaic_article_description":"","product-afmeting-lengte-mm":"56","product-afmeting-breedte-mm":"56","product-afmeting-hoogte-mm":"56"},"product_brand":[],"product_cat":[1221,1232,1211],"product_tag":[],"class_list":{"0":"post-458709","1":"product","2":"type-product","3":"status-publish","4":"has-post-thumbnail","6":"product_cat-3x3-de","7":"product_cat-gan-monster-go-de","8":"product_cat-speedcube-de","9":"pa_merken-monster-go-de","11":"first","12":"instock","13":"taxable","14":"shipping-taxable","15":"purchasable","16":"product-type-simple"},"df_price":11.99,"df_sale_price":"","df_regular_price":11.99,"df_image_link":"https:\/\/www.speedcube.nl\/wp-content\/uploads\/2024\/03\/Productvisuals_Speedcubes-GAN-Monster-Go-Magnetic-3x3-lite-version--285x300.jpg","_links":{"self":[{"href":"https:\/\/www.speedcube.nl\/de\/wp-json\/wp\/v2\/product\/458709","targetHints":{"allow":["GET"]}}],"collection":[{"href":"https:\/\/www.speedcube.nl\/de\/wp-json\/wp\/v2\/product"}],"about":[{"href":"https:\/\/www.speedcube.nl\/de\/wp-json\/wp\/v2\/types\/product"}],"version-history":[{"count":0,"href":"https:\/\/www.speedcube.nl\/de\/wp-json\/wp\/v2\/product\/458709\/revisions"}],"wp:featuredmedia":[{"embeddable":true,"href":"https:\/\/www.speedcube.nl\/de\/wp-json\/wp\/v2\/media\/458738"}],"wp:attachment":[{"href":"https:\/\/www.speedcube.nl\/de\/wp-json\/wp\/v2\/media?parent=458709"}],"wp:term":[{"taxonomy":"product_brand","embeddable":true,"href":"https:\/\/www.speedcube.nl\/de\/wp-json\/wp\/v2\/product_brand?post=458709"},{"taxonomy":"product_cat","embeddable":true,"href":"https:\/\/www.speedcube.nl\/de\/wp-json\/wp\/v2\/product_cat?post=458709"},{"taxonomy":"product_tag","embeddable":true,"href":"https:\/\/www.speedcube.nl\/de\/wp-json\/wp\/v2\/product_tag?post=458709"}],"curies":[{"name":"wp","href":"https:\/\/api.w.org\/{rel}","templated":true}]}}