{"id":458117,"date":"2024-03-09T12:52:54","date_gmt":"2024-03-09T11:52:54","guid":{"rendered":"https:\/\/www.speedcube.nl\/?post_type=product&#038;p=458117"},"modified":"2026-05-02T05:01:01","modified_gmt":"2026-05-02T03:01:01","slug":"robotime-sd003-der-roboter-kopie","status":"publish","type":"product","link":"https:\/\/www.speedcube.nl\/de\/modellbau\/widgets-de\/robotime-sd003-der-roboter-kopie\/","title":{"rendered":"Robotime Classic Druckmaschine LK602"},"content":{"rendered":"<p>Lassen Sie den 3D-Drucker stehen und entscheiden Sie sich f\u00fcr diese handwerkliche Druckpresse. Es ist kaum zu glauben, dass dieser Bausatz f\u00fcr Erwachsene eine funktionierende Miniatur-Holzpresse enth\u00e4lt. Nur ROKR, die f\u00fchrende Marke im Bereich mechanischer Holzbauk\u00e4sten, kann sich so etwas Einzigartiges einfallen lassen. Dieser Baukasten steckt voller \u00dcberraschungen, mit Zahnr\u00e4dern, Schn\u00f6rkeln, Hebeln und anderen Details, die Sie zum Staunen bringen werden. Niedliche B\u00e4ren, die sich bewegen, leuchtende Lichter und sch\u00f6ne Dekorationen wie das Astrolabium machen diese Druckmaschine zu einem echten Schmuckst\u00fcck. Eine kreative Erg\u00e4nzung f\u00fcr Ihr Interieur! Die Montagezeit der Robotime Classic Printing Press LK602 wird auf 5 Stunden gesch\u00e4tzt. Diese Packung enth\u00e4lt 303 St\u00fcck.<\/p>\n","protected":false},"excerpt":{"rendered":"<p>ROBOTIME<\/p>\n","protected":false},"featured_media":458128,"template":"","meta":{"_improvement_type_select":"improve_an_existing","_thumb_yes_seoaic":false,"_frame_yes_seoaic":false,"seoaic_generate_description":"","seoaic_improve_instructions_prompt":"","seoaic_rollback_content_improvement":"","seoaic_idea_thumbnail_generator":"","thumbnail_generated":false,"thumbnail_generate_prompt":"","seoaic_article_description":"","product-afmeting-lengte-mm":"215","product-afmeting-breedte-mm":"145","product-afmeting-hoogte-mm":"27"},"product_brand":[],"product_cat":[1617,1500,1636,1499,1619,2135],"product_tag":[],"class_list":{"0":"post-458117","1":"product","2":"type-product","3":"status-publish","4":"has-post-thumbnail","6":"product_cat-baukasten-aus-holz","7":"product_cat-baukasten-fur-erwachsene","8":"product_cat-baukasten-fur-kinder","9":"product_cat-modellbau","10":"product_cat-robotime-de","11":"product_cat-widgets-de","12":"pa_merken-robotime-de","14":"first","15":"instock","16":"taxable","17":"shipping-taxable","18":"purchasable","19":"product-type-simple"},"df_price":67.99,"df_sale_price":"","df_regular_price":67.99,"df_image_link":"https:\/\/www.speedcube.nl\/wp-content\/uploads\/2024\/03\/Productvisuals_Modelbouw-Robotime-Classic-Printing-Press-LK602--285x300.jpg","_links":{"self":[{"href":"https:\/\/www.speedcube.nl\/de\/wp-json\/wp\/v2\/product\/458117","targetHints":{"allow":["GET"]}}],"collection":[{"href":"https:\/\/www.speedcube.nl\/de\/wp-json\/wp\/v2\/product"}],"about":[{"href":"https:\/\/www.speedcube.nl\/de\/wp-json\/wp\/v2\/types\/product"}],"version-history":[{"count":0,"href":"https:\/\/www.speedcube.nl\/de\/wp-json\/wp\/v2\/product\/458117\/revisions"}],"wp:featuredmedia":[{"embeddable":true,"href":"https:\/\/www.speedcube.nl\/de\/wp-json\/wp\/v2\/media\/458128"}],"wp:attachment":[{"href":"https:\/\/www.speedcube.nl\/de\/wp-json\/wp\/v2\/media?parent=458117"}],"wp:term":[{"taxonomy":"product_brand","embeddable":true,"href":"https:\/\/www.speedcube.nl\/de\/wp-json\/wp\/v2\/product_brand?post=458117"},{"taxonomy":"product_cat","embeddable":true,"href":"https:\/\/www.speedcube.nl\/de\/wp-json\/wp\/v2\/product_cat?post=458117"},{"taxonomy":"product_tag","embeddable":true,"href":"https:\/\/www.speedcube.nl\/de\/wp-json\/wp\/v2\/product_tag?post=458117"}],"curies":[{"name":"wp","href":"https:\/\/api.w.org\/{rel}","templated":true}]}}