{"id":457822,"date":"2024-03-03T20:52:01","date_gmt":"2024-03-03T19:52:01","guid":{"rendered":"https:\/\/www.speedcube.nl\/?post_type=product&#038;p=457822"},"modified":"2026-05-14T05:15:41","modified_gmt":"2026-05-14T03:15:41","slug":"smartgames-iq-perplex-kopie-kopie","status":"publish","type":"product","link":"https:\/\/www.speedcube.nl\/de\/aanbieding-de\/smartgames-iq-perplex-kopie-kopie\/","title":{"rendered":"Smartgames IQ Waves"},"content":{"rendered":"<p>Dies ist IQ Waves von Smartgames, das Wellen von Spa\u00df erzeugt! In 120 herausfordernden Levels musst du die Soft-Touch-Wellen an der richtigen Stelle und auf die richtige Weise platzieren, um das Gitter zu f\u00fcllen. Wenn ein Teil nicht passt, kann es helfen, es um 90\u00b0 zu drehen &#8230; oder auch nicht! IQ Waves wird in einer kompakten Box mit Deckel geliefert, so dass Sie es \u00fcberallhin mitnehmen k\u00f6nnen. Dieses R\u00e4tsel ist f\u00fcr Jung (ab 7 Jahren) und Alt geeignet.<\/p>\n","protected":false},"excerpt":{"rendered":"<p>SMARTGAMES<\/p>\n","protected":false},"featured_media":457826,"template":"","meta":{"_improvement_type_select":"improve_an_existing","_thumb_yes_seoaic":false,"_frame_yes_seoaic":false,"seoaic_generate_description":"","seoaic_improve_instructions_prompt":"","seoaic_rollback_content_improvement":"","seoaic_idea_thumbnail_generator":"","thumbnail_generated":false,"thumbnail_generate_prompt":"","seoaic_article_description":"","product-afmeting-lengte-mm":"","product-afmeting-breedte-mm":"","product-afmeting-hoogte-mm":""},"product_brand":[],"product_cat":[2558],"product_tag":[],"class_list":{"0":"post-457822","1":"product","2":"type-product","3":"status-publish","4":"has-post-thumbnail","6":"product_cat-aanbieding-de","7":"pa_merken-smartgames-de","9":"first","10":"instock","11":"sale","12":"taxable","13":"shipping-taxable","14":"purchasable","15":"product-type-simple"},"df_price":7.79,"df_sale_price":7.79,"df_regular_price":12.99,"df_image_link":"https:\/\/www.speedcube.nl\/wp-content\/uploads\/2024\/03\/Productvisuals_Breinbrekers-Smartgames-IQ-Waves--285x300.jpg","_links":{"self":[{"href":"https:\/\/www.speedcube.nl\/de\/wp-json\/wp\/v2\/product\/457822","targetHints":{"allow":["GET"]}}],"collection":[{"href":"https:\/\/www.speedcube.nl\/de\/wp-json\/wp\/v2\/product"}],"about":[{"href":"https:\/\/www.speedcube.nl\/de\/wp-json\/wp\/v2\/types\/product"}],"version-history":[{"count":0,"href":"https:\/\/www.speedcube.nl\/de\/wp-json\/wp\/v2\/product\/457822\/revisions"}],"wp:featuredmedia":[{"embeddable":true,"href":"https:\/\/www.speedcube.nl\/de\/wp-json\/wp\/v2\/media\/457826"}],"wp:attachment":[{"href":"https:\/\/www.speedcube.nl\/de\/wp-json\/wp\/v2\/media?parent=457822"}],"wp:term":[{"taxonomy":"product_brand","embeddable":true,"href":"https:\/\/www.speedcube.nl\/de\/wp-json\/wp\/v2\/product_brand?post=457822"},{"taxonomy":"product_cat","embeddable":true,"href":"https:\/\/www.speedcube.nl\/de\/wp-json\/wp\/v2\/product_cat?post=457822"},{"taxonomy":"product_tag","embeddable":true,"href":"https:\/\/www.speedcube.nl\/de\/wp-json\/wp\/v2\/product_tag?post=457822"}],"curies":[{"name":"wp","href":"https:\/\/api.w.org\/{rel}","templated":true}]}}