{"id":457770,"date":"2024-03-03T20:52:08","date_gmt":"2024-03-03T19:52:08","guid":{"rendered":"https:\/\/www.speedcube.nl\/?post_type=product&#038;p=457770"},"modified":"2026-05-14T05:15:15","modified_gmt":"2026-05-14T03:15:15","slug":"eureka-secret-escape-box-jailbreak-4-0-kopie-kopie","status":"publish","type":"product","link":"https:\/\/www.speedcube.nl\/de\/knobelaufgaben\/eureka-ratsel-de-2\/eureka-secret-escape-box-jailbreak-4-0-kopie-kopie\/","title":{"rendered":"Eureka Impossible Stichs\u00e4ge 29 Teile"},"content":{"rendered":"<p>Willst du deine Puzzle-F\u00e4higkeiten auf die Probe stellen? Dann probiere das Eureka Impossible Jigsaw mit 29 Teilen! Dieses anspruchsvolle Puzzle enth\u00e4lt 5 statt 4 Eckteile. Kannst du herausfinden, welches Teil kein Eckteil ist? Mit einem maximalen Schwierigkeitsgrad von 6 Sternen ist dieses R\u00e4tsel eine echte Herausforderung f\u00fcr echte R\u00e4tselfreunde. Traust du dich, dieses unm\u00f6gliche R\u00e4tsel zu l\u00f6sen?<\/p>\n","protected":false},"excerpt":{"rendered":"<p>EUREKA<\/p>\n","protected":false},"featured_media":457774,"template":"","meta":{"_improvement_type_select":"improve_an_existing","_thumb_yes_seoaic":false,"_frame_yes_seoaic":false,"seoaic_generate_description":"","seoaic_improve_instructions_prompt":"","seoaic_rollback_content_improvement":"","seoaic_idea_thumbnail_generator":"","thumbnail_generated":false,"thumbnail_generate_prompt":"","seoaic_article_description":"","product-afmeting-lengte-mm":"100","product-afmeting-breedte-mm":"100","product-afmeting-hoogte-mm":"3"},"product_brand":[],"product_cat":[1490,2212,1227,1244,1233,1237,1241],"product_tag":[],"class_list":{"0":"post-457770","1":"product","2":"type-product","3":"status-publish","4":"has-post-thumbnail","6":"product_cat-5-sterne-oder-mehr-experte","7":"product_cat-eureka-ratsel-de-2","8":"product_cat-knobelaufgaben","9":"product_cat-knobelaufgaben-de","10":"product_cat-knobelaufgaben-fur-erwachsene","11":"product_cat-knobelaufgaben-fur-kinder","12":"product_cat-plastik-ratsel","13":"pa_merken-eureka-de-2","15":"first","16":"instock","17":"taxable","18":"shipping-taxable","19":"purchasable","20":"product-type-simple"},"df_price":11.95,"df_sale_price":"","df_regular_price":11.95,"df_image_link":"https:\/\/www.speedcube.nl\/wp-content\/uploads\/2024\/03\/Productvisuals_Breinbrekers-Eureka-Impossible-Jigsaw-29--285x300.jpg","_links":{"self":[{"href":"https:\/\/www.speedcube.nl\/de\/wp-json\/wp\/v2\/product\/457770","targetHints":{"allow":["GET"]}}],"collection":[{"href":"https:\/\/www.speedcube.nl\/de\/wp-json\/wp\/v2\/product"}],"about":[{"href":"https:\/\/www.speedcube.nl\/de\/wp-json\/wp\/v2\/types\/product"}],"version-history":[{"count":0,"href":"https:\/\/www.speedcube.nl\/de\/wp-json\/wp\/v2\/product\/457770\/revisions"}],"wp:featuredmedia":[{"embeddable":true,"href":"https:\/\/www.speedcube.nl\/de\/wp-json\/wp\/v2\/media\/457774"}],"wp:attachment":[{"href":"https:\/\/www.speedcube.nl\/de\/wp-json\/wp\/v2\/media?parent=457770"}],"wp:term":[{"taxonomy":"product_brand","embeddable":true,"href":"https:\/\/www.speedcube.nl\/de\/wp-json\/wp\/v2\/product_brand?post=457770"},{"taxonomy":"product_cat","embeddable":true,"href":"https:\/\/www.speedcube.nl\/de\/wp-json\/wp\/v2\/product_cat?post=457770"},{"taxonomy":"product_tag","embeddable":true,"href":"https:\/\/www.speedcube.nl\/de\/wp-json\/wp\/v2\/product_tag?post=457770"}],"curies":[{"name":"wp","href":"https:\/\/api.w.org\/{rel}","templated":true}]}}