{"id":456112,"date":"2024-03-03T20:53:27","date_gmt":"2024-03-03T19:53:27","guid":{"rendered":"https:\/\/www.speedcube.nl\/?post_type=product&#038;p=456112"},"modified":"2026-05-02T05:02:06","modified_gmt":"2026-05-02T03:02:06","slug":"ball-emoji-schaumstoff-10-cm-kopie-kopie","status":"publish","type":"product","link":"https:\/\/www.speedcube.nl\/de\/aanbieding-de\/ball-emoji-schaumstoff-10-cm-kopie-kopie\/","title":{"rendered":"Jono Toys Leichter Schleim"},"content":{"rendered":"<p>Entfessle deine Kreativit\u00e4t mit diesem Light Slime! Egal, ob du gerne dr\u00fcckst, knetest oder ziehst, diese Spielzeuge bieten endlose Unterhaltung. Und f\u00fcr eine Extraportion Magie ist dieser Schleim und Knete mit zauberhaften Lichtern versehen. Lass dich \u00fcberraschen und tauche ein in eine Welt voller Spa\u00df! Es ist eine \u00dcberraschung, welche Farbe Sie erhalten werden. Geeignet ab 4 Jahren.<\/p>\n","protected":false},"excerpt":{"rendered":"<p>JONO TOYS<\/p>\n","protected":false},"featured_media":456950,"template":"","meta":{"_improvement_type_select":"improve_an_existing","_thumb_yes_seoaic":false,"_frame_yes_seoaic":false,"seoaic_generate_description":"","seoaic_improve_instructions_prompt":"","seoaic_rollback_content_improvement":"","seoaic_idea_thumbnail_generator":"","thumbnail_generated":false,"thumbnail_generate_prompt":"","seoaic_article_description":"","product-afmeting-lengte-mm":"30","product-afmeting-breedte-mm":"30","product-afmeting-hoogte-mm":"30"},"product_brand":[],"product_cat":[1230,2558],"product_tag":[],"class_list":{"0":"post-456112","1":"product","2":"type-product","3":"status-publish","4":"has-post-thumbnail","6":"product_cat-zappelphilipp","7":"product_cat-aanbieding-de","8":"pa_merken-jono-toys-de","10":"first","11":"instock","12":"sale","13":"taxable","14":"shipping-taxable","15":"purchasable","16":"product-type-simple"},"df_price":1.245,"df_sale_price":1.245,"df_regular_price":2.49,"df_image_link":"https:\/\/www.speedcube.nl\/wp-content\/uploads\/2024\/02\/Productvisuals_Fidgets-Jono-Toys-Light-Slime--285x300.jpg","_links":{"self":[{"href":"https:\/\/www.speedcube.nl\/de\/wp-json\/wp\/v2\/product\/456112","targetHints":{"allow":["GET"]}}],"collection":[{"href":"https:\/\/www.speedcube.nl\/de\/wp-json\/wp\/v2\/product"}],"about":[{"href":"https:\/\/www.speedcube.nl\/de\/wp-json\/wp\/v2\/types\/product"}],"version-history":[{"count":0,"href":"https:\/\/www.speedcube.nl\/de\/wp-json\/wp\/v2\/product\/456112\/revisions"}],"wp:featuredmedia":[{"embeddable":true,"href":"https:\/\/www.speedcube.nl\/de\/wp-json\/wp\/v2\/media\/456950"}],"wp:attachment":[{"href":"https:\/\/www.speedcube.nl\/de\/wp-json\/wp\/v2\/media?parent=456112"}],"wp:term":[{"taxonomy":"product_brand","embeddable":true,"href":"https:\/\/www.speedcube.nl\/de\/wp-json\/wp\/v2\/product_brand?post=456112"},{"taxonomy":"product_cat","embeddable":true,"href":"https:\/\/www.speedcube.nl\/de\/wp-json\/wp\/v2\/product_cat?post=456112"},{"taxonomy":"product_tag","embeddable":true,"href":"https:\/\/www.speedcube.nl\/de\/wp-json\/wp\/v2\/product_tag?post=456112"}],"curies":[{"name":"wp","href":"https:\/\/api.w.org\/{rel}","templated":true}]}}