{"id":455439,"date":"2022-02-17T16:46:00","date_gmt":"2022-02-17T15:46:00","guid":{"rendered":"https:\/\/www.speedcube.nl\/?post_type=product&#038;p=455439"},"modified":"2026-05-13T05:12:04","modified_gmt":"2026-05-13T03:12:04","slug":"einzigartiger-drache-sakura-kopie","status":"publish","type":"product","link":"https:\/\/www.speedcube.nl\/de\/ratsel-de\/natur\/einzigartiger-drache-sakura-kopie\/","title":{"rendered":"Unidragon Sakura KS"},"content":{"rendered":"<p>Das leise Pl\u00e4tschern der kleinen Wellen am Ufer, w\u00e4hrend die langsame Str\u00f6mung das Boot flussabw\u00e4rts tr\u00e4gt. Es gibt keinen Wind. Runde Rosenbl\u00fctenbl\u00e4tter tanzen und drehen sich. Sie fallen in den Fluss. Und jetzt folgt eine ganze Flotte von leicht schaukelnden rosa Booten. Die V\u00f6gel zwitschern. Die Blumen stehen in voller Bl\u00fcte Gl\u00fcckseligkeit. Wie sch\u00f6n, das Fest des Lebens inmitten des Fr\u00fchlings zu beobachten. Sie ist bunter als je zuvor. Die bl\u00fchenden Sakura-B\u00e4ume f\u00e4rben die Stadt rosa, das Gras und die Bl\u00e4tter gr\u00fcn. Und nur das Flattern der Schmetterlinge unterstreicht die morgendliche Hektik. Bunte Blumen verw\u00e4ssern die Farben in dieser rosa und gr\u00fcnen Welt. Das Boot schwimmt langsam an H\u00e4usern vorbei, die in G\u00e4rten eingebettet sind. Vorbei an Br\u00fccken und besch\u00e4ftigten Menschen. Was f\u00fcr ein sch\u00f6ner Morgen, um sich an die Sch\u00f6nheit dieser Welt zu erinnern.<\/p>\n<p>Mit der neuen Linie von Unidragon werden Sie sich ganz anders f\u00fchlen. Das Sakura-Figurenpuzzle er\u00f6ffnet die Serie Natur. Dieses Mosaik vereint eine v\u00f6llig neue Form und alte Traditionen. Die Schmetterlinge, Blumen und H\u00e4uschen erg\u00e4nzen das sch\u00f6ne Bild der bl\u00fchenden Sakura und eines morgendlichen Spaziergangs am Fluss. Jedes Detail hat seine eigene, einzigartige Form. Und das Fehlen von glatten, abgeschnittenen R\u00e4ndern auf dem Bild erschwert das Puzzeln und macht es zu einer lustigen Herausforderung. Eine spannende Reise in das Land der untergehenden Sonne erwartet Sie mit dem neuen Sakura Nature Puzzle.<\/p>\n<p>Die Puzzles sind aus 3 mm starkem, gepresstem HDF gefertigt. Dieses Material ist umweltfreundlich, hochwertig und langlebig. Wenn du mit dem Zusammensetzen fertig bist, darfst du das Puzzle nicht zur\u00fcck in den Schrank legen. Verwenden Sie es als Innendekoration! Zu diesem Zweck haben wir ein spezielles Klebesystem entwickelt, das das Puzzle zusammensetzt und an die Wand klebt.<\/p>\n<p>KING SIZE<br \/>\nAnzahl der St\u00fccke: 500<\/p>\n","protected":false},"excerpt":{"rendered":"<p>UNIDRAGON<\/p>\n","protected":false},"featured_media":399799,"template":"","meta":{"_improvement_type_select":"improve_an_existing","_thumb_yes_seoaic":false,"_frame_yes_seoaic":false,"seoaic_generate_description":"","seoaic_improve_instructions_prompt":"","seoaic_rollback_content_improvement":"","seoaic_idea_thumbnail_generator":"","thumbnail_generated":false,"thumbnail_generate_prompt":"","seoaic_article_description":"","product-afmeting-lengte-mm":"430","product-afmeting-breedte-mm":"300","product-afmeting-hoogte-mm":"3"},"product_brand":[],"product_cat":[1621,1618,1620,2284,2109,1613,1624],"product_tag":[],"class_list":{"0":"post-455439","1":"product","2":"type-product","3":"status-publish","4":"has-post-thumbnail","6":"product_cat-besondere-ratsel","7":"product_cat-holzerne-puzzles","8":"product_cat-jigsaw-puzzles","9":"product_cat-natur","10":"product_cat-puzzle-500-999-teile","11":"product_cat-ratsel-de","12":"product_cat-unidragon-de","13":"pa_merken-unidragon-de","15":"first","16":"outofstock","17":"taxable","18":"shipping-taxable","19":"purchasable","20":"product-type-simple"},"df_price":49.99,"df_sale_price":"","df_regular_price":49.99,"df_image_link":"https:\/\/www.speedcube.nl\/wp-content\/uploads\/2023\/06\/Productvisuals_Puzzels-4.-UNIDRAGON-Sakura-1-285x300.jpg","_links":{"self":[{"href":"https:\/\/www.speedcube.nl\/de\/wp-json\/wp\/v2\/product\/455439","targetHints":{"allow":["GET"]}}],"collection":[{"href":"https:\/\/www.speedcube.nl\/de\/wp-json\/wp\/v2\/product"}],"about":[{"href":"https:\/\/www.speedcube.nl\/de\/wp-json\/wp\/v2\/types\/product"}],"version-history":[{"count":0,"href":"https:\/\/www.speedcube.nl\/de\/wp-json\/wp\/v2\/product\/455439\/revisions"}],"wp:featuredmedia":[{"embeddable":true,"href":"https:\/\/www.speedcube.nl\/de\/wp-json\/wp\/v2\/media\/399799"}],"wp:attachment":[{"href":"https:\/\/www.speedcube.nl\/de\/wp-json\/wp\/v2\/media?parent=455439"}],"wp:term":[{"taxonomy":"product_brand","embeddable":true,"href":"https:\/\/www.speedcube.nl\/de\/wp-json\/wp\/v2\/product_brand?post=455439"},{"taxonomy":"product_cat","embeddable":true,"href":"https:\/\/www.speedcube.nl\/de\/wp-json\/wp\/v2\/product_cat?post=455439"},{"taxonomy":"product_tag","embeddable":true,"href":"https:\/\/www.speedcube.nl\/de\/wp-json\/wp\/v2\/product_tag?post=455439"}],"curies":[{"name":"wp","href":"https:\/\/api.w.org\/{rel}","templated":true}]}}