{"id":455285,"date":"2024-02-08T19:50:59","date_gmt":"2024-02-08T18:50:59","guid":{"rendered":"https:\/\/www.speedcube.nl\/?post_type=product&#038;p=455285"},"modified":"2026-05-02T05:00:30","modified_gmt":"2026-05-02T03:00:30","slug":"intelligente-galaxie-gros-kopie","status":"publish","type":"product","link":"https:\/\/www.speedcube.nl\/de\/kitt\/intelligent-de\/intelligente-galaxie-gros-kopie\/","title":{"rendered":"Intelligentes ferromagnetisches Silber &#8211; gro\u00df"},"content":{"rendered":"<p>Experimentieren auf hohem Niveau! Ferromagnetischer Kittschleim enth\u00e4lt winzige Metallteilchen. Mit dem beiliegenden Magneten wird er erst richtig lebendig. Tolle Experimente sind m\u00f6glich, die Knete folgt dem Magneten und wird sogar selbst magnetisch, so dass kleine Gegenst\u00e4nde wie B\u00fcroklammern von der Knete angezogen werden. Die intelligente Knete dehnt sich wie ein Kaugummi, springt wie ein Ball und rei\u00dft so leicht wie Papier. Diese Spachtelmasse ist in einer attraktiven Metalldose verpackt.<\/p>\n<p>Gewicht: 80 Gramm<\/p>\n<p><em>Merkmale:<\/em><br \/>\n+ Feste Konsistenz<br \/>\n+ Nicht klebrig<br \/>\n+ Verschmutzt die H\u00e4nde nicht<br \/>\n+ Geruchlos<br \/>\n+ Trocknet nicht aus!<br \/>\n+ BPA-frei<br \/>\n+ Geeignet f\u00fcr Kinder ab 8 Jahren<\/p>\n<p><em>Warnung: Enth\u00e4lt schwere Magnete, verschluckte Magnete k\u00f6nnen im Darm verkleben, was zu schweren Infektionen f\u00fchren kann. Bei Verschlucken von Magneten ist sofort ein Arzt aufzusuchen.<\/em><\/p>\n","protected":false},"excerpt":{"rendered":"<p>INTELLIGENT<\/p>\n","protected":false},"featured_media":455289,"template":"","meta":{"_improvement_type_select":"improve_an_existing","_thumb_yes_seoaic":false,"_frame_yes_seoaic":false,"seoaic_generate_description":"","seoaic_improve_instructions_prompt":"","seoaic_rollback_content_improvement":"","seoaic_idea_thumbnail_generator":"","thumbnail_generated":false,"thumbnail_generate_prompt":"","seoaic_article_description":"","product-afmeting-lengte-mm":"103","product-afmeting-breedte-mm":"103","product-afmeting-hoogte-mm":"27"},"product_brand":[],"product_cat":[1566,1560,1552],"product_tag":[],"class_list":{"0":"post-455285","1":"product","2":"type-product","3":"status-publish","4":"has-post-thumbnail","6":"product_cat-intelligent-de","7":"product_cat-kitt-de","8":"product_cat-kitt","9":"pa_merken-intelligent-de","11":"first","12":"outofstock","13":"taxable","14":"shipping-taxable","15":"purchasable","16":"product-type-simple"},"df_price":16.95,"df_sale_price":"","df_regular_price":16.95,"df_image_link":"https:\/\/www.speedcube.nl\/wp-content\/uploads\/2024\/02\/Productvisuals_putty-Intelligente-Ferromagnetisch-Zilver-Large--285x300.jpg","_links":{"self":[{"href":"https:\/\/www.speedcube.nl\/de\/wp-json\/wp\/v2\/product\/455285","targetHints":{"allow":["GET"]}}],"collection":[{"href":"https:\/\/www.speedcube.nl\/de\/wp-json\/wp\/v2\/product"}],"about":[{"href":"https:\/\/www.speedcube.nl\/de\/wp-json\/wp\/v2\/types\/product"}],"version-history":[{"count":0,"href":"https:\/\/www.speedcube.nl\/de\/wp-json\/wp\/v2\/product\/455285\/revisions"}],"wp:featuredmedia":[{"embeddable":true,"href":"https:\/\/www.speedcube.nl\/de\/wp-json\/wp\/v2\/media\/455289"}],"wp:attachment":[{"href":"https:\/\/www.speedcube.nl\/de\/wp-json\/wp\/v2\/media?parent=455285"}],"wp:term":[{"taxonomy":"product_brand","embeddable":true,"href":"https:\/\/www.speedcube.nl\/de\/wp-json\/wp\/v2\/product_brand?post=455285"},{"taxonomy":"product_cat","embeddable":true,"href":"https:\/\/www.speedcube.nl\/de\/wp-json\/wp\/v2\/product_cat?post=455285"},{"taxonomy":"product_tag","embeddable":true,"href":"https:\/\/www.speedcube.nl\/de\/wp-json\/wp\/v2\/product_tag?post=455285"}],"curies":[{"name":"wp","href":"https:\/\/api.w.org\/{rel}","templated":true}]}}