{"id":455258,"date":"2024-02-08T19:51:01","date_gmt":"2024-02-08T18:51:01","guid":{"rendered":"https:\/\/www.speedcube.nl\/?post_type=product&#038;p=455258"},"modified":"2026-04-28T05:00:21","modified_gmt":"2026-04-28T03:00:21","slug":"unidragon-abstraktion-tiefenscharfe-kopie-kopie","status":"publish","type":"product","link":"https:\/\/www.speedcube.nl\/de\/ratsel-de\/natur\/unidragon-abstraktion-tiefenscharfe-kopie-kopie\/","title":{"rendered":"Unidragon Blooming Bouquet"},"content":{"rendered":"<p>Dieser bl\u00fchende Strau\u00df von Unidragon strahlt wirklich Zuneigung aus. Der Raum scheint von einer duftenden Brise aus zarten Bl\u00fcten, flatternden Schmetterlingen und Sonnenstrahlen geradezu \u00fcberflutet zu werden. Sie verbindet Fr\u00fchling und Sommer in H\u00fclle und F\u00fclle &#8211; \u00fcppige Knospen sind von bescheidenen Blumen umgeben, deren elegante Einfachheit mehr aussagt als tausend Worte \u00fcber tiefe Gef\u00fchle. Dies ist ein atemberaubendes Symbol der Zuneigung, das einem ganz besonderen Menschen geschenkt werden kann. Mit jedem Detail wird Ihre Liebe wie diese sch\u00f6nen Blumen erbl\u00fchen.<\/p>\n<p>Die Puzzles aus der Flora-Serie vermitteln F\u00fcrsorge und N\u00e4he, sie bewahren einen Hauch von Fr\u00fchling und erinnern uns daran, dass wahre Liebe nie vergeht.<\/p>\n<p>Die Puzzles sind aus 3 mm starkem, gepresstem HDF gefertigt. Dieses Material ist umweltfreundlich, hochwertig und langlebig. Wenn du mit dem Zusammensetzen fertig bist, darfst du das Puzzle nicht zur\u00fcck in den Schrank legen. Verwenden Sie es als Innendekoration! Zu diesem Zweck haben wir ein spezielles Klebesystem entwickelt, das das Puzzle zusammensetzt und an die Wand klebt.<\/p>\n","protected":false},"excerpt":{"rendered":"<p>UNIDRAGON<\/p>\n","protected":false},"featured_media":455262,"template":"","meta":{"_improvement_type_select":"improve_an_existing","_thumb_yes_seoaic":false,"_frame_yes_seoaic":false,"seoaic_generate_description":"","seoaic_improve_instructions_prompt":"","seoaic_rollback_content_improvement":"","seoaic_idea_thumbnail_generator":"","thumbnail_generated":false,"thumbnail_generate_prompt":"","seoaic_article_description":"","product-afmeting-lengte-mm":"247","product-afmeting-breedte-mm":"252","product-afmeting-hoogte-mm":"3"},"product_brand":[],"product_cat":[1621,1618,1620,2284,1616,1613,1745,1623,1624],"product_tag":[],"class_list":{"0":"post-455258","1":"product","2":"type-product","3":"status-publish","4":"has-post-thumbnail","6":"product_cat-besondere-ratsel","7":"product_cat-holzerne-puzzles","8":"product_cat-jigsaw-puzzles","9":"product_cat-natur","10":"product_cat-puzzle-0-499-teile","11":"product_cat-ratsel-de","12":"product_cat-puzzles-fur-erwachsene","13":"product_cat-puzzles-fur-kinder","14":"product_cat-unidragon-de","15":"pa_merken-unidragon-de","17":"first","18":"outofstock","19":"taxable","20":"shipping-taxable","21":"purchasable","22":"product-type-simple"},"df_price":49.99,"df_sale_price":"","df_regular_price":49.99,"df_image_link":"https:\/\/www.speedcube.nl\/wp-content\/uploads\/2024\/02\/Productvisuals_Puzzels-Unidragon-Blooming-Bouquet--285x300.jpg","_links":{"self":[{"href":"https:\/\/www.speedcube.nl\/de\/wp-json\/wp\/v2\/product\/455258","targetHints":{"allow":["GET"]}}],"collection":[{"href":"https:\/\/www.speedcube.nl\/de\/wp-json\/wp\/v2\/product"}],"about":[{"href":"https:\/\/www.speedcube.nl\/de\/wp-json\/wp\/v2\/types\/product"}],"version-history":[{"count":0,"href":"https:\/\/www.speedcube.nl\/de\/wp-json\/wp\/v2\/product\/455258\/revisions"}],"wp:featuredmedia":[{"embeddable":true,"href":"https:\/\/www.speedcube.nl\/de\/wp-json\/wp\/v2\/media\/455262"}],"wp:attachment":[{"href":"https:\/\/www.speedcube.nl\/de\/wp-json\/wp\/v2\/media?parent=455258"}],"wp:term":[{"taxonomy":"product_brand","embeddable":true,"href":"https:\/\/www.speedcube.nl\/de\/wp-json\/wp\/v2\/product_brand?post=455258"},{"taxonomy":"product_cat","embeddable":true,"href":"https:\/\/www.speedcube.nl\/de\/wp-json\/wp\/v2\/product_cat?post=455258"},{"taxonomy":"product_tag","embeddable":true,"href":"https:\/\/www.speedcube.nl\/de\/wp-json\/wp\/v2\/product_tag?post=455258"}],"curies":[{"name":"wp","href":"https:\/\/api.w.org\/{rel}","templated":true}]}}