{"id":455231,"date":"2024-02-08T19:51:05","date_gmt":"2024-02-08T18:51:05","guid":{"rendered":"https:\/\/www.speedcube.nl\/?post_type=product&#038;p=455231"},"modified":"2026-04-29T05:05:09","modified_gmt":"2026-04-29T03:05:09","slug":"unidragon-abstraktion-tiefenscharfe-kopie","status":"publish","type":"product","link":"https:\/\/www.speedcube.nl\/de\/ratsel-de\/natur\/unidragon-abstraktion-tiefenscharfe-kopie\/","title":{"rendered":"Unidragon Charming Bouquet"},"content":{"rendered":"<p>Dieser Strau\u00df spiegelt den H\u00f6hepunkt des Sommers und seine leuchtenden Farben wider! Der Drang, in ihre Sch\u00f6nheit einzutauchen, ist unwiderstehlich. Das Zusammensetzen des Puzzles ist der Weg zu einer warmen Sommerwiese, \u00fcber die sich die Wolken schl\u00e4ngeln. Stellen Sie diese Komposition &#8211; Blume f\u00fcr Blume &#8211; zusammen und entdecken Sie den idealen Platz daf\u00fcr in Ihrer Wohnung, damit das Sommerambiente Sie auch im Winter nicht verl\u00e4sst. Das Aufbl\u00fchen von fr\u00f6hlichen Blumen und hellgr\u00fcnen Bl\u00e4ttern wird Ihren Lieben besser als tausend Worte von Ihren Gef\u00fchlen erz\u00e4hlen. Und mit jedem gesammelten St\u00fcck wird Ihre Liebe erbl\u00fchen wie diese wundersch\u00f6nen Blumen.<\/p>\n<p>Die Puzzles aus der Flora-Serie vermitteln F\u00fcrsorge und N\u00e4he, sie bewahren einen Hauch von Fr\u00fchling und erinnern uns daran, dass wahre Liebe nie vergeht.<\/p>\n<p>Die Puzzles sind aus 3 mm starkem, gepresstem HDF gefertigt. Dieses Material ist umweltfreundlich, hochwertig und langlebig. Wenn du mit dem Zusammensetzen fertig bist, darfst du das Puzzle nicht zur\u00fcck in den Schrank legen. Verwenden Sie es als Innendekoration! Zu diesem Zweck haben wir ein spezielles Klebesystem entwickelt, das das Puzzle zusammensetzt und an die Wand klebt.<\/p>\n","protected":false},"excerpt":{"rendered":"<p>UNIDRAGON<\/p>\n","protected":false},"featured_media":455235,"template":"","meta":{"_improvement_type_select":"improve_an_existing","_thumb_yes_seoaic":false,"_frame_yes_seoaic":false,"seoaic_generate_description":"","seoaic_improve_instructions_prompt":"","seoaic_rollback_content_improvement":"","seoaic_idea_thumbnail_generator":"","thumbnail_generated":false,"thumbnail_generate_prompt":"","seoaic_article_description":"","product-afmeting-lengte-mm":"249","product-afmeting-breedte-mm":"225","product-afmeting-hoogte-mm":"3"},"product_brand":[],"product_cat":[1621,1618,1620,2284,1616,1613,1745,1623,1624],"product_tag":[],"class_list":{"0":"post-455231","1":"product","2":"type-product","3":"status-publish","4":"has-post-thumbnail","6":"product_cat-besondere-ratsel","7":"product_cat-holzerne-puzzles","8":"product_cat-jigsaw-puzzles","9":"product_cat-natur","10":"product_cat-puzzle-0-499-teile","11":"product_cat-ratsel-de","12":"product_cat-puzzles-fur-erwachsene","13":"product_cat-puzzles-fur-kinder","14":"product_cat-unidragon-de","15":"pa_merken-unidragon-de","17":"first","18":"outofstock","19":"taxable","20":"shipping-taxable","21":"purchasable","22":"product-type-simple"},"df_price":49.99,"df_sale_price":"","df_regular_price":49.99,"df_image_link":"https:\/\/www.speedcube.nl\/wp-content\/uploads\/2024\/02\/Productvisuals_Puzzels-Unidragon-Charming-Bouquet--285x300.jpg","_links":{"self":[{"href":"https:\/\/www.speedcube.nl\/de\/wp-json\/wp\/v2\/product\/455231","targetHints":{"allow":["GET"]}}],"collection":[{"href":"https:\/\/www.speedcube.nl\/de\/wp-json\/wp\/v2\/product"}],"about":[{"href":"https:\/\/www.speedcube.nl\/de\/wp-json\/wp\/v2\/types\/product"}],"version-history":[{"count":0,"href":"https:\/\/www.speedcube.nl\/de\/wp-json\/wp\/v2\/product\/455231\/revisions"}],"wp:featuredmedia":[{"embeddable":true,"href":"https:\/\/www.speedcube.nl\/de\/wp-json\/wp\/v2\/media\/455235"}],"wp:attachment":[{"href":"https:\/\/www.speedcube.nl\/de\/wp-json\/wp\/v2\/media?parent=455231"}],"wp:term":[{"taxonomy":"product_brand","embeddable":true,"href":"https:\/\/www.speedcube.nl\/de\/wp-json\/wp\/v2\/product_brand?post=455231"},{"taxonomy":"product_cat","embeddable":true,"href":"https:\/\/www.speedcube.nl\/de\/wp-json\/wp\/v2\/product_cat?post=455231"},{"taxonomy":"product_tag","embeddable":true,"href":"https:\/\/www.speedcube.nl\/de\/wp-json\/wp\/v2\/product_tag?post=455231"}],"curies":[{"name":"wp","href":"https:\/\/api.w.org\/{rel}","templated":true}]}}