{"id":454773,"date":"2024-02-07T17:49:07","date_gmt":"2024-02-07T16:49:07","guid":{"rendered":"https:\/\/www.speedcube.nl\/?post_type=product&#038;p=454773"},"modified":"2026-04-28T05:01:30","modified_gmt":"2026-04-28T03:01:30","slug":"moyu-super-weilong-3x3-kopie-kopie","status":"publish","type":"product","link":"https:\/\/www.speedcube.nl\/de\/speedcube-de\/10x10-de\/moyu-super-weilong-3x3-kopie-kopie\/","title":{"rendered":"Moyu Mosaik-W\u00fcrfel-Set 5&#215;5"},"content":{"rendered":"<p>Mit dem Moyu Mosaic Cube Set k\u00f6nnen Sie verschiedene Arten von Mosaiken erstellen und ausstellen. Das Paket enth\u00e4lt einen Halter, mit dem Sie Ihr Kunstwerk als Foto pr\u00e4sentieren k\u00f6nnen, ein Faltblatt mit inspirierenden Ideen und zwei selbstklebende Wandhalterungen. Lass deiner Fantasie freien Lauf mit dem Moyu Mosaic Set! In diesem 5&#215;5-Set finden Sie insgesamt 25 W\u00fcrfel mit einer W\u00fcrfelgr\u00f6\u00dfe von 30 mm.<\/p>\n","protected":false},"excerpt":{"rendered":"<p>MOYU<\/p>\n","protected":false},"featured_media":454710,"template":"","meta":{"_improvement_type_select":"improve_an_existing","_thumb_yes_seoaic":false,"_frame_yes_seoaic":false,"seoaic_generate_description":"","seoaic_improve_instructions_prompt":"","seoaic_rollback_content_improvement":"","seoaic_idea_thumbnail_generator":"","thumbnail_generated":false,"thumbnail_generate_prompt":"","seoaic_article_description":"","product-afmeting-lengte-mm":"30","product-afmeting-breedte-mm":"30","product-afmeting-hoogte-mm":"30"},"product_brand":[],"product_cat":[2451,1221,1872,1333,1332,1211],"product_tag":[],"class_list":{"0":"post-454773","1":"product","2":"type-product","3":"status-publish","4":"has-post-thumbnail","6":"product_cat-10x10-de","7":"product_cat-3x3-de","8":"product_cat-5x5-de","9":"product_cat-besonderheiten","10":"product_cat-moyu-de","11":"product_cat-speedcube-de","12":"pa_merken-moyu-de","14":"first","15":"instock","16":"taxable","17":"shipping-taxable","18":"purchasable","19":"product-type-simple"},"df_price":36.99,"df_sale_price":"","df_regular_price":36.99,"df_image_link":"https:\/\/www.speedcube.nl\/wp-content\/uploads\/2024\/02\/Productvisuals_Speedcubes-MoYu-Mosaic-Cube-Set-2-285x300.jpg","_links":{"self":[{"href":"https:\/\/www.speedcube.nl\/de\/wp-json\/wp\/v2\/product\/454773","targetHints":{"allow":["GET"]}}],"collection":[{"href":"https:\/\/www.speedcube.nl\/de\/wp-json\/wp\/v2\/product"}],"about":[{"href":"https:\/\/www.speedcube.nl\/de\/wp-json\/wp\/v2\/types\/product"}],"version-history":[{"count":0,"href":"https:\/\/www.speedcube.nl\/de\/wp-json\/wp\/v2\/product\/454773\/revisions"}],"wp:featuredmedia":[{"embeddable":true,"href":"https:\/\/www.speedcube.nl\/de\/wp-json\/wp\/v2\/media\/454710"}],"wp:attachment":[{"href":"https:\/\/www.speedcube.nl\/de\/wp-json\/wp\/v2\/media?parent=454773"}],"wp:term":[{"taxonomy":"product_brand","embeddable":true,"href":"https:\/\/www.speedcube.nl\/de\/wp-json\/wp\/v2\/product_brand?post=454773"},{"taxonomy":"product_cat","embeddable":true,"href":"https:\/\/www.speedcube.nl\/de\/wp-json\/wp\/v2\/product_cat?post=454773"},{"taxonomy":"product_tag","embeddable":true,"href":"https:\/\/www.speedcube.nl\/de\/wp-json\/wp\/v2\/product_tag?post=454773"}],"curies":[{"name":"wp","href":"https:\/\/api.w.org\/{rel}","templated":true}]}}