{"id":453850,"date":"2024-02-07T17:48:53","date_gmt":"2024-02-07T16:48:53","guid":{"rendered":"https:\/\/www.speedcube.nl\/?post_type=product&#038;p=453850"},"modified":"2026-04-30T05:14:57","modified_gmt":"2026-04-30T03:14:57","slug":"yoyofactory-cc-superstar-kopie","status":"publish","type":"product","link":"https:\/\/www.speedcube.nl\/de\/yo-yos\/aluminium-de\/yoyofactory-cc-superstar-kopie\/","title":{"rendered":"YoYoFactory Viel Gl\u00fcck"},"content":{"rendered":"<p>Triff Angel2Ups unverwechselbares Yo-Yo: GODSPEED! Angelo Aguirre ist einer der einflussreichsten Yo-Yo-Spieler dieses Jahrzehnts geworden. \u00dcber die sozialen Medien hat er sich bei einer neuen Generation von Yo-Yo-Spielern eine Fangemeinde aufgebaut. Sein charakteristischer Satz &#8222;Can you go GODSPEED?&#8220; f\u00fchrte schlie\u00dflich zum Design dieses unverwechselbaren Yo-Yos, das f\u00fcr einen rasanten Spielstil geeignet ist und gleichzeitig Stabilit\u00e4t f\u00fcr fortgeschrittene Techniken bietet. Dieses Yo-Yo ist f\u00fcr Spieler geeignet, die wissen, wie man eine Bindung macht.<\/p>\n<p>Lager: Center Trac C Ball<br \/>\nGewicht: 66<br \/>\nDurchmesser: 55<br \/>\nBreite: 40<br \/>\n(un)ansprechbar<\/p>\n","protected":false},"excerpt":{"rendered":"<p>YOYOFACTORY<\/p>\n","protected":false},"featured_media":453860,"template":"","meta":{"_improvement_type_select":"improve_an_existing","_thumb_yes_seoaic":false,"_frame_yes_seoaic":false,"seoaic_generate_description":"","seoaic_improve_instructions_prompt":"","seoaic_rollback_content_improvement":"","seoaic_idea_thumbnail_generator":"","thumbnail_generated":false,"thumbnail_generate_prompt":"","seoaic_article_description":"","product-afmeting-lengte-mm":"55","product-afmeting-breedte-mm":"55","product-afmeting-hoogte-mm":"40"},"product_brand":[],"product_cat":[1572,1255,1238,1462],"product_tag":[],"class_list":{"0":"post-453850","1":"product","2":"type-product","3":"status-publish","4":"has-post-thumbnail","6":"product_cat-aluminium-de","7":"product_cat-nicht-ansprechbar","8":"product_cat-yo-yos","9":"product_cat-yoyofactory-de","10":"pa_merken-yoyofactory-de","12":"first","13":"instock","14":"taxable","15":"shipping-taxable","16":"purchasable","17":"product-type-variable"},"df_price":56.99,"df_sale_price":"","df_regular_price":56.99,"df_image_link":"https:\/\/www.speedcube.nl\/wp-content\/uploads\/2024\/02\/Productvisuals_yoyo-YoYoFactory-Godspeed--285x300.jpg","_links":{"self":[{"href":"https:\/\/www.speedcube.nl\/de\/wp-json\/wp\/v2\/product\/453850","targetHints":{"allow":["GET"]}}],"collection":[{"href":"https:\/\/www.speedcube.nl\/de\/wp-json\/wp\/v2\/product"}],"about":[{"href":"https:\/\/www.speedcube.nl\/de\/wp-json\/wp\/v2\/types\/product"}],"version-history":[{"count":0,"href":"https:\/\/www.speedcube.nl\/de\/wp-json\/wp\/v2\/product\/453850\/revisions"}],"wp:featuredmedia":[{"embeddable":true,"href":"https:\/\/www.speedcube.nl\/de\/wp-json\/wp\/v2\/media\/453860"}],"wp:attachment":[{"href":"https:\/\/www.speedcube.nl\/de\/wp-json\/wp\/v2\/media?parent=453850"}],"wp:term":[{"taxonomy":"product_brand","embeddable":true,"href":"https:\/\/www.speedcube.nl\/de\/wp-json\/wp\/v2\/product_brand?post=453850"},{"taxonomy":"product_cat","embeddable":true,"href":"https:\/\/www.speedcube.nl\/de\/wp-json\/wp\/v2\/product_cat?post=453850"},{"taxonomy":"product_tag","embeddable":true,"href":"https:\/\/www.speedcube.nl\/de\/wp-json\/wp\/v2\/product_tag?post=453850"}],"curies":[{"name":"wp","href":"https:\/\/api.w.org\/{rel}","templated":true}]}}