{"id":453809,"date":"2024-01-25T12:04:59","date_gmt":"2024-01-25T11:04:59","guid":{"rendered":"https:\/\/www.speedcube.nl\/?post_type=product&#038;p=453809"},"modified":"2026-05-10T05:03:59","modified_gmt":"2026-05-10T03:03:59","slug":"yj-mgc-elite-m-3x3-v2-kopie","status":"publish","type":"product","link":"https:\/\/www.speedcube.nl\/de\/aanbieding-de\/yj-mgc-elite-m-3x3-v2-kopie\/","title":{"rendered":"YJ MGC 3&#215;3 V2 M"},"content":{"rendered":"<p>Der MGC 3&#215;3 V2 M ist die verbesserte Version gegen\u00fcber seinem Vorg\u00e4nger. Es ist ein magnetischer W\u00fcrfel aus der Schachtel. Er verf\u00fcgt \u00fcber ein austauschbares Federsystem, eine pr\u00e4zise Magnetplatzierung, vereinfachte Eck- und Kantenst\u00fccke, ein geringeres Gesamtgewicht und ein verbessertes Kerndesign.<\/p>\n","protected":false},"excerpt":{"rendered":"<p>YJ<\/p>\n","protected":false},"featured_media":453846,"template":"","meta":{"_improvement_type_select":"improve_an_existing","_thumb_yes_seoaic":false,"_frame_yes_seoaic":false,"seoaic_generate_description":"","seoaic_improve_instructions_prompt":"","seoaic_rollback_content_improvement":"","seoaic_idea_thumbnail_generator":"","thumbnail_generated":false,"thumbnail_generate_prompt":"","seoaic_article_description":"","product-afmeting-lengte-mm":"55","product-afmeting-breedte-mm":"55","product-afmeting-hoogte-mm":"55"},"product_brand":[],"product_cat":[2558,2174,1211],"product_tag":[],"class_list":{"0":"post-453809","1":"product","2":"type-product","3":"status-publish","4":"has-post-thumbnail","6":"product_cat-aanbieding-de","7":"product_cat-yj-de","8":"product_cat-speedcube-de","9":"pa_merken-yj-de","11":"first","12":"instock","13":"sale","14":"taxable","15":"shipping-taxable","16":"purchasable","17":"product-type-simple"},"df_price":8.99,"df_sale_price":8.99,"df_regular_price":14.99,"df_image_link":"https:\/\/www.speedcube.nl\/wp-content\/uploads\/2024\/02\/Productvisuals_Speedcubes-YJ-Magnetic-3x3-MGC-v2--285x300.jpg","_links":{"self":[{"href":"https:\/\/www.speedcube.nl\/de\/wp-json\/wp\/v2\/product\/453809","targetHints":{"allow":["GET"]}}],"collection":[{"href":"https:\/\/www.speedcube.nl\/de\/wp-json\/wp\/v2\/product"}],"about":[{"href":"https:\/\/www.speedcube.nl\/de\/wp-json\/wp\/v2\/types\/product"}],"version-history":[{"count":0,"href":"https:\/\/www.speedcube.nl\/de\/wp-json\/wp\/v2\/product\/453809\/revisions"}],"wp:featuredmedia":[{"embeddable":true,"href":"https:\/\/www.speedcube.nl\/de\/wp-json\/wp\/v2\/media\/453846"}],"wp:attachment":[{"href":"https:\/\/www.speedcube.nl\/de\/wp-json\/wp\/v2\/media?parent=453809"}],"wp:term":[{"taxonomy":"product_brand","embeddable":true,"href":"https:\/\/www.speedcube.nl\/de\/wp-json\/wp\/v2\/product_brand?post=453809"},{"taxonomy":"product_cat","embeddable":true,"href":"https:\/\/www.speedcube.nl\/de\/wp-json\/wp\/v2\/product_cat?post=453809"},{"taxonomy":"product_tag","embeddable":true,"href":"https:\/\/www.speedcube.nl\/de\/wp-json\/wp\/v2\/product_tag?post=453809"}],"curies":[{"name":"wp","href":"https:\/\/api.w.org\/{rel}","templated":true}]}}