{"id":453746,"date":"2026-03-18T18:11:57","date_gmt":"2026-03-18T17:11:57","guid":{"rendered":"https:\/\/www.speedcube.nl\/?post_type=product&#038;p=453746"},"modified":"2026-04-21T05:30:25","modified_gmt":"2026-04-21T03:30:25","slug":"yoyofactory-dv888-kopie","status":"publish","type":"product","link":"https:\/\/www.speedcube.nl\/de\/yo-yos\/aluminium-de\/yoyofactory-dv888-kopie\/","title":{"rendered":"YoYoFactory Neun Drachen"},"content":{"rendered":"<p>Erreichen Sie das Unm\u00f6gliche mit den YoYoFactory Nine Dragons! Mit einem einzigen Wurf kann man das Br\u00fcllen dieser mythischen Kreatur h\u00f6ren. Dieses Yo-Yo \u00fcbert\u00f6nt alle anderen Yo-Yos und bietet ein noch nie dagewesenes Erlebnis. Mit diesem innovativen Yo-Yo k\u00f6nnen die Spieler ihre traditionellen Tricks auf die n\u00e4chste Stufe bringen. Ein Yo-Yo aus Aluminium mit den &#8222;Drachenkappen&#8220; aus Kunststoff erm\u00f6glicht es dir, das Yo-Yo in der Hand zu halten, w\u00e4hrend es sich weiterdreht. Dieses ausgekl\u00fcgelte Design minimiert die Reibung der H\u00e4nde und erm\u00f6glicht au\u00dfermittige Tricks und neue Techniken.<\/p>\n<p>Lager: Mittellaufbahn C<br \/>\nGewicht: 77<br \/>\nDurchmesser: 62<br \/>\nBreite: 49<br \/>\n(un)reaktionsschnell: Nicht reaktionsschnell<\/p>\n","protected":false},"excerpt":{"rendered":"<p>YOYOFACTORY<\/p>\n","protected":false},"featured_media":525599,"template":"","meta":{"_improvement_type_select":"improve_an_existing","_thumb_yes_seoaic":false,"_frame_yes_seoaic":false,"seoaic_generate_description":"","seoaic_improve_instructions_prompt":"","seoaic_rollback_content_improvement":"","seoaic_idea_thumbnail_generator":"","thumbnail_generated":false,"thumbnail_generate_prompt":"","seoaic_article_description":"","product-afmeting-lengte-mm":"62","product-afmeting-breedte-mm":"62","product-afmeting-hoogte-mm":"49"},"product_brand":[],"product_cat":[1572,1418,1255,1238,1462],"product_tag":[],"class_list":{"0":"post-453746","1":"product","2":"type-product","3":"status-publish","4":"has-post-thumbnail","6":"product_cat-aluminium-de","7":"product_cat-kunststoff","8":"product_cat-nicht-ansprechbar","9":"product_cat-yo-yos","10":"product_cat-yoyofactory-de","11":"pa_merken-yoyofactory-de","13":"first","14":"instock","15":"taxable","16":"shipping-taxable","17":"purchasable","18":"product-type-variable"},"df_price":69.99,"df_sale_price":"","df_regular_price":69.99,"df_image_link":"https:\/\/www.speedcube.nl\/wp-content\/uploads\/2026\/03\/Productvisuals_yoyo-YoYoFactory-NINE--285x300.jpg","_links":{"self":[{"href":"https:\/\/www.speedcube.nl\/de\/wp-json\/wp\/v2\/product\/453746","targetHints":{"allow":["GET"]}}],"collection":[{"href":"https:\/\/www.speedcube.nl\/de\/wp-json\/wp\/v2\/product"}],"about":[{"href":"https:\/\/www.speedcube.nl\/de\/wp-json\/wp\/v2\/types\/product"}],"version-history":[{"count":1,"href":"https:\/\/www.speedcube.nl\/de\/wp-json\/wp\/v2\/product\/453746\/revisions"}],"predecessor-version":[{"id":525762,"href":"https:\/\/www.speedcube.nl\/de\/wp-json\/wp\/v2\/product\/453746\/revisions\/525762"}],"wp:featuredmedia":[{"embeddable":true,"href":"https:\/\/www.speedcube.nl\/de\/wp-json\/wp\/v2\/media\/525599"}],"wp:attachment":[{"href":"https:\/\/www.speedcube.nl\/de\/wp-json\/wp\/v2\/media?parent=453746"}],"wp:term":[{"taxonomy":"product_brand","embeddable":true,"href":"https:\/\/www.speedcube.nl\/de\/wp-json\/wp\/v2\/product_brand?post=453746"},{"taxonomy":"product_cat","embeddable":true,"href":"https:\/\/www.speedcube.nl\/de\/wp-json\/wp\/v2\/product_cat?post=453746"},{"taxonomy":"product_tag","embeddable":true,"href":"https:\/\/www.speedcube.nl\/de\/wp-json\/wp\/v2\/product_tag?post=453746"}],"curies":[{"name":"wp","href":"https:\/\/api.w.org\/{rel}","templated":true}]}}