{"id":453683,"date":"2024-02-07T17:49:00","date_gmt":"2024-02-07T16:49:00","guid":{"rendered":"https:\/\/www.speedcube.nl\/?post_type=product&#038;p=453683"},"modified":"2026-04-26T05:18:42","modified_gmt":"2026-04-26T03:18:42","slug":"qiyi-mp-magnetisch-5x5-kopie","status":"publish","type":"product","link":"https:\/\/www.speedcube.nl\/de\/speedcube-de\/5x5-de\/qiyi-mp-magnetisch-5x5-kopie\/","title":{"rendered":"QiYi XMD Hong 5&#215;5 &#8211; UV-beschichtet"},"content":{"rendered":"<p>Die QiYi XMD Hong 5&#215;5 UV-Version wurde komplett \u00fcberarbeitet und neu konzipiert, um die bestm\u00f6gliche Leistung zu erzielen. Dank seiner innovativen magnetischen Mehrfachkonfiguration verf\u00fcgt der W\u00fcrfel \u00fcber eine gute Stabilit\u00e4t und ein hervorragendes Stellgef\u00fchl. Nicht nur die Leistung ist beeindruckend, sondern auch das Aussehen und die Haptik des W\u00fcrfels sind hervorragend. Mit seiner perfekten Gr\u00f6\u00dfe l\u00e4sst er sich bequem in der Hand halten und bietet einen guten Halt beim L\u00f6sen des W\u00fcrfels. Ein zus\u00e4tzliches Merkmal dieses W\u00fcrfels ist seine UV-Beschichtung. Diese Beschichtung sorgt daf\u00fcr, dass der W\u00fcrfel kratzfest ist und ein sch\u00f6nes, gl\u00e4nzendes \u00c4u\u00dferes hat. Dar\u00fcber hinaus macht die Beschichtung den W\u00fcrfel noch griffiger, was zu einem besseren und befriedigenden Erlebnis beim L\u00f6sen des W\u00fcrfels f\u00fchrt.<\/p>\n","protected":false},"excerpt":{"rendered":"<p>QIYI<\/p>\n","protected":false},"featured_media":454961,"template":"","meta":{"_improvement_type_select":"improve_an_existing","_thumb_yes_seoaic":false,"_frame_yes_seoaic":false,"seoaic_generate_description":"","seoaic_improve_instructions_prompt":"","seoaic_rollback_content_improvement":"","seoaic_idea_thumbnail_generator":"","thumbnail_generated":false,"thumbnail_generate_prompt":"","seoaic_article_description":"","product-afmeting-lengte-mm":"61","product-afmeting-breedte-mm":"61","product-afmeting-hoogte-mm":"61"},"product_brand":[],"product_cat":[1872,1235,1211],"product_tag":[],"class_list":{"0":"post-453683","1":"product","2":"type-product","3":"status-publish","4":"has-post-thumbnail","6":"product_cat-5x5-de","7":"product_cat-qiyi-de","8":"product_cat-speedcube-de","9":"pa_merken-qiyi-de","11":"first","12":"instock","13":"taxable","14":"shipping-taxable","15":"purchasable","16":"product-type-simple"},"df_price":42.99,"df_sale_price":"","df_regular_price":42.99,"df_image_link":"https:\/\/www.speedcube.nl\/wp-content\/uploads\/2024\/02\/Productvisuals_Speedcubes-QiYi-XMD-Hong-5x5-UV-versie--285x300.jpg","_links":{"self":[{"href":"https:\/\/www.speedcube.nl\/de\/wp-json\/wp\/v2\/product\/453683","targetHints":{"allow":["GET"]}}],"collection":[{"href":"https:\/\/www.speedcube.nl\/de\/wp-json\/wp\/v2\/product"}],"about":[{"href":"https:\/\/www.speedcube.nl\/de\/wp-json\/wp\/v2\/types\/product"}],"version-history":[{"count":0,"href":"https:\/\/www.speedcube.nl\/de\/wp-json\/wp\/v2\/product\/453683\/revisions"}],"wp:featuredmedia":[{"embeddable":true,"href":"https:\/\/www.speedcube.nl\/de\/wp-json\/wp\/v2\/media\/454961"}],"wp:attachment":[{"href":"https:\/\/www.speedcube.nl\/de\/wp-json\/wp\/v2\/media?parent=453683"}],"wp:term":[{"taxonomy":"product_brand","embeddable":true,"href":"https:\/\/www.speedcube.nl\/de\/wp-json\/wp\/v2\/product_brand?post=453683"},{"taxonomy":"product_cat","embeddable":true,"href":"https:\/\/www.speedcube.nl\/de\/wp-json\/wp\/v2\/product_cat?post=453683"},{"taxonomy":"product_tag","embeddable":true,"href":"https:\/\/www.speedcube.nl\/de\/wp-json\/wp\/v2\/product_tag?post=453683"}],"curies":[{"name":"wp","href":"https:\/\/api.w.org\/{rel}","templated":true}]}}