{"id":453657,"date":"2024-02-07T17:49:05","date_gmt":"2024-02-07T16:49:05","guid":{"rendered":"https:\/\/www.speedcube.nl\/?post_type=product&#038;p=453657"},"modified":"2026-05-01T05:04:22","modified_gmt":"2026-05-01T03:04:22","slug":"moyu-rs-skewb-kopie","status":"publish","type":"product","link":"https:\/\/www.speedcube.nl\/de\/speedcube-de\/haitun-de\/moyu-rs-skewb-kopie\/","title":{"rendered":"HaiTun WaveRider V1"},"content":{"rendered":"<p>Entdecken Sie den neuesten Zuwachs in der Welt der Speedcubes: den WaveRider V1. Diese innovative Kreation stammt von der aufstrebenden Marke Haitun. Testen Sie jetzt die Standard- oder Flaggschiff-Version und sehen Sie, was Sie davon halten! Beide Varianten haben ein gl\u00e4nzendes \u00c4u\u00dferes und herzf\u00f6rmige Teile, die den W\u00fcrfel bedecken. Dies bietet eine angenehme Haptik und sorgt f\u00fcr eine hervorragende Verteilung des Gleitmittels.<\/p>\n<p>Die <strong>Standardvariante<\/strong> verf\u00fcgt \u00fcber klassische Eckkantenmagnete und ein benutzerfreundliches Einstellsystem mit 8 Spannungsstufen, 8 Elastizit\u00e4ten und 6 Magnetanziehungsgraden. Die Ausf\u00fchrung von Winkelbewegungen ist bemerkenswert reibungslos. Die Standardversion hat insgesamt 48 Magnete.<br \/>\nDie <strong>Flaggschiff-Variante<\/strong> verf\u00fcgt \u00fcber klassische Magnete an den Ecken und dezente (aber beeindruckend starke) Magnete an der Unterseite jedes St\u00fccks, die ein lebendiges magnetisches Platzierungssystem bilden. Au\u00dferdem verf\u00fcgt es \u00fcber ein praktisches Einstellsystem mit 8 Spannungsstufen, 8 Elastizit\u00e4ten und 6 Magnetst\u00e4rken. Das Kurvenverhalten und die Verdr\u00e4ngungsleistung der Kurven sind hervorragend. Die Flaggschiff-Version hat insgesamt 96 Magnete.<\/p>\n<p style=\"font-weight: 400;\">\n","protected":false},"excerpt":{"rendered":"<p>HAITUN<\/p>\n","protected":false},"featured_media":454836,"template":"","meta":{"_improvement_type_select":"improve_an_existing","_thumb_yes_seoaic":false,"_frame_yes_seoaic":false,"seoaic_generate_description":"","seoaic_improve_instructions_prompt":"","seoaic_rollback_content_improvement":"","seoaic_idea_thumbnail_generator":"","thumbnail_generated":false,"thumbnail_generate_prompt":"","seoaic_article_description":"","product-afmeting-lengte-mm":"56","product-afmeting-breedte-mm":"56","product-afmeting-hoogte-mm":"56"},"product_brand":[],"product_cat":[1221,3169,1211],"product_tag":[],"class_list":{"0":"post-453657","1":"product","2":"type-product","3":"status-publish","4":"has-post-thumbnail","6":"product_cat-3x3-de","7":"product_cat-haitun-de","8":"product_cat-speedcube-de","9":"pa_merken-haitun-de","11":"first","12":"instock","13":"sale","14":"taxable","15":"shipping-taxable","16":"purchasable","17":"product-type-variable"},"df_price":12.5,"df_sale_price":"","df_regular_price":12.5,"df_image_link":"https:\/\/www.speedcube.nl\/wp-content\/uploads\/2024\/02\/Productvisuals_Speedcubes-HaiTun-WaveRider-V1--285x300.jpg","_links":{"self":[{"href":"https:\/\/www.speedcube.nl\/de\/wp-json\/wp\/v2\/product\/453657","targetHints":{"allow":["GET"]}}],"collection":[{"href":"https:\/\/www.speedcube.nl\/de\/wp-json\/wp\/v2\/product"}],"about":[{"href":"https:\/\/www.speedcube.nl\/de\/wp-json\/wp\/v2\/types\/product"}],"version-history":[{"count":0,"href":"https:\/\/www.speedcube.nl\/de\/wp-json\/wp\/v2\/product\/453657\/revisions"}],"wp:featuredmedia":[{"embeddable":true,"href":"https:\/\/www.speedcube.nl\/de\/wp-json\/wp\/v2\/media\/454836"}],"wp:attachment":[{"href":"https:\/\/www.speedcube.nl\/de\/wp-json\/wp\/v2\/media?parent=453657"}],"wp:term":[{"taxonomy":"product_brand","embeddable":true,"href":"https:\/\/www.speedcube.nl\/de\/wp-json\/wp\/v2\/product_brand?post=453657"},{"taxonomy":"product_cat","embeddable":true,"href":"https:\/\/www.speedcube.nl\/de\/wp-json\/wp\/v2\/product_cat?post=453657"},{"taxonomy":"product_tag","embeddable":true,"href":"https:\/\/www.speedcube.nl\/de\/wp-json\/wp\/v2\/product_tag?post=453657"}],"curies":[{"name":"wp","href":"https:\/\/api.w.org\/{rel}","templated":true}]}}