{"id":453451,"date":"2024-01-30T15:58:30","date_gmt":"2024-01-30T14:58:30","guid":{"rendered":"https:\/\/www.speedcube.nl\/?post_type=product&#038;p=453451"},"modified":"2026-04-28T05:00:38","modified_gmt":"2026-04-28T03:00:38","slug":"moyu-weilong-skewb-maglev-3x3-kopie","status":"publish","type":"product","link":"https:\/\/www.speedcube.nl\/de\/speedcube-de\/moyu-de\/moyu-weilong-skewb-maglev-3x3-kopie\/","title":{"rendered":"MoYu Weilong WRM V9 | 20-Magnet Kugelkern Magnetschwebebahn UV Version"},"content":{"rendered":"<p>Die MoYu Weilong V9 3&#215;3 20-Magnet Ball-core Maglev UV Version bietet alles, was MoYu in Bezug auf 3&#215;3 W\u00fcrfel zu bieten hat. Es verf\u00fcgt \u00fcber einen revolution\u00e4ren 20-Magnet-Kugelkern, der anzieht und abst\u00f6\u00dft, um die Ausrichtung zu unterst\u00fctzen, ein innovatives MagLev-Spannsystem und eine atemberaubende UV-Beschichtung. Wenn Sie ein Fan von MoYu 3&#215;3 W\u00fcrfeln sind, dann ist dies einer f\u00fcr Ihre Sammlung!<\/p>\n","protected":false},"excerpt":{"rendered":"<p>MOYU<\/p>\n","protected":false},"featured_media":454531,"template":"","meta":{"_improvement_type_select":"improve_an_existing","_thumb_yes_seoaic":false,"_frame_yes_seoaic":false,"seoaic_generate_description":"","seoaic_improve_instructions_prompt":"","seoaic_rollback_content_improvement":"","seoaic_idea_thumbnail_generator":"","thumbnail_generated":false,"thumbnail_generate_prompt":"","seoaic_article_description":"","product-afmeting-lengte-mm":"56","product-afmeting-breedte-mm":"56","product-afmeting-hoogte-mm":"56"},"product_brand":[],"product_cat":[1221,1332,1211],"product_tag":[],"class_list":{"0":"post-453451","1":"product","2":"type-product","3":"status-publish","4":"has-post-thumbnail","6":"product_cat-3x3-de","7":"product_cat-moyu-de","8":"product_cat-speedcube-de","9":"pa_merken-moyu-de","11":"first","12":"instock","13":"taxable","14":"shipping-taxable","15":"purchasable","16":"product-type-simple"},"df_price":45.99,"df_sale_price":"","df_regular_price":45.99,"df_image_link":"https:\/\/www.speedcube.nl\/wp-content\/uploads\/2024\/01\/Productvisuals_Speedcubes-MoYu-Weilong-V9-3x3-20-magnet-ball-core-Maglev-UV-version--285x300.jpg","_links":{"self":[{"href":"https:\/\/www.speedcube.nl\/de\/wp-json\/wp\/v2\/product\/453451","targetHints":{"allow":["GET"]}}],"collection":[{"href":"https:\/\/www.speedcube.nl\/de\/wp-json\/wp\/v2\/product"}],"about":[{"href":"https:\/\/www.speedcube.nl\/de\/wp-json\/wp\/v2\/types\/product"}],"version-history":[{"count":0,"href":"https:\/\/www.speedcube.nl\/de\/wp-json\/wp\/v2\/product\/453451\/revisions"}],"wp:featuredmedia":[{"embeddable":true,"href":"https:\/\/www.speedcube.nl\/de\/wp-json\/wp\/v2\/media\/454531"}],"wp:attachment":[{"href":"https:\/\/www.speedcube.nl\/de\/wp-json\/wp\/v2\/media?parent=453451"}],"wp:term":[{"taxonomy":"product_brand","embeddable":true,"href":"https:\/\/www.speedcube.nl\/de\/wp-json\/wp\/v2\/product_brand?post=453451"},{"taxonomy":"product_cat","embeddable":true,"href":"https:\/\/www.speedcube.nl\/de\/wp-json\/wp\/v2\/product_cat?post=453451"},{"taxonomy":"product_tag","embeddable":true,"href":"https:\/\/www.speedcube.nl\/de\/wp-json\/wp\/v2\/product_tag?post=453451"}],"curies":[{"name":"wp","href":"https:\/\/api.w.org\/{rel}","templated":true}]}}