{"id":428654,"date":"2018-10-03T05:50:00","date_gmt":"2018-10-03T03:50:00","guid":{"rendered":"https:\/\/www.speedcube.nl\/unkategorisiert\/yoyofactory-long-spin-oel\/"},"modified":"2026-04-21T05:26:16","modified_gmt":"2026-04-21T03:26:16","slug":"yoyofactory-long-spin-oel","status":"publish","type":"product","link":"https:\/\/www.speedcube.nl\/de\/aanbieding-de\/yoyofactory-long-spin-oel\/","title":{"rendered":"YoYoFactory Long Spin \u00d6l"},"content":{"rendered":"<p>Dieses \u00d6l sorgt daf\u00fcr, dass sich die Lager l\u00e4nger drehen, damit das Spiel reibungslos abl\u00e4uft und die Schwellen l\u00e4nger halten. Schon ein wenig Schmutz im Lager kann seine Funktion stark beeintr\u00e4chtigen oder dazu f\u00fchren, dass Ihr Lager beim Drehen ein seltsames Ger\u00e4usch macht. Wenn das passiert, geben Sie einfach einen Tropfen dieses \u00d6ls auf das Lager und Ihre Probleme verschwinden. Diese kleine Wartungsma\u00dfnahme tr\u00e4gt zur Verl\u00e4ngerung der Lebensdauer der Lager bei. Diejenigen, deren Lager durch Schmutz verloren gegangen sind, m\u00fcssen uns nicht vom Wert dieses \u00d6ls \u00fcberzeugen. Im Vergleich zu einem trockenen Lager wird dieses \u00d6l Ihre langen Schleppz\u00fcge etwas verk\u00fcrzen, aber der Unterschied ist kaum sp\u00fcrbar.<\/p>\n","protected":false},"excerpt":{"rendered":"<p>YOYOFACTORY<\/p>\n","protected":false},"featured_media":372179,"template":"","meta":{"_improvement_type_select":"improve_an_existing","_thumb_yes_seoaic":false,"_frame_yes_seoaic":false,"seoaic_generate_description":"","seoaic_improve_instructions_prompt":"","seoaic_rollback_content_improvement":"","seoaic_idea_thumbnail_generator":"","thumbnail_generated":false,"thumbnail_generate_prompt":"","seoaic_article_description":"","product-afmeting-lengte-mm":"","product-afmeting-breedte-mm":"","product-afmeting-hoogte-mm":""},"product_brand":[],"product_cat":[1238,1462,2558],"product_tag":[],"class_list":{"0":"post-428654","1":"product","2":"type-product","3":"status-publish","4":"has-post-thumbnail","6":"product_cat-yo-yos","7":"product_cat-yoyofactory-de","8":"product_cat-aanbieding-de","9":"pa_merken-yoyofactory-de","11":"first","12":"instock","13":"sale","14":"taxable","15":"shipping-taxable","16":"purchasable","17":"product-type-simple"},"df_price":4.49,"df_sale_price":4.49,"df_regular_price":5.99,"df_image_link":"https:\/\/www.speedcube.nl\/wp-content\/uploads\/2023\/06\/Productvisuals_yoyo-YoYoFactory-Long-Spin-Olie-285x300.jpg","_links":{"self":[{"href":"https:\/\/www.speedcube.nl\/de\/wp-json\/wp\/v2\/product\/428654","targetHints":{"allow":["GET"]}}],"collection":[{"href":"https:\/\/www.speedcube.nl\/de\/wp-json\/wp\/v2\/product"}],"about":[{"href":"https:\/\/www.speedcube.nl\/de\/wp-json\/wp\/v2\/types\/product"}],"version-history":[{"count":0,"href":"https:\/\/www.speedcube.nl\/de\/wp-json\/wp\/v2\/product\/428654\/revisions"}],"wp:featuredmedia":[{"embeddable":true,"href":"https:\/\/www.speedcube.nl\/de\/wp-json\/wp\/v2\/media\/372179"}],"wp:attachment":[{"href":"https:\/\/www.speedcube.nl\/de\/wp-json\/wp\/v2\/media?parent=428654"}],"wp:term":[{"taxonomy":"product_brand","embeddable":true,"href":"https:\/\/www.speedcube.nl\/de\/wp-json\/wp\/v2\/product_brand?post=428654"},{"taxonomy":"product_cat","embeddable":true,"href":"https:\/\/www.speedcube.nl\/de\/wp-json\/wp\/v2\/product_cat?post=428654"},{"taxonomy":"product_tag","embeddable":true,"href":"https:\/\/www.speedcube.nl\/de\/wp-json\/wp\/v2\/product_tag?post=428654"}],"curies":[{"name":"wp","href":"https:\/\/api.w.org\/{rel}","templated":true}]}}